{"id":308,"date":"2023-12-18T17:00:43","date_gmt":"2023-12-18T17:00:43","guid":{"rendered":"http:\/\/atelierypsilon.local\/?post_type=product&#038;p=308"},"modified":"2024-01-22T16:35:26","modified_gmt":"2024-01-22T16:35:26","slug":"pull-ada","status":"publish","type":"product","link":"https:\/\/atelierypsilon.com\/en\/product\/pull-ada\/","title":{"rendered":"PULL ADA"},"content":{"rendered":"<p>Information mati\u00e8res du patron de couture du Pull ADA :<\/p>\n<p>Plusieurs options s\u2019offrent \u00e0 vous pour votre pull, en fonction du style que vous souhaitez lui donner. Vous pouvez opter pour un jersey simple ou un jersey c\u00f4tel\u00e9. Nous vous recommandons de s\u00e9lectionner un tissu relativement souple. \u00c9vitez les mailles trop fermes avec beaucoup d\u2019\u00e9lasthanne, car elles pourraient compromettre l\u2019ajustement du pull et ne pas correspondre au patron pr\u00e9vu.<\/p>\n<p>Voici quelques propositions :<\/p>\n<p><a href=\"https:\/\/www.tessuti.fr\/products\/tissu-maille-jersey-laine-rayures?_pos=1&amp;_sid=9a8965249&amp;_ss=r\">TORRETTO TESSUTI<\/a><\/p>\n<p><a href=\"https:\/\/www.mondialtissus.fr\/maille-jersey-petites-rayures-sable-et-blanc-299268.html\">MONDIAL TISSUS<\/a><\/p>\n<p><a href=\"https:\/\/www.tissus-de-reve.fr\/jersey-imprime-coton\/14944-jersey-100-coton-alida.html\">TISSUS DE R\u00caVE<\/a><\/p>\n<p>Il est crucial de prendre en compte l\u2019\u00e9lasticit\u00e9 du tissu. Je vous recommande de choisir un tissu ayant une \u00e9lasticit\u00e9 moyenne, de pr\u00e9f\u00e9rence sans ou avec une faible teneur en \u00e9lasthanne (moins de 10%). Cela \u00e9vitera que le v\u00eatement ne soit ni trop ample ni trop serr\u00e9, ce qui pourrait le rendre inconfortable \u00e0 porter. Soyez attentif lors de l\u2019analyse de l\u2019\u00e9lasticit\u00e9 : vous pouvez \u00e9tirer le tissu en le tirant l\u00e9g\u00e8rement, mais il ne doit pas se d\u00e9former. Si le tissu se d\u00e9forme, cela signifie que vous<br \/>\navez d\u00e9pass\u00e9 sa capacit\u00e9 d\u2019extensibilit\u00e9. Nous vous recommandons de ne pas opter pour une mati\u00e8re ayant une \u00e9lasticit\u00e9 inf\u00e9rieure \u00e0 50% pour le pull Ada.<\/p>\n<p><a href=\"https:\/\/atelierypsilon.com\/wp-content\/uploads\/2023\/08\/Livret_Page_05.jpg\"><img loading=\"lazy\" decoding=\"async\" class=\"alignnone wp-image-1790 size-medium\" src=\"https:\/\/atelierypsilon.com\/wp-content\/uploads\/2023\/08\/Livret_Page_05-211x300.jpg\" alt=\"Consommable + d\u00e9finir l'\u00e9lasticit\u00e9 de son tissus\" width=\"211\" height=\"300\" srcset=\"https:\/\/atelierypsilon.com\/wp-content\/uploads\/2023\/08\/Livret_Page_05-211x300.jpg 211w, https:\/\/atelierypsilon.com\/wp-content\/uploads\/2023\/08\/Livret_Page_05-722x1024.jpg 722w, https:\/\/atelierypsilon.com\/wp-content\/uploads\/2023\/08\/Livret_Page_05-768x1089.jpg 768w, https:\/\/atelierypsilon.com\/wp-content\/uploads\/2023\/08\/Livret_Page_05-1083x1536.jpg 1083w, https:\/\/atelierypsilon.com\/wp-content\/uploads\/2023\/08\/Livret_Page_05-8x12.jpg 8w, https:\/\/atelierypsilon.com\/wp-content\/uploads\/2023\/08\/Livret_Page_05-300x426.jpg 300w, https:\/\/atelierypsilon.com\/wp-content\/uploads\/2023\/08\/Livret_Page_05-600x851.jpg 600w, https:\/\/atelierypsilon.com\/wp-content\/uploads\/2023\/08\/Livret_Page_05.jpg 1166w\" sizes=\"auto, (max-width: 211px) 100vw, 211px\" \/><\/a> <a href=\"https:\/\/atelierypsilon.com\/wp-content\/uploads\/2023\/08\/Livret_Page_06.jpg\"><img loading=\"lazy\" decoding=\"async\" class=\"alignnone wp-image-1791 size-medium\" src=\"https:\/\/atelierypsilon.com\/wp-content\/uploads\/2023\/08\/Livret_Page_06-211x300.jpg\" alt=\"Guide d'impression\" width=\"211\" height=\"300\" srcset=\"https:\/\/atelierypsilon.com\/wp-content\/uploads\/2023\/08\/Livret_Page_06-211x300.jpg 211w, https:\/\/atelierypsilon.com\/wp-content\/uploads\/2023\/08\/Livret_Page_06-722x1024.jpg 722w, https:\/\/atelierypsilon.com\/wp-content\/uploads\/2023\/08\/Livret_Page_06-768x1089.jpg 768w, https:\/\/atelierypsilon.com\/wp-content\/uploads\/2023\/08\/Livret_Page_06-1083x1536.jpg 1083w, https:\/\/atelierypsilon.com\/wp-content\/uploads\/2023\/08\/Livret_Page_06-8x12.jpg 8w, https:\/\/atelierypsilon.com\/wp-content\/uploads\/2023\/08\/Livret_Page_06-300x426.jpg 300w, https:\/\/atelierypsilon.com\/wp-content\/uploads\/2023\/08\/Livret_Page_06-600x851.jpg 600w, https:\/\/atelierypsilon.com\/wp-content\/uploads\/2023\/08\/Livret_Page_06.jpg 1166w\" sizes=\"auto, (max-width: 211px) 100vw, 211px\" \/><\/a> <a href=\"https:\/\/atelierypsilon.com\/wp-content\/uploads\/2023\/08\/Livret_Page_08.jpg\"><img loading=\"lazy\" decoding=\"async\" class=\"alignnone wp-image-1792 size-medium\" src=\"https:\/\/atelierypsilon.com\/wp-content\/uploads\/2023\/08\/Livret_Page_08-211x300.jpg\" alt=\"Gui de taille + Nomenclature\" width=\"211\" height=\"300\" srcset=\"https:\/\/atelierypsilon.com\/wp-content\/uploads\/2023\/08\/Livret_Page_08-211x300.jpg 211w, https:\/\/atelierypsilon.com\/wp-content\/uploads\/2023\/08\/Livret_Page_08-722x1024.jpg 722w, https:\/\/atelierypsilon.com\/wp-content\/uploads\/2023\/08\/Livret_Page_08-768x1089.jpg 768w, https:\/\/atelierypsilon.com\/wp-content\/uploads\/2023\/08\/Livret_Page_08-1083x1536.jpg 1083w, https:\/\/atelierypsilon.com\/wp-content\/uploads\/2023\/08\/Livret_Page_08-8x12.jpg 8w, https:\/\/atelierypsilon.com\/wp-content\/uploads\/2023\/08\/Livret_Page_08-300x426.jpg 300w, https:\/\/atelierypsilon.com\/wp-content\/uploads\/2023\/08\/Livret_Page_08-600x851.jpg 600w, https:\/\/atelierypsilon.com\/wp-content\/uploads\/2023\/08\/Livret_Page_08.jpg 1166w\" sizes=\"auto, (max-width: 211px) 100vw, 211px\" \/><\/a><\/p>\n<p>TOUTES LES VALEURS DE COUTURES SONT COMPRISES DANS LE PATRON.<\/p>\n<p>FINI LES GRANDS POSTERS AUX RACCORDS IMPOSSIBLES\u00a0 &#8211; UNE SEULE PI\u00c8CE DE PATRON PAR ENSEMBLE DE FEUILLES.<\/p>","protected":false},"excerpt":{"rendered":"<p>Bienvenue dans l&rsquo;univers de patron de couture du pull Ada, o\u00f9 la mode rencontre l&rsquo;intelligence et l&rsquo;audace. Vous avez le choix entre un col montant simple ou un col montant crois\u00e9 pour ce v\u00eatement. Ce pull en maille vous tiendra chaud pendant l&rsquo;hiver tout en vous permettant de rester \u00e9l\u00e9gante.<\/p>\n<p>La principale difficult\u00e9 de ce patron de couture r\u00e9side dans la gestion de la maille au niveau de la machine. Si d&rsquo;aventure vous rencontrez des d\u00e9fis lors de la confection de ce pull, n&rsquo;h\u00e9sitez pas \u00e0 contacter Atelier Ypsilon Patterns sur<a href=\"https:\/\/www.instagram.com\/atelier.ypsilon_patterns\/\"> Instagram.<\/a> Nous sommes l\u00e0 pour vous guider dans la cr\u00e9ation de votre propre chef-d&rsquo;\u0153uvre couture, digne des ic\u00f4nes de style des ann\u00e9es 50.<\/p>","protected":false},"featured_media":1793,"comment_status":"open","ping_status":"closed","template":"","meta":{"_angie_page":false,"jetpack_post_was_ever_published":false},"product_brand":[],"product_cat":[29],"product_tag":[27,28,25,72],"class_list":{"0":"post-308","1":"product","2":"type-product","3":"status-publish","4":"has-post-thumbnail","6":"product_cat-patron-de-couture","7":"product_tag-automne","8":"product_tag-hiver","9":"product_tag-patron","10":"product_tag-pull","12":"first","13":"instock","14":"shipping-taxable","15":"purchasable","16":"product-type-variable"},"yoast_head":"<!-- This site is optimized with the Yoast SEO plugin v27.3 - https:\/\/yoast.com\/product\/yoast-seo-wordpress\/ -->\n<title>PULL ADA - Atelier Ypsilon<\/title>\n<meta name=\"description\" content=\"Patron de couture PDF et POCHETTE du PULL ADA - Explorez l&#039;univers de la couture avec le patron de couture Ada, alliant mode, intelligence et audace.\" \/>\n<meta name=\"robots\" content=\"index, follow, max-snippet:-1, max-image-preview:large, max-video-preview:-1\" \/>\n<link rel=\"canonical\" href=\"https:\/\/atelierypsilon.com\/en\/product\/pull-ada\/\" \/>\n<meta property=\"og:locale\" content=\"en_GB\" \/>\n<meta property=\"og:type\" content=\"article\" \/>\n<meta property=\"og:title\" content=\"PULL ADA - Atelier Ypsilon\" \/>\n<meta property=\"og:description\" content=\"Patron de couture PDF et POCHETTE du PULL ADA - Explorez l&#039;univers de la couture avec le patron de couture Ada, alliant mode, intelligence et audace.\" \/>\n<meta property=\"og:url\" content=\"https:\/\/atelierypsilon.com\/en\/product\/pull-ada\/\" \/>\n<meta property=\"og:site_name\" content=\"Atelier Ypsilon\" \/>\n<meta property=\"article:modified_time\" content=\"2024-01-22T16:35:26+00:00\" \/>\n<meta property=\"og:image\" content=\"https:\/\/atelierypsilon.com\/wp-content\/uploads\/2023\/08\/Livret_Page_01.jpg\" \/>\n\t<meta property=\"og:image:width\" content=\"1166\" \/>\n\t<meta property=\"og:image:height\" content=\"1654\" \/>\n\t<meta property=\"og:image:type\" content=\"image\/jpeg\" \/>\n<meta name=\"twitter:card\" content=\"summary_large_image\" \/>\n<meta name=\"twitter:label1\" content=\"Estimated reading time\" \/>\n\t<meta name=\"twitter:data1\" content=\"2 minutes\" \/>\n<script type=\"application\/ld+json\" class=\"yoast-schema-graph\">{\"@context\":\"https:\\\/\\\/schema.org\",\"@graph\":[{\"@type\":\"WebPage\",\"@id\":\"https:\\\/\\\/atelierypsilon.com\\\/product\\\/pull-ada\\\/\",\"url\":\"https:\\\/\\\/atelierypsilon.com\\\/product\\\/pull-ada\\\/\",\"name\":\"PULL ADA - Atelier Ypsilon\",\"isPartOf\":{\"@id\":\"https:\\\/\\\/atelierypsilon.com\\\/en\\\/#website\"},\"primaryImageOfPage\":{\"@id\":\"https:\\\/\\\/atelierypsilon.com\\\/product\\\/pull-ada\\\/#primaryimage\"},\"image\":{\"@id\":\"https:\\\/\\\/atelierypsilon.com\\\/product\\\/pull-ada\\\/#primaryimage\"},\"thumbnailUrl\":\"https:\\\/\\\/atelierypsilon.com\\\/wp-content\\\/uploads\\\/2023\\\/08\\\/Livret_Page_01.jpg\",\"datePublished\":\"2023-12-18T17:00:43+00:00\",\"dateModified\":\"2024-01-22T16:35:26+00:00\",\"description\":\"Patron de couture PDF et POCHETTE du PULL ADA - Explorez l'univers de la couture avec le patron de couture Ada, alliant mode, intelligence et audace.\",\"breadcrumb\":{\"@id\":\"https:\\\/\\\/atelierypsilon.com\\\/product\\\/pull-ada\\\/#breadcrumb\"},\"inLanguage\":\"en-GB\",\"potentialAction\":[{\"@type\":\"ReadAction\",\"target\":[\"https:\\\/\\\/atelierypsilon.com\\\/product\\\/pull-ada\\\/\"]}]},{\"@type\":\"ImageObject\",\"inLanguage\":\"en-GB\",\"@id\":\"https:\\\/\\\/atelierypsilon.com\\\/product\\\/pull-ada\\\/#primaryimage\",\"url\":\"https:\\\/\\\/atelierypsilon.com\\\/wp-content\\\/uploads\\\/2023\\\/08\\\/Livret_Page_01.jpg\",\"contentUrl\":\"https:\\\/\\\/atelierypsilon.com\\\/wp-content\\\/uploads\\\/2023\\\/08\\\/Livret_Page_01.jpg\",\"width\":1166,\"height\":1654,\"caption\":\"pull ada p1\"},{\"@type\":\"BreadcrumbList\",\"@id\":\"https:\\\/\\\/atelierypsilon.com\\\/product\\\/pull-ada\\\/#breadcrumb\",\"itemListElement\":[{\"@type\":\"ListItem\",\"position\":1,\"name\":\"Accueil\",\"item\":\"https:\\\/\\\/atelierypsilon.com\\\/\"},{\"@type\":\"ListItem\",\"position\":2,\"name\":\"Products\",\"item\":\"https:\\\/\\\/atelierypsilon.com\\\/en\\\/shop\\\/\"},{\"@type\":\"ListItem\",\"position\":3,\"name\":\"PULL ADA\"}]},{\"@type\":\"WebSite\",\"@id\":\"https:\\\/\\\/atelierypsilon.com\\\/en\\\/#website\",\"url\":\"https:\\\/\\\/atelierypsilon.com\\\/en\\\/\",\"name\":\"Atelier Ypsilon\",\"description\":\"\",\"publisher\":{\"@id\":\"https:\\\/\\\/atelierypsilon.com\\\/en\\\/#organization\"},\"potentialAction\":[{\"@type\":\"SearchAction\",\"target\":{\"@type\":\"EntryPoint\",\"urlTemplate\":\"https:\\\/\\\/atelierypsilon.com\\\/en\\\/?s={search_term_string}\"},\"query-input\":{\"@type\":\"PropertyValueSpecification\",\"valueRequired\":true,\"valueName\":\"search_term_string\"}}],\"inLanguage\":\"en-GB\"},{\"@type\":\"Organization\",\"@id\":\"https:\\\/\\\/atelierypsilon.com\\\/en\\\/#organization\",\"name\":\"Atelier Ypsilon\",\"url\":\"https:\\\/\\\/atelierypsilon.com\\\/en\\\/\",\"logo\":{\"@type\":\"ImageObject\",\"inLanguage\":\"en-GB\",\"@id\":\"https:\\\/\\\/atelierypsilon.com\\\/en\\\/#\\\/schema\\\/logo\\\/image\\\/\",\"url\":\"https:\\\/\\\/atelierypsilon.com\\\/wp-content\\\/uploads\\\/2023\\\/08\\\/AY-Logo2022_ay2-1.png\",\"contentUrl\":\"https:\\\/\\\/atelierypsilon.com\\\/wp-content\\\/uploads\\\/2023\\\/08\\\/AY-Logo2022_ay2-1.png\",\"width\":1000,\"height\":250,\"caption\":\"Atelier Ypsilon\"},\"image\":{\"@id\":\"https:\\\/\\\/atelierypsilon.com\\\/en\\\/#\\\/schema\\\/logo\\\/image\\\/\"},\"sameAs\":[\"https:\\\/\\\/www.instagram.com\\\/atelier.ypsilon_patterns\\\/\"]}]}<\/script>\n<!-- \/ Yoast SEO plugin. -->","yoast_head_json":{"title":"PULL ADA - Atelier Ypsilon","description":"Patron de couture PDF et POCHETTE du PULL ADA - Explorez l'univers de la couture avec le patron de couture Ada, alliant mode, intelligence et audace.","robots":{"index":"index","follow":"follow","max-snippet":"max-snippet:-1","max-image-preview":"max-image-preview:large","max-video-preview":"max-video-preview:-1"},"canonical":"https:\/\/atelierypsilon.com\/en\/product\/pull-ada\/","og_locale":"en_GB","og_type":"article","og_title":"PULL ADA - Atelier Ypsilon","og_description":"Patron de couture PDF et POCHETTE du PULL ADA - Explorez l'univers de la couture avec le patron de couture Ada, alliant mode, intelligence et audace.","og_url":"https:\/\/atelierypsilon.com\/en\/product\/pull-ada\/","og_site_name":"Atelier Ypsilon","article_modified_time":"2024-01-22T16:35:26+00:00","og_image":[{"width":1166,"height":1654,"url":"https:\/\/atelierypsilon.com\/wp-content\/uploads\/2023\/08\/Livret_Page_01.jpg","type":"image\/jpeg"}],"twitter_card":"summary_large_image","twitter_misc":{"Estimated reading time":"2 minutes"},"schema":{"@context":"https:\/\/schema.org","@graph":[{"@type":"WebPage","@id":"https:\/\/atelierypsilon.com\/product\/pull-ada\/","url":"https:\/\/atelierypsilon.com\/product\/pull-ada\/","name":"PULL ADA - Atelier Ypsilon","isPartOf":{"@id":"https:\/\/atelierypsilon.com\/en\/#website"},"primaryImageOfPage":{"@id":"https:\/\/atelierypsilon.com\/product\/pull-ada\/#primaryimage"},"image":{"@id":"https:\/\/atelierypsilon.com\/product\/pull-ada\/#primaryimage"},"thumbnailUrl":"https:\/\/atelierypsilon.com\/wp-content\/uploads\/2023\/08\/Livret_Page_01.jpg","datePublished":"2023-12-18T17:00:43+00:00","dateModified":"2024-01-22T16:35:26+00:00","description":"Patron de couture PDF et POCHETTE du PULL ADA - Explorez l'univers de la couture avec le patron de couture Ada, alliant mode, intelligence et audace.","breadcrumb":{"@id":"https:\/\/atelierypsilon.com\/product\/pull-ada\/#breadcrumb"},"inLanguage":"en-GB","potentialAction":[{"@type":"ReadAction","target":["https:\/\/atelierypsilon.com\/product\/pull-ada\/"]}]},{"@type":"ImageObject","inLanguage":"en-GB","@id":"https:\/\/atelierypsilon.com\/product\/pull-ada\/#primaryimage","url":"https:\/\/atelierypsilon.com\/wp-content\/uploads\/2023\/08\/Livret_Page_01.jpg","contentUrl":"https:\/\/atelierypsilon.com\/wp-content\/uploads\/2023\/08\/Livret_Page_01.jpg","width":1166,"height":1654,"caption":"pull ada p1"},{"@type":"BreadcrumbList","@id":"https:\/\/atelierypsilon.com\/product\/pull-ada\/#breadcrumb","itemListElement":[{"@type":"ListItem","position":1,"name":"Accueil","item":"https:\/\/atelierypsilon.com\/"},{"@type":"ListItem","position":2,"name":"Products","item":"https:\/\/atelierypsilon.com\/en\/shop\/"},{"@type":"ListItem","position":3,"name":"PULL ADA"}]},{"@type":"WebSite","@id":"https:\/\/atelierypsilon.com\/en\/#website","url":"https:\/\/atelierypsilon.com\/en\/","name":"Atelier Ypsilon","description":"","publisher":{"@id":"https:\/\/atelierypsilon.com\/en\/#organization"},"potentialAction":[{"@type":"SearchAction","target":{"@type":"EntryPoint","urlTemplate":"https:\/\/atelierypsilon.com\/en\/?s={search_term_string}"},"query-input":{"@type":"PropertyValueSpecification","valueRequired":true,"valueName":"search_term_string"}}],"inLanguage":"en-GB"},{"@type":"Organization","@id":"https:\/\/atelierypsilon.com\/en\/#organization","name":"Atelier Ypsilon","url":"https:\/\/atelierypsilon.com\/en\/","logo":{"@type":"ImageObject","inLanguage":"en-GB","@id":"https:\/\/atelierypsilon.com\/en\/#\/schema\/logo\/image\/","url":"https:\/\/atelierypsilon.com\/wp-content\/uploads\/2023\/08\/AY-Logo2022_ay2-1.png","contentUrl":"https:\/\/atelierypsilon.com\/wp-content\/uploads\/2023\/08\/AY-Logo2022_ay2-1.png","width":1000,"height":250,"caption":"Atelier Ypsilon"},"image":{"@id":"https:\/\/atelierypsilon.com\/en\/#\/schema\/logo\/image\/"},"sameAs":["https:\/\/www.instagram.com\/atelier.ypsilon_patterns\/"]}]}},"jetpack_sharing_enabled":true,"_links":{"self":[{"href":"https:\/\/atelierypsilon.com\/en\/wp-json\/wp\/v2\/product\/308","targetHints":{"allow":["GET"]}}],"collection":[{"href":"https:\/\/atelierypsilon.com\/en\/wp-json\/wp\/v2\/product"}],"about":[{"href":"https:\/\/atelierypsilon.com\/en\/wp-json\/wp\/v2\/types\/product"}],"replies":[{"embeddable":true,"href":"https:\/\/atelierypsilon.com\/en\/wp-json\/wp\/v2\/comments?post=308"}],"wp:featuredmedia":[{"embeddable":true,"href":"https:\/\/atelierypsilon.com\/en\/wp-json\/wp\/v2\/media\/1793"}],"wp:attachment":[{"href":"https:\/\/atelierypsilon.com\/en\/wp-json\/wp\/v2\/media?parent=308"}],"wp:term":[{"taxonomy":"product_brand","embeddable":true,"href":"https:\/\/atelierypsilon.com\/en\/wp-json\/wp\/v2\/product_brand?post=308"},{"taxonomy":"product_cat","embeddable":true,"href":"https:\/\/atelierypsilon.com\/en\/wp-json\/wp\/v2\/product_cat?post=308"},{"taxonomy":"product_tag","embeddable":true,"href":"https:\/\/atelierypsilon.com\/en\/wp-json\/wp\/v2\/product_tag?post=308"}],"curies":[{"name":"wp","href":"https:\/\/api.w.org\/{rel}","templated":true}]}}