{"id":295,"date":"2023-08-11T12:40:27","date_gmt":"2023-08-11T12:40:27","guid":{"rendered":"http:\/\/atelierypsilon.local\/?post_type=product&#038;p=295"},"modified":"2024-01-22T16:33:30","modified_gmt":"2024-01-22T16:33:30","slug":"manteau-artemise","status":"publish","type":"product","link":"https:\/\/atelierypsilon.com\/en\/product\/manteau-artemise\/","title":{"rendered":"Manteau Artemisia"},"content":{"rendered":"<p>TOUTES LES VALEURS DE COUTURES SONT COMPRISES DANS LE PATRON.<\/p>\n<p>FINI LES GRAND POSTER AUX RACCORDS IMPOSSIBLES\u00a0 &#8211; UNE SEULE PI\u00c8CE DE PATRON PAR ENSEMBLE DE FEUILLES.<\/p>\n<p><a href=\"https:\/\/atelierypsilon.com\/wp-content\/uploads\/2023\/08\/Pages-de-Livret-2_Page_1.jpg\"><img loading=\"lazy\" decoding=\"async\" class=\"alignnone wp-image-1643 size-medium\" src=\"https:\/\/atelierypsilon.com\/wp-content\/uploads\/2023\/10\/Livret6.png\" alt=\"\" width=\"211\" height=\"300\" srcset=\"https:\/\/atelierypsilon.com\/wp-content\/uploads\/2023\/10\/Livret6.png 3496w, https:\/\/atelierypsilon.com\/wp-content\/uploads\/2023\/10\/Livret6-211x300.png 211w, https:\/\/atelierypsilon.com\/wp-content\/uploads\/2023\/10\/Livret6-722x1024.png 722w, https:\/\/atelierypsilon.com\/wp-content\/uploads\/2023\/10\/Livret6-768x1090.png 768w, https:\/\/atelierypsilon.com\/wp-content\/uploads\/2023\/10\/Livret6-1082x1536.png 1082w, https:\/\/atelierypsilon.com\/wp-content\/uploads\/2023\/10\/Livret6-1443x2048.png 1443w, https:\/\/atelierypsilon.com\/wp-content\/uploads\/2023\/10\/Livret6-8x12.png 8w, https:\/\/atelierypsilon.com\/wp-content\/uploads\/2023\/10\/Livret6-300x426.png 300w, https:\/\/atelierypsilon.com\/wp-content\/uploads\/2023\/10\/Livret6-600x851.png 600w\" sizes=\"auto, (max-width: 211px) 100vw, 211px\" \/><\/a> <a href=\"https:\/\/atelierypsilon.com\/wp-content\/uploads\/2023\/08\/Pages-de-Livret-2_Page_2.jpg\"><img loading=\"lazy\" decoding=\"async\" class=\"alignnone wp-image-1644 size-medium\" src=\"https:\/\/atelierypsilon.com\/wp-content\/uploads\/2023\/08\/Pages-de-Livret-2_Page_2-211x300.jpg\" alt=\"\" width=\"211\" height=\"300\" srcset=\"https:\/\/atelierypsilon.com\/wp-content\/uploads\/2023\/08\/Pages-de-Livret-2_Page_2-211x300.jpg 211w, https:\/\/atelierypsilon.com\/wp-content\/uploads\/2023\/08\/Pages-de-Livret-2_Page_2-722x1024.jpg 722w, https:\/\/atelierypsilon.com\/wp-content\/uploads\/2023\/08\/Pages-de-Livret-2_Page_2-768x1089.jpg 768w, https:\/\/atelierypsilon.com\/wp-content\/uploads\/2023\/08\/Pages-de-Livret-2_Page_2-1083x1536.jpg 1083w, https:\/\/atelierypsilon.com\/wp-content\/uploads\/2023\/08\/Pages-de-Livret-2_Page_2-8x12.jpg 8w, https:\/\/atelierypsilon.com\/wp-content\/uploads\/2023\/08\/Pages-de-Livret-2_Page_2-300x426.jpg 300w, https:\/\/atelierypsilon.com\/wp-content\/uploads\/2023\/08\/Pages-de-Livret-2_Page_2-600x851.jpg 600w, https:\/\/atelierypsilon.com\/wp-content\/uploads\/2023\/08\/Pages-de-Livret-2_Page_2.jpg 1166w\" sizes=\"auto, (max-width: 211px) 100vw, 211px\" \/><\/a> <a href=\"https:\/\/atelierypsilon.com\/wp-content\/uploads\/2023\/08\/Pages-de-Livret-2_Page_3.jpg\"><img loading=\"lazy\" decoding=\"async\" class=\"alignnone wp-image-1645 size-medium\" src=\"https:\/\/atelierypsilon.com\/wp-content\/uploads\/2023\/10\/Livret11.png\" alt=\"\" width=\"211\" height=\"300\" srcset=\"https:\/\/atelierypsilon.com\/wp-content\/uploads\/2023\/10\/Livret11.png 3496w, https:\/\/atelierypsilon.com\/wp-content\/uploads\/2023\/10\/Livret11-211x300.png 211w, https:\/\/atelierypsilon.com\/wp-content\/uploads\/2023\/10\/Livret11-722x1024.png 722w, https:\/\/atelierypsilon.com\/wp-content\/uploads\/2023\/10\/Livret11-768x1090.png 768w, https:\/\/atelierypsilon.com\/wp-content\/uploads\/2023\/10\/Livret11-1082x1536.png 1082w, https:\/\/atelierypsilon.com\/wp-content\/uploads\/2023\/10\/Livret11-1443x2048.png 1443w, https:\/\/atelierypsilon.com\/wp-content\/uploads\/2023\/10\/Livret11-8x12.png 8w, https:\/\/atelierypsilon.com\/wp-content\/uploads\/2023\/10\/Livret11-300x426.png 300w, https:\/\/atelierypsilon.com\/wp-content\/uploads\/2023\/10\/Livret11-600x851.png 600w\" sizes=\"auto, (max-width: 211px) 100vw, 211px\" \/><\/a> <a href=\"https:\/\/atelierypsilon.com\/wp-content\/uploads\/2023\/08\/Pages-de-Livret-3.jpg\"><img loading=\"lazy\" decoding=\"async\" class=\"alignnone wp-image-1647 size-medium\" src=\"https:\/\/atelierypsilon.com\/wp-content\/uploads\/2023\/10\/Livret9.png\" alt=\"\" width=\"211\" height=\"300\" srcset=\"https:\/\/atelierypsilon.com\/wp-content\/uploads\/2023\/10\/Livret9.png 3496w, https:\/\/atelierypsilon.com\/wp-content\/uploads\/2023\/10\/Livret9-211x300.png 211w, https:\/\/atelierypsilon.com\/wp-content\/uploads\/2023\/10\/Livret9-722x1024.png 722w, https:\/\/atelierypsilon.com\/wp-content\/uploads\/2023\/10\/Livret9-768x1090.png 768w, https:\/\/atelierypsilon.com\/wp-content\/uploads\/2023\/10\/Livret9-1082x1536.png 1082w, https:\/\/atelierypsilon.com\/wp-content\/uploads\/2023\/10\/Livret9-1443x2048.png 1443w, https:\/\/atelierypsilon.com\/wp-content\/uploads\/2023\/10\/Livret9-8x12.png 8w, https:\/\/atelierypsilon.com\/wp-content\/uploads\/2023\/10\/Livret9-300x426.png 300w, https:\/\/atelierypsilon.com\/wp-content\/uploads\/2023\/10\/Livret9-600x851.png 600w\" sizes=\"auto, (max-width: 211px) 100vw, 211px\" \/><\/a><\/p>\n<p>&nbsp;<\/p>","protected":false},"excerpt":{"rendered":"<p>Discover the Artemisia Coat, an exquisite tribute to the timeless charms of the 1950s. Its mid-length silhouette and front buttoning exude classic elegance, while the asymmetrical bib adds an irresistible touch of sophistication.<\/p>\n<p>Ce manteau est bien plus qu&rsquo;un simple v\u00eatement d&rsquo;ext\u00e9rieur. Son charme r\u00e9side dans les d\u00e9tails soigneusement pens\u00e9s, notamment les \u00e9paulettes qui conf\u00e8rent une carrure impressionnante, donnant \u00e0 celle qui le porte une allure \u00e9l\u00e9gante et confiante.<\/p>\n<p>L&rsquo;Artemisia est le choix parfait pour les saisons automnales et hivernales. Son style intemporel et sa conception soign\u00e9e en font une pi\u00e8ce polyvalente pour votre garde-robe. Ce manteau incarne l&rsquo;\u00e9l\u00e9gance intemporelle tout en vous maintenant au chaud lors des journ\u00e9es fra\u00eeches.<\/p>\n<p>Les points complexes sont dans la sym\u00e9trie du col et l&rsquo;assemblage d\u00e9licat de la doublure qui exigent pr\u00e9cision et dext\u00e9rit\u00e9.<\/p>\n<p>Si jamais vous rencontrez des difficult\u00e9s lors de la confection de ce manteau, n&rsquo;h\u00e9sitez pas \u00e0 consulter le SEW ALONG ou \u00e0 contacter Atelier Ypsilon Patterns sur Instagram. Nous sommes l\u00e0 pour vous aider \u00e0 cr\u00e9er votre propre chef-d&rsquo;\u0153uvre de couture, digne des ic\u00f4nes de style des ann\u00e9es 50.<\/p>","protected":false},"featured_media":1718,"comment_status":"open","ping_status":"closed","template":"","meta":{"_angie_page":false,"jetpack_post_was_ever_published":false},"product_brand":[],"product_cat":[29],"product_tag":[27,28,26,25],"class_list":{"0":"post-295","1":"product","2":"type-product","3":"status-publish","4":"has-post-thumbnail","6":"product_cat-patron-de-couture","7":"product_tag-automne","8":"product_tag-hiver","9":"product_tag-manteau","10":"product_tag-patron","12":"first","13":"instock","14":"shipping-taxable","15":"purchasable","16":"product-type-variable"},"yoast_head":"<!-- This site is optimized with the Yoast SEO plugin v27.3 - https:\/\/yoast.com\/product\/yoast-seo-wordpress\/ -->\n<title>Manteau Artemisia - Atelier Ypsilon<\/title>\n<meta name=\"robots\" content=\"index, follow, max-snippet:-1, max-image-preview:large, max-video-preview:-1\" \/>\n<link rel=\"canonical\" href=\"https:\/\/atelierypsilon.com\/en\/product\/manteau-artemise\/\" \/>\n<meta property=\"og:locale\" content=\"en_GB\" \/>\n<meta property=\"og:type\" content=\"article\" \/>\n<meta property=\"og:title\" content=\"Manteau Artemisia - Atelier Ypsilon\" \/>\n<meta property=\"og:description\" content=\"D\u00e9couvrez le Manteau Artemisia, un hommage exquis aux charmes intemporels des ann\u00e9es 50. Sa silhouette mi-longue et son boutonnage frontal d\u00e9gagent une \u00e9l\u00e9gance classique, tandis que le bavolet asym\u00e9trique ajoute une touche de sophistication irr\u00e9sistible.  Ce manteau est bien plus qu&#039;un simple v\u00eatement d&#039;ext\u00e9rieur. Son charme r\u00e9side dans les d\u00e9tails soigneusement pens\u00e9s, notamment les \u00e9paulettes qui conf\u00e8rent une carrure impressionnante, donnant \u00e0 celle qui le porte une allure \u00e9l\u00e9gante et confiante.  L&#039;Artemisia est le choix parfait pour les saisons automnales et hivernales. Son style intemporel et sa conception soign\u00e9e en font une pi\u00e8ce polyvalente pour votre garde-robe. Ce manteau incarne l&#039;\u00e9l\u00e9gance intemporelle tout en vous maintenant au chaud lors des journ\u00e9es fra\u00eeches.  Les points complexes sont dans la sym\u00e9trie du col et l&#039;assemblage d\u00e9licat de la doublure qui exigent pr\u00e9cision et dext\u00e9rit\u00e9.  Si jamais vous rencontrez des difficult\u00e9s lors de la confection de ce manteau, n&#039;h\u00e9sitez pas \u00e0 consulter le SEW ALONG ou \u00e0 contacter Atelier Ypsilon Patterns sur Instagram. Nous sommes l\u00e0 pour vous aider \u00e0 cr\u00e9er votre propre chef-d&#039;\u0153uvre de couture, digne des ic\u00f4nes de style des ann\u00e9es 50.\" \/>\n<meta property=\"og:url\" content=\"https:\/\/atelierypsilon.com\/en\/product\/manteau-artemise\/\" \/>\n<meta property=\"og:site_name\" content=\"Atelier Ypsilon\" \/>\n<meta property=\"article:modified_time\" content=\"2024-01-22T16:33:30+00:00\" \/>\n<meta property=\"og:image\" content=\"https:\/\/atelierypsilon.com\/wp-content\/uploads\/2023\/08\/Livret.png\" \/>\n\t<meta property=\"og:image:width\" content=\"1748\" \/>\n\t<meta property=\"og:image:height\" content=\"2480\" \/>\n\t<meta property=\"og:image:type\" content=\"image\/png\" \/>\n<meta name=\"twitter:card\" content=\"summary_large_image\" \/>\n<meta name=\"twitter:label1\" content=\"Estimated reading time\" \/>\n\t<meta name=\"twitter:data1\" content=\"2 minutes\" \/>\n<script type=\"application\/ld+json\" class=\"yoast-schema-graph\">{\"@context\":\"https:\\\/\\\/schema.org\",\"@graph\":[{\"@type\":\"WebPage\",\"@id\":\"https:\\\/\\\/atelierypsilon.com\\\/product\\\/manteau-artemise\\\/\",\"url\":\"https:\\\/\\\/atelierypsilon.com\\\/product\\\/manteau-artemise\\\/\",\"name\":\"Manteau Artemisia - Atelier Ypsilon\",\"isPartOf\":{\"@id\":\"https:\\\/\\\/atelierypsilon.com\\\/en\\\/#website\"},\"primaryImageOfPage\":{\"@id\":\"https:\\\/\\\/atelierypsilon.com\\\/product\\\/manteau-artemise\\\/#primaryimage\"},\"image\":{\"@id\":\"https:\\\/\\\/atelierypsilon.com\\\/product\\\/manteau-artemise\\\/#primaryimage\"},\"thumbnailUrl\":\"https:\\\/\\\/atelierypsilon.com\\\/wp-content\\\/uploads\\\/2023\\\/08\\\/Livret.png\",\"datePublished\":\"2023-08-11T12:40:27+00:00\",\"dateModified\":\"2024-01-22T16:33:30+00:00\",\"breadcrumb\":{\"@id\":\"https:\\\/\\\/atelierypsilon.com\\\/product\\\/manteau-artemise\\\/#breadcrumb\"},\"inLanguage\":\"en-GB\",\"potentialAction\":[{\"@type\":\"ReadAction\",\"target\":[\"https:\\\/\\\/atelierypsilon.com\\\/product\\\/manteau-artemise\\\/\"]}]},{\"@type\":\"ImageObject\",\"inLanguage\":\"en-GB\",\"@id\":\"https:\\\/\\\/atelierypsilon.com\\\/product\\\/manteau-artemise\\\/#primaryimage\",\"url\":\"https:\\\/\\\/atelierypsilon.com\\\/wp-content\\\/uploads\\\/2023\\\/08\\\/Livret.png\",\"contentUrl\":\"https:\\\/\\\/atelierypsilon.com\\\/wp-content\\\/uploads\\\/2023\\\/08\\\/Livret.png\",\"width\":1748,\"height\":2480},{\"@type\":\"BreadcrumbList\",\"@id\":\"https:\\\/\\\/atelierypsilon.com\\\/product\\\/manteau-artemise\\\/#breadcrumb\",\"itemListElement\":[{\"@type\":\"ListItem\",\"position\":1,\"name\":\"Accueil\",\"item\":\"https:\\\/\\\/atelierypsilon.com\\\/\"},{\"@type\":\"ListItem\",\"position\":2,\"name\":\"Products\",\"item\":\"https:\\\/\\\/atelierypsilon.com\\\/en\\\/shop\\\/\"},{\"@type\":\"ListItem\",\"position\":3,\"name\":\"Manteau Artemisia\"}]},{\"@type\":\"WebSite\",\"@id\":\"https:\\\/\\\/atelierypsilon.com\\\/en\\\/#website\",\"url\":\"https:\\\/\\\/atelierypsilon.com\\\/en\\\/\",\"name\":\"Atelier Ypsilon\",\"description\":\"\",\"publisher\":{\"@id\":\"https:\\\/\\\/atelierypsilon.com\\\/en\\\/#organization\"},\"potentialAction\":[{\"@type\":\"SearchAction\",\"target\":{\"@type\":\"EntryPoint\",\"urlTemplate\":\"https:\\\/\\\/atelierypsilon.com\\\/en\\\/?s={search_term_string}\"},\"query-input\":{\"@type\":\"PropertyValueSpecification\",\"valueRequired\":true,\"valueName\":\"search_term_string\"}}],\"inLanguage\":\"en-GB\"},{\"@type\":\"Organization\",\"@id\":\"https:\\\/\\\/atelierypsilon.com\\\/en\\\/#organization\",\"name\":\"Atelier Ypsilon\",\"url\":\"https:\\\/\\\/atelierypsilon.com\\\/en\\\/\",\"logo\":{\"@type\":\"ImageObject\",\"inLanguage\":\"en-GB\",\"@id\":\"https:\\\/\\\/atelierypsilon.com\\\/en\\\/#\\\/schema\\\/logo\\\/image\\\/\",\"url\":\"https:\\\/\\\/atelierypsilon.com\\\/wp-content\\\/uploads\\\/2023\\\/08\\\/AY-Logo2022_ay2-1.png\",\"contentUrl\":\"https:\\\/\\\/atelierypsilon.com\\\/wp-content\\\/uploads\\\/2023\\\/08\\\/AY-Logo2022_ay2-1.png\",\"width\":1000,\"height\":250,\"caption\":\"Atelier Ypsilon\"},\"image\":{\"@id\":\"https:\\\/\\\/atelierypsilon.com\\\/en\\\/#\\\/schema\\\/logo\\\/image\\\/\"},\"sameAs\":[\"https:\\\/\\\/www.instagram.com\\\/atelier.ypsilon_patterns\\\/\"]}]}<\/script>\n<!-- \/ Yoast SEO plugin. -->","yoast_head_json":{"title":"Manteau Artemisia - Atelier Ypsilon","robots":{"index":"index","follow":"follow","max-snippet":"max-snippet:-1","max-image-preview":"max-image-preview:large","max-video-preview":"max-video-preview:-1"},"canonical":"https:\/\/atelierypsilon.com\/en\/product\/manteau-artemise\/","og_locale":"en_GB","og_type":"article","og_title":"Manteau Artemisia - Atelier Ypsilon","og_description":"D\u00e9couvrez le Manteau Artemisia, un hommage exquis aux charmes intemporels des ann\u00e9es 50. Sa silhouette mi-longue et son boutonnage frontal d\u00e9gagent une \u00e9l\u00e9gance classique, tandis que le bavolet asym\u00e9trique ajoute une touche de sophistication irr\u00e9sistible.  Ce manteau est bien plus qu'un simple v\u00eatement d'ext\u00e9rieur. Son charme r\u00e9side dans les d\u00e9tails soigneusement pens\u00e9s, notamment les \u00e9paulettes qui conf\u00e8rent une carrure impressionnante, donnant \u00e0 celle qui le porte une allure \u00e9l\u00e9gante et confiante.  L'Artemisia est le choix parfait pour les saisons automnales et hivernales. Son style intemporel et sa conception soign\u00e9e en font une pi\u00e8ce polyvalente pour votre garde-robe. Ce manteau incarne l'\u00e9l\u00e9gance intemporelle tout en vous maintenant au chaud lors des journ\u00e9es fra\u00eeches.  Les points complexes sont dans la sym\u00e9trie du col et l'assemblage d\u00e9licat de la doublure qui exigent pr\u00e9cision et dext\u00e9rit\u00e9.  Si jamais vous rencontrez des difficult\u00e9s lors de la confection de ce manteau, n'h\u00e9sitez pas \u00e0 consulter le SEW ALONG ou \u00e0 contacter Atelier Ypsilon Patterns sur Instagram. Nous sommes l\u00e0 pour vous aider \u00e0 cr\u00e9er votre propre chef-d'\u0153uvre de couture, digne des ic\u00f4nes de style des ann\u00e9es 50.","og_url":"https:\/\/atelierypsilon.com\/en\/product\/manteau-artemise\/","og_site_name":"Atelier Ypsilon","article_modified_time":"2024-01-22T16:33:30+00:00","og_image":[{"width":1748,"height":2480,"url":"https:\/\/atelierypsilon.com\/wp-content\/uploads\/2023\/08\/Livret.png","type":"image\/png"}],"twitter_card":"summary_large_image","twitter_misc":{"Estimated reading time":"2 minutes"},"schema":{"@context":"https:\/\/schema.org","@graph":[{"@type":"WebPage","@id":"https:\/\/atelierypsilon.com\/product\/manteau-artemise\/","url":"https:\/\/atelierypsilon.com\/product\/manteau-artemise\/","name":"Manteau Artemisia - Atelier Ypsilon","isPartOf":{"@id":"https:\/\/atelierypsilon.com\/en\/#website"},"primaryImageOfPage":{"@id":"https:\/\/atelierypsilon.com\/product\/manteau-artemise\/#primaryimage"},"image":{"@id":"https:\/\/atelierypsilon.com\/product\/manteau-artemise\/#primaryimage"},"thumbnailUrl":"https:\/\/atelierypsilon.com\/wp-content\/uploads\/2023\/08\/Livret.png","datePublished":"2023-08-11T12:40:27+00:00","dateModified":"2024-01-22T16:33:30+00:00","breadcrumb":{"@id":"https:\/\/atelierypsilon.com\/product\/manteau-artemise\/#breadcrumb"},"inLanguage":"en-GB","potentialAction":[{"@type":"ReadAction","target":["https:\/\/atelierypsilon.com\/product\/manteau-artemise\/"]}]},{"@type":"ImageObject","inLanguage":"en-GB","@id":"https:\/\/atelierypsilon.com\/product\/manteau-artemise\/#primaryimage","url":"https:\/\/atelierypsilon.com\/wp-content\/uploads\/2023\/08\/Livret.png","contentUrl":"https:\/\/atelierypsilon.com\/wp-content\/uploads\/2023\/08\/Livret.png","width":1748,"height":2480},{"@type":"BreadcrumbList","@id":"https:\/\/atelierypsilon.com\/product\/manteau-artemise\/#breadcrumb","itemListElement":[{"@type":"ListItem","position":1,"name":"Accueil","item":"https:\/\/atelierypsilon.com\/"},{"@type":"ListItem","position":2,"name":"Products","item":"https:\/\/atelierypsilon.com\/en\/shop\/"},{"@type":"ListItem","position":3,"name":"Manteau Artemisia"}]},{"@type":"WebSite","@id":"https:\/\/atelierypsilon.com\/en\/#website","url":"https:\/\/atelierypsilon.com\/en\/","name":"Atelier Ypsilon","description":"","publisher":{"@id":"https:\/\/atelierypsilon.com\/en\/#organization"},"potentialAction":[{"@type":"SearchAction","target":{"@type":"EntryPoint","urlTemplate":"https:\/\/atelierypsilon.com\/en\/?s={search_term_string}"},"query-input":{"@type":"PropertyValueSpecification","valueRequired":true,"valueName":"search_term_string"}}],"inLanguage":"en-GB"},{"@type":"Organization","@id":"https:\/\/atelierypsilon.com\/en\/#organization","name":"Atelier Ypsilon","url":"https:\/\/atelierypsilon.com\/en\/","logo":{"@type":"ImageObject","inLanguage":"en-GB","@id":"https:\/\/atelierypsilon.com\/en\/#\/schema\/logo\/image\/","url":"https:\/\/atelierypsilon.com\/wp-content\/uploads\/2023\/08\/AY-Logo2022_ay2-1.png","contentUrl":"https:\/\/atelierypsilon.com\/wp-content\/uploads\/2023\/08\/AY-Logo2022_ay2-1.png","width":1000,"height":250,"caption":"Atelier Ypsilon"},"image":{"@id":"https:\/\/atelierypsilon.com\/en\/#\/schema\/logo\/image\/"},"sameAs":["https:\/\/www.instagram.com\/atelier.ypsilon_patterns\/"]}]}},"jetpack_sharing_enabled":true,"_links":{"self":[{"href":"https:\/\/atelierypsilon.com\/en\/wp-json\/wp\/v2\/product\/295","targetHints":{"allow":["GET"]}}],"collection":[{"href":"https:\/\/atelierypsilon.com\/en\/wp-json\/wp\/v2\/product"}],"about":[{"href":"https:\/\/atelierypsilon.com\/en\/wp-json\/wp\/v2\/types\/product"}],"replies":[{"embeddable":true,"href":"https:\/\/atelierypsilon.com\/en\/wp-json\/wp\/v2\/comments?post=295"}],"wp:featuredmedia":[{"embeddable":true,"href":"https:\/\/atelierypsilon.com\/en\/wp-json\/wp\/v2\/media\/1718"}],"wp:attachment":[{"href":"https:\/\/atelierypsilon.com\/en\/wp-json\/wp\/v2\/media?parent=295"}],"wp:term":[{"taxonomy":"product_brand","embeddable":true,"href":"https:\/\/atelierypsilon.com\/en\/wp-json\/wp\/v2\/product_brand?post=295"},{"taxonomy":"product_cat","embeddable":true,"href":"https:\/\/atelierypsilon.com\/en\/wp-json\/wp\/v2\/product_cat?post=295"},{"taxonomy":"product_tag","embeddable":true,"href":"https:\/\/atelierypsilon.com\/en\/wp-json\/wp\/v2\/product_tag?post=295"}],"curies":[{"name":"wp","href":"https:\/\/api.w.org\/{rel}","templated":true}]}}