{"id":1975,"date":"2024-04-14T15:30:12","date_gmt":"2024-04-14T15:30:12","guid":{"rendered":"https:\/\/atelierypsilon.com\/?post_type=product&#038;p=1975"},"modified":"2024-12-10T09:40:44","modified_gmt":"2024-12-10T09:40:44","slug":"robe-parme","status":"publish","type":"product","link":"https:\/\/atelierypsilon.com\/en\/product\/robe-parme\/","title":{"rendered":"ROBE PARME"},"content":{"rendered":"<p>Information mati\u00e8res du patron de couture de la Robe PARME :<\/p>\n<p>Le choix des mati\u00e8res pour ce mod\u00e8le est tr\u00e8s flexible. Vous pouvez opter pour des textures fluides ou plus rigides, voire vous laisser tenter par des combinaisons de mati\u00e8res. \u00c0 partir du moment o\u00f9 votre mati\u00e8re est fine, les possibilit\u00e9s sont infinies.<\/p>\n<p>Voici quelques propositions :<\/p>\n<p><a href=\"https:\/\/mylittlefabricshop.com\/products\/embroidered-cotton-voile-ivory?_pos=14&amp;_sid=baee5aae3&amp;_ss=r\" target=\"_blank\" rel=\"noopener\">MY LITTLE FABRIC SHOP<\/a><\/p>\n<p><a href=\"https:\/\/atelierbrunette.com\/fr\/crepe-de-viscose\/96-atelier-brunette-tissu-crepe-amarante-1120161230081.html\" target=\"_blank\" rel=\"noopener\">ATELIER BRUNETTE<\/a><\/p>\n<p><a href=\"https:\/\/www.chienvert.com\/fr\/twill-de-soie\/27721-twill-de-soie-uni-rose.html\" target=\"_blank\" rel=\"noopener\">CHIEN VERT<\/a> \/ <a href=\"https:\/\/www.chienvert.com\/fr\/mousseline-de-soie-motifs\/27584-mousseline-de-soie-rose.html\" target=\"_blank\" rel=\"noopener\">CHIEN VERT<\/a><\/p>\n<p>La cl\u00e9 r\u00e9side dans le choix d\u2019une mati\u00e8re \u00e0 la fois l\u00e9g\u00e8re et fine. Optez, par exemple, pour la confection de votre mod\u00e8le avec des draps de laine fins pour l\u2019automne, ou bien explorez des options telles que le satin de viscose ou une cotonnade. N\u2019h\u00e9sitez pas \u00e0 laisser libre cours \u00e0 votre cr\u00e9ativit\u00e9 en exp\u00e9rimentant des combinaisons de mati\u00e8res, voire m\u00eame en int\u00e9grant des \u00e9l\u00e9ments de transparence ! N&rsquo;h\u00e9sites pas \u00e0 sublimer votre robe PARME selon vos go\u00fbts.<\/p>\n<p><a href=\"https:\/\/atelierypsilon.com\/wp-content\/uploads\/2024\/04\/Livret-BLOUSE-PARME-Surface-Yolaine_Page_05.png\"><img loading=\"lazy\" decoding=\"async\" class=\"alignnone wp-image-1980\" src=\"https:\/\/atelierypsilon.com\/wp-content\/uploads\/2024\/04\/Livret-BLOUSE-PARME-Surface-Yolaine_Page_05-213x300.png\" alt=\"LES CONSOMMABLES\" width=\"170\" height=\"239\" srcset=\"https:\/\/atelierypsilon.com\/wp-content\/uploads\/2024\/04\/Livret-BLOUSE-PARME-Surface-Yolaine_Page_05-213x300.png 213w, https:\/\/atelierypsilon.com\/wp-content\/uploads\/2024\/04\/Livret-BLOUSE-PARME-Surface-Yolaine_Page_05-727x1024.png 727w, https:\/\/atelierypsilon.com\/wp-content\/uploads\/2024\/04\/Livret-BLOUSE-PARME-Surface-Yolaine_Page_05-768x1082.png 768w, https:\/\/atelierypsilon.com\/wp-content\/uploads\/2024\/04\/Livret-BLOUSE-PARME-Surface-Yolaine_Page_05-1091x1536.png 1091w, https:\/\/atelierypsilon.com\/wp-content\/uploads\/2024\/04\/Livret-BLOUSE-PARME-Surface-Yolaine_Page_05-1454x2048.png 1454w, https:\/\/atelierypsilon.com\/wp-content\/uploads\/2024\/04\/Livret-BLOUSE-PARME-Surface-Yolaine_Page_05-9x12.png 9w, https:\/\/atelierypsilon.com\/wp-content\/uploads\/2024\/04\/Livret-BLOUSE-PARME-Surface-Yolaine_Page_05-300x422.png 300w, https:\/\/atelierypsilon.com\/wp-content\/uploads\/2024\/04\/Livret-BLOUSE-PARME-Surface-Yolaine_Page_05-600x845.png 600w\" sizes=\"auto, (max-width: 170px) 100vw, 170px\" \/><\/a> <a href=\"https:\/\/atelierypsilon.com\/wp-content\/uploads\/2024\/04\/Livret-BLOUSE-PARME-Surface-Yolaine_Page_06.png\"><img loading=\"lazy\" decoding=\"async\" class=\"alignnone wp-image-1981\" src=\"https:\/\/atelierypsilon.com\/wp-content\/uploads\/2024\/04\/Livret-BLOUSE-PARME-Surface-Yolaine_Page_06-213x300.png\" alt=\"FOURNITURES\" width=\"170\" height=\"239\" srcset=\"https:\/\/atelierypsilon.com\/wp-content\/uploads\/2024\/04\/Livret-BLOUSE-PARME-Surface-Yolaine_Page_06-213x300.png 213w, https:\/\/atelierypsilon.com\/wp-content\/uploads\/2024\/04\/Livret-BLOUSE-PARME-Surface-Yolaine_Page_06-727x1024.png 727w, https:\/\/atelierypsilon.com\/wp-content\/uploads\/2024\/04\/Livret-BLOUSE-PARME-Surface-Yolaine_Page_06-768x1081.png 768w, https:\/\/atelierypsilon.com\/wp-content\/uploads\/2024\/04\/Livret-BLOUSE-PARME-Surface-Yolaine_Page_06-1091x1536.png 1091w, https:\/\/atelierypsilon.com\/wp-content\/uploads\/2024\/04\/Livret-BLOUSE-PARME-Surface-Yolaine_Page_06-1455x2048.png 1455w, https:\/\/atelierypsilon.com\/wp-content\/uploads\/2024\/04\/Livret-BLOUSE-PARME-Surface-Yolaine_Page_06-9x12.png 9w, https:\/\/atelierypsilon.com\/wp-content\/uploads\/2024\/04\/Livret-BLOUSE-PARME-Surface-Yolaine_Page_06-300x422.png 300w, https:\/\/atelierypsilon.com\/wp-content\/uploads\/2024\/04\/Livret-BLOUSE-PARME-Surface-Yolaine_Page_06-600x845.png 600w\" sizes=\"auto, (max-width: 170px) 100vw, 170px\" \/><\/a> <a href=\"https:\/\/atelierypsilon.com\/wp-content\/uploads\/2024\/04\/Livret-BLOUSE-PARME-Surface-Yolaine_Page_07.png\"><img loading=\"lazy\" decoding=\"async\" class=\"alignnone wp-image-1982\" src=\"https:\/\/atelierypsilon.com\/wp-content\/uploads\/2024\/04\/Livret-BLOUSE-PARME-Surface-Yolaine_Page_07-213x300.png\" alt=\"GUIDE D'IMPRESSION\" width=\"170\" height=\"239\" srcset=\"https:\/\/atelierypsilon.com\/wp-content\/uploads\/2024\/04\/Livret-BLOUSE-PARME-Surface-Yolaine_Page_07-213x300.png 213w, https:\/\/atelierypsilon.com\/wp-content\/uploads\/2024\/04\/Livret-BLOUSE-PARME-Surface-Yolaine_Page_07-727x1024.png 727w, https:\/\/atelierypsilon.com\/wp-content\/uploads\/2024\/04\/Livret-BLOUSE-PARME-Surface-Yolaine_Page_07-768x1082.png 768w, https:\/\/atelierypsilon.com\/wp-content\/uploads\/2024\/04\/Livret-BLOUSE-PARME-Surface-Yolaine_Page_07-1091x1536.png 1091w, https:\/\/atelierypsilon.com\/wp-content\/uploads\/2024\/04\/Livret-BLOUSE-PARME-Surface-Yolaine_Page_07-9x12.png 9w, https:\/\/atelierypsilon.com\/wp-content\/uploads\/2024\/04\/Livret-BLOUSE-PARME-Surface-Yolaine_Page_07-300x423.png 300w, https:\/\/atelierypsilon.com\/wp-content\/uploads\/2024\/04\/Livret-BLOUSE-PARME-Surface-Yolaine_Page_07-600x845.png 600w, https:\/\/atelierypsilon.com\/wp-content\/uploads\/2024\/04\/Livret-BLOUSE-PARME-Surface-Yolaine_Page_07.png 1197w\" sizes=\"auto, (max-width: 170px) 100vw, 170px\" \/><\/a> <a href=\"https:\/\/atelierypsilon.com\/wp-content\/uploads\/2024\/04\/Livret-BLOUSE-PARME-Surface-Yolaine_Page_08.png\"><img loading=\"lazy\" decoding=\"async\" class=\"alignnone wp-image-1983\" src=\"https:\/\/atelierypsilon.com\/wp-content\/uploads\/2024\/04\/Livret-BLOUSE-PARME-Surface-Yolaine_Page_08-213x300.png\" alt=\"GUIDE DES TAILLES\" width=\"170\" height=\"239\" srcset=\"https:\/\/atelierypsilon.com\/wp-content\/uploads\/2024\/04\/Livret-BLOUSE-PARME-Surface-Yolaine_Page_08-213x300.png 213w, https:\/\/atelierypsilon.com\/wp-content\/uploads\/2024\/04\/Livret-BLOUSE-PARME-Surface-Yolaine_Page_08-727x1024.png 727w, https:\/\/atelierypsilon.com\/wp-content\/uploads\/2024\/04\/Livret-BLOUSE-PARME-Surface-Yolaine_Page_08-768x1082.png 768w, https:\/\/atelierypsilon.com\/wp-content\/uploads\/2024\/04\/Livret-BLOUSE-PARME-Surface-Yolaine_Page_08-1091x1536.png 1091w, https:\/\/atelierypsilon.com\/wp-content\/uploads\/2024\/04\/Livret-BLOUSE-PARME-Surface-Yolaine_Page_08-9x12.png 9w, https:\/\/atelierypsilon.com\/wp-content\/uploads\/2024\/04\/Livret-BLOUSE-PARME-Surface-Yolaine_Page_08-300x423.png 300w, https:\/\/atelierypsilon.com\/wp-content\/uploads\/2024\/04\/Livret-BLOUSE-PARME-Surface-Yolaine_Page_08-600x845.png 600w, https:\/\/atelierypsilon.com\/wp-content\/uploads\/2024\/04\/Livret-BLOUSE-PARME-Surface-Yolaine_Page_08.png 1197w\" sizes=\"auto, (max-width: 170px) 100vw, 170px\" \/><\/a><\/p>\n<p>&nbsp;<\/p>\n<p>TOUTES LES VALEURS DE COUTURES SONT COMPRISES DANS LE PATRON.<\/p>\n<p>FINI LES GRANDS POSTERS AUX RACCORDS IMPOSSIBLES\u00a0 &#8211; UNE SEULE PI\u00c8CE DE PATRON PAR ENSEMBLE DE FEUILLES.<\/p>\n<p>Vous pourriez \u00e9galement aimer <a href=\"https:\/\/atelierypsilon.com\/en\/product\/manteau-artemise\/\" target=\"_blank\" rel=\"noopener\">Le Manteau Art\u00e9misia<\/a>.<\/p>","protected":false},"excerpt":{"rendered":"<p>Bienvenue dans l&rsquo;univers de patron de couture de la robe Parme, o\u00f9 la mode rencontre l&rsquo;\u00e9l\u00e9gance et la f\u00e9minit\u00e9.<\/p>\n<p>Vous avez la possibilit\u00e9 de r\u00e9aliser ce patron sous la forme d\u2019une blouse, d\u2019une robe longue ou d\u2019une robe courte. Vous pouvez \u00e9galement choisir entre des manches longues ou courtes. Ainsi que votre finition de bas de manche entre un petit bracelet de manche discret ou un poignet de manche plus audacieux !<\/p>\n<p>Des jolies finitions en coutures anglaises ou en biais, vous pouvez \u00e9galement choisir de doubler votre haut. Les principaux d\u00e9fis r\u00e9sident dans la fente des manches longues et la sym\u00e9trie de la d\u00e9coupe de la taille.<\/p>\n<p>La v\u00e9ritable force de ce mod\u00e8le r\u00e9side dans sa polyvalence, tant au niveau du choix des mati\u00e8res que dans le rendu visuel. Laissez-vous inspirer et cr\u00e9ez une pi\u00e8ce unique qui refl\u00e8te votre style et votre originalit\u00e9. Si d&rsquo;aventure vous rencontrez des d\u00e9fis lors de la confection de ce mod\u00e8le, n&rsquo;h\u00e9sitez pas \u00e0 contacter Atelier Ypsilon Patterns sur<a href=\"https:\/\/www.instagram.com\/atelier.ypsilon_patterns\/\"> Instagram.<\/a> Nous sommes l\u00e0 pour vous guider dans la cr\u00e9ation de votre propre chef-d&rsquo;\u0153uvre couture, digne des ic\u00f4nes de style des ann\u00e9es 50.<\/p>","protected":false},"featured_media":1979,"comment_status":"open","ping_status":"closed","template":"","meta":{"_angie_page":false,"jetpack_post_was_ever_published":true},"product_brand":[],"product_cat":[29],"product_tag":[76,77,25,75],"class_list":{"0":"post-1975","1":"product","2":"type-product","3":"status-publish","4":"has-post-thumbnail","6":"product_cat-patron-de-couture","7":"product_tag-blouse","8":"product_tag-parme","9":"product_tag-patron","10":"product_tag-robe","12":"first","13":"instock","14":"shipping-taxable","15":"purchasable","16":"product-type-variable"},"yoast_head":"<!-- This site is optimized with the Yoast SEO plugin v27.3 - https:\/\/yoast.com\/product\/yoast-seo-wordpress\/ -->\n<title>ROBE PARME - Atelier Ypsilon<\/title>\n<meta name=\"description\" content=\"Patron de couture PDF et POCHETTE de la ROBE PARME - Explorez l&#039;univers de la couture avec le patron de couture Parme, alliant \u00e9l\u00e9gance, f\u00e9minit\u00e9 et douceur\" \/>\n<meta name=\"robots\" content=\"index, follow, max-snippet:-1, max-image-preview:large, max-video-preview:-1\" \/>\n<link rel=\"canonical\" href=\"https:\/\/atelierypsilon.com\/en\/product\/robe-parme\/\" \/>\n<meta property=\"og:locale\" content=\"en_GB\" \/>\n<meta property=\"og:type\" content=\"article\" \/>\n<meta property=\"og:title\" content=\"ROBE PARME - Atelier Ypsilon\" \/>\n<meta property=\"og:description\" content=\"Patron de couture PDF et POCHETTE de la ROBE PARME - Explorez l&#039;univers de la couture avec le patron de couture Parme, alliant \u00e9l\u00e9gance, f\u00e9minit\u00e9 et douceur\" \/>\n<meta property=\"og:url\" content=\"https:\/\/atelierypsilon.com\/en\/product\/robe-parme\/\" \/>\n<meta property=\"og:site_name\" content=\"Atelier Ypsilon\" \/>\n<meta property=\"article:modified_time\" content=\"2024-12-10T09:40:44+00:00\" \/>\n<meta property=\"og:image\" content=\"https:\/\/atelierypsilon.com\/wp-content\/uploads\/2024\/04\/PARME.png\" \/>\n\t<meta property=\"og:image:width\" content=\"1505\" \/>\n\t<meta property=\"og:image:height\" content=\"2103\" \/>\n\t<meta property=\"og:image:type\" content=\"image\/png\" \/>\n<meta name=\"twitter:card\" content=\"summary_large_image\" \/>\n<meta name=\"twitter:label1\" content=\"Estimated reading time\" \/>\n\t<meta name=\"twitter:data1\" content=\"2 minutes\" \/>\n<script type=\"application\/ld+json\" class=\"yoast-schema-graph\">{\"@context\":\"https:\\\/\\\/schema.org\",\"@graph\":[{\"@type\":\"WebPage\",\"@id\":\"https:\\\/\\\/atelierypsilon.com\\\/product\\\/robe-parme\\\/\",\"url\":\"https:\\\/\\\/atelierypsilon.com\\\/product\\\/robe-parme\\\/\",\"name\":\"ROBE PARME - Atelier Ypsilon\",\"isPartOf\":{\"@id\":\"https:\\\/\\\/atelierypsilon.com\\\/en\\\/#website\"},\"primaryImageOfPage\":{\"@id\":\"https:\\\/\\\/atelierypsilon.com\\\/product\\\/robe-parme\\\/#primaryimage\"},\"image\":{\"@id\":\"https:\\\/\\\/atelierypsilon.com\\\/product\\\/robe-parme\\\/#primaryimage\"},\"thumbnailUrl\":\"https:\\\/\\\/atelierypsilon.com\\\/wp-content\\\/uploads\\\/2024\\\/04\\\/PARME.png\",\"datePublished\":\"2024-04-14T15:30:12+00:00\",\"dateModified\":\"2024-12-10T09:40:44+00:00\",\"description\":\"Patron de couture PDF et POCHETTE de la ROBE PARME - Explorez l'univers de la couture avec le patron de couture Parme, alliant \u00e9l\u00e9gance, f\u00e9minit\u00e9 et douceur\",\"breadcrumb\":{\"@id\":\"https:\\\/\\\/atelierypsilon.com\\\/product\\\/robe-parme\\\/#breadcrumb\"},\"inLanguage\":\"en-GB\",\"potentialAction\":[{\"@type\":\"ReadAction\",\"target\":[\"https:\\\/\\\/atelierypsilon.com\\\/product\\\/robe-parme\\\/\"]}]},{\"@type\":\"ImageObject\",\"inLanguage\":\"en-GB\",\"@id\":\"https:\\\/\\\/atelierypsilon.com\\\/product\\\/robe-parme\\\/#primaryimage\",\"url\":\"https:\\\/\\\/atelierypsilon.com\\\/wp-content\\\/uploads\\\/2024\\\/04\\\/PARME.png\",\"contentUrl\":\"https:\\\/\\\/atelierypsilon.com\\\/wp-content\\\/uploads\\\/2024\\\/04\\\/PARME.png\",\"width\":1505,\"height\":2103,\"caption\":\"livre blouse parme\"},{\"@type\":\"BreadcrumbList\",\"@id\":\"https:\\\/\\\/atelierypsilon.com\\\/product\\\/robe-parme\\\/#breadcrumb\",\"itemListElement\":[{\"@type\":\"ListItem\",\"position\":1,\"name\":\"Accueil\",\"item\":\"https:\\\/\\\/atelierypsilon.com\\\/\"},{\"@type\":\"ListItem\",\"position\":2,\"name\":\"Products\",\"item\":\"https:\\\/\\\/atelierypsilon.com\\\/en\\\/shop\\\/\"},{\"@type\":\"ListItem\",\"position\":3,\"name\":\"ROBE PARME\"}]},{\"@type\":\"WebSite\",\"@id\":\"https:\\\/\\\/atelierypsilon.com\\\/en\\\/#website\",\"url\":\"https:\\\/\\\/atelierypsilon.com\\\/en\\\/\",\"name\":\"Atelier Ypsilon\",\"description\":\"\",\"publisher\":{\"@id\":\"https:\\\/\\\/atelierypsilon.com\\\/en\\\/#organization\"},\"potentialAction\":[{\"@type\":\"SearchAction\",\"target\":{\"@type\":\"EntryPoint\",\"urlTemplate\":\"https:\\\/\\\/atelierypsilon.com\\\/en\\\/?s={search_term_string}\"},\"query-input\":{\"@type\":\"PropertyValueSpecification\",\"valueRequired\":true,\"valueName\":\"search_term_string\"}}],\"inLanguage\":\"en-GB\"},{\"@type\":\"Organization\",\"@id\":\"https:\\\/\\\/atelierypsilon.com\\\/en\\\/#organization\",\"name\":\"Atelier Ypsilon\",\"url\":\"https:\\\/\\\/atelierypsilon.com\\\/en\\\/\",\"logo\":{\"@type\":\"ImageObject\",\"inLanguage\":\"en-GB\",\"@id\":\"https:\\\/\\\/atelierypsilon.com\\\/en\\\/#\\\/schema\\\/logo\\\/image\\\/\",\"url\":\"https:\\\/\\\/atelierypsilon.com\\\/wp-content\\\/uploads\\\/2023\\\/08\\\/AY-Logo2022_ay2-1.png\",\"contentUrl\":\"https:\\\/\\\/atelierypsilon.com\\\/wp-content\\\/uploads\\\/2023\\\/08\\\/AY-Logo2022_ay2-1.png\",\"width\":1000,\"height\":250,\"caption\":\"Atelier Ypsilon\"},\"image\":{\"@id\":\"https:\\\/\\\/atelierypsilon.com\\\/en\\\/#\\\/schema\\\/logo\\\/image\\\/\"},\"sameAs\":[\"https:\\\/\\\/www.instagram.com\\\/atelier.ypsilon_patterns\\\/\"]}]}<\/script>\n<!-- \/ Yoast SEO plugin. -->","yoast_head_json":{"title":"ROBE PARME - Atelier Ypsilon","description":"Patron de couture PDF et POCHETTE de la ROBE PARME - Explorez l'univers de la couture avec le patron de couture Parme, alliant \u00e9l\u00e9gance, f\u00e9minit\u00e9 et douceur","robots":{"index":"index","follow":"follow","max-snippet":"max-snippet:-1","max-image-preview":"max-image-preview:large","max-video-preview":"max-video-preview:-1"},"canonical":"https:\/\/atelierypsilon.com\/en\/product\/robe-parme\/","og_locale":"en_GB","og_type":"article","og_title":"ROBE PARME - Atelier Ypsilon","og_description":"Patron de couture PDF et POCHETTE de la ROBE PARME - Explorez l'univers de la couture avec le patron de couture Parme, alliant \u00e9l\u00e9gance, f\u00e9minit\u00e9 et douceur","og_url":"https:\/\/atelierypsilon.com\/en\/product\/robe-parme\/","og_site_name":"Atelier Ypsilon","article_modified_time":"2024-12-10T09:40:44+00:00","og_image":[{"width":1505,"height":2103,"url":"https:\/\/atelierypsilon.com\/wp-content\/uploads\/2024\/04\/PARME.png","type":"image\/png"}],"twitter_card":"summary_large_image","twitter_misc":{"Estimated reading time":"2 minutes"},"schema":{"@context":"https:\/\/schema.org","@graph":[{"@type":"WebPage","@id":"https:\/\/atelierypsilon.com\/product\/robe-parme\/","url":"https:\/\/atelierypsilon.com\/product\/robe-parme\/","name":"ROBE PARME - Atelier Ypsilon","isPartOf":{"@id":"https:\/\/atelierypsilon.com\/en\/#website"},"primaryImageOfPage":{"@id":"https:\/\/atelierypsilon.com\/product\/robe-parme\/#primaryimage"},"image":{"@id":"https:\/\/atelierypsilon.com\/product\/robe-parme\/#primaryimage"},"thumbnailUrl":"https:\/\/atelierypsilon.com\/wp-content\/uploads\/2024\/04\/PARME.png","datePublished":"2024-04-14T15:30:12+00:00","dateModified":"2024-12-10T09:40:44+00:00","description":"Patron de couture PDF et POCHETTE de la ROBE PARME - Explorez l'univers de la couture avec le patron de couture Parme, alliant \u00e9l\u00e9gance, f\u00e9minit\u00e9 et douceur","breadcrumb":{"@id":"https:\/\/atelierypsilon.com\/product\/robe-parme\/#breadcrumb"},"inLanguage":"en-GB","potentialAction":[{"@type":"ReadAction","target":["https:\/\/atelierypsilon.com\/product\/robe-parme\/"]}]},{"@type":"ImageObject","inLanguage":"en-GB","@id":"https:\/\/atelierypsilon.com\/product\/robe-parme\/#primaryimage","url":"https:\/\/atelierypsilon.com\/wp-content\/uploads\/2024\/04\/PARME.png","contentUrl":"https:\/\/atelierypsilon.com\/wp-content\/uploads\/2024\/04\/PARME.png","width":1505,"height":2103,"caption":"livre blouse parme"},{"@type":"BreadcrumbList","@id":"https:\/\/atelierypsilon.com\/product\/robe-parme\/#breadcrumb","itemListElement":[{"@type":"ListItem","position":1,"name":"Accueil","item":"https:\/\/atelierypsilon.com\/"},{"@type":"ListItem","position":2,"name":"Products","item":"https:\/\/atelierypsilon.com\/en\/shop\/"},{"@type":"ListItem","position":3,"name":"ROBE PARME"}]},{"@type":"WebSite","@id":"https:\/\/atelierypsilon.com\/en\/#website","url":"https:\/\/atelierypsilon.com\/en\/","name":"Atelier Ypsilon","description":"","publisher":{"@id":"https:\/\/atelierypsilon.com\/en\/#organization"},"potentialAction":[{"@type":"SearchAction","target":{"@type":"EntryPoint","urlTemplate":"https:\/\/atelierypsilon.com\/en\/?s={search_term_string}"},"query-input":{"@type":"PropertyValueSpecification","valueRequired":true,"valueName":"search_term_string"}}],"inLanguage":"en-GB"},{"@type":"Organization","@id":"https:\/\/atelierypsilon.com\/en\/#organization","name":"Atelier Ypsilon","url":"https:\/\/atelierypsilon.com\/en\/","logo":{"@type":"ImageObject","inLanguage":"en-GB","@id":"https:\/\/atelierypsilon.com\/en\/#\/schema\/logo\/image\/","url":"https:\/\/atelierypsilon.com\/wp-content\/uploads\/2023\/08\/AY-Logo2022_ay2-1.png","contentUrl":"https:\/\/atelierypsilon.com\/wp-content\/uploads\/2023\/08\/AY-Logo2022_ay2-1.png","width":1000,"height":250,"caption":"Atelier Ypsilon"},"image":{"@id":"https:\/\/atelierypsilon.com\/en\/#\/schema\/logo\/image\/"},"sameAs":["https:\/\/www.instagram.com\/atelier.ypsilon_patterns\/"]}]}},"jetpack_sharing_enabled":true,"_links":{"self":[{"href":"https:\/\/atelierypsilon.com\/en\/wp-json\/wp\/v2\/product\/1975","targetHints":{"allow":["GET"]}}],"collection":[{"href":"https:\/\/atelierypsilon.com\/en\/wp-json\/wp\/v2\/product"}],"about":[{"href":"https:\/\/atelierypsilon.com\/en\/wp-json\/wp\/v2\/types\/product"}],"replies":[{"embeddable":true,"href":"https:\/\/atelierypsilon.com\/en\/wp-json\/wp\/v2\/comments?post=1975"}],"wp:featuredmedia":[{"embeddable":true,"href":"https:\/\/atelierypsilon.com\/en\/wp-json\/wp\/v2\/media\/1979"}],"wp:attachment":[{"href":"https:\/\/atelierypsilon.com\/en\/wp-json\/wp\/v2\/media?parent=1975"}],"wp:term":[{"taxonomy":"product_brand","embeddable":true,"href":"https:\/\/atelierypsilon.com\/en\/wp-json\/wp\/v2\/product_brand?post=1975"},{"taxonomy":"product_cat","embeddable":true,"href":"https:\/\/atelierypsilon.com\/en\/wp-json\/wp\/v2\/product_cat?post=1975"},{"taxonomy":"product_tag","embeddable":true,"href":"https:\/\/atelierypsilon.com\/en\/wp-json\/wp\/v2\/product_tag?post=1975"}],"curies":[{"name":"wp","href":"https:\/\/api.w.org\/{rel}","templated":true}]}}