{"id":1904,"date":"2024-03-28T15:52:35","date_gmt":"2024-03-28T15:52:35","guid":{"rendered":"https:\/\/atelierypsilon.com\/?post_type=product&#038;p=1904"},"modified":"2024-04-30T16:02:43","modified_gmt":"2024-04-30T16:02:43","slug":"noeud-kate-barette","status":"publish","type":"product","link":"https:\/\/atelierypsilon.com\/en\/product\/noeud-kate-barette\/","title":{"rendered":"Noeud Kate"},"content":{"rendered":"<p>D\u00e9couvrez le n\u0153ud Kate !<\/p>\n<p>Un hommage \u00e0 la gr\u00e2ce et \u00e0 l&rsquo;\u00e9l\u00e9gance de la princesse Kate Middleton. Ic\u00f4ne contemporaine de la royaut\u00e9.<\/p>\n<p>Notre Atelier Lyonnais le confectionne avec amour, garantissant ainsi sa qualit\u00e9 et sa durabilit\u00e9.<\/p>\n<p>Dot\u00e9 d&rsquo;une barrette de 6 cm \u00e0 l&rsquo;arri\u00e8re, ce n\u0153ud s&rsquo;adapte \u00e0 tous les types de cheveux ! Tout en ajoutant une touche d&rsquo;\u00e9l\u00e9gance intemporelle \u00e0 votre coiffure.<\/p>\n<p>Choisissez parmi une vari\u00e9t\u00e9 de tissus et de coloris uniques.<\/p>\n<p>Contactez-nous pour personnaliser votre n\u0153ud selon vos propres tissus et go\u00fbts, et laissez-nous cr\u00e9er un accessoire qui refl\u00e8te votre style et votre personnalit\u00e9.<\/p>","protected":false},"excerpt":{"rendered":"<p>D\u00e9couvrez le n\u0153ud Kate !<\/p>\n<p>Un hommage \u00e0 la gr\u00e2ce et \u00e0 l&rsquo;\u00e9l\u00e9gance de la princesse Kate Middleton. Ic\u00f4ne contemporaine de la royaut\u00e9.<\/p>\n<p>Notre Atelier Lyonnais le confectionne avec amour, garantissant ainsi sa qualit\u00e9 et sa durabilit\u00e9.<\/p>\n<p>Dot\u00e9 d&rsquo;une barrette de 6 cm \u00e0 l&rsquo;arri\u00e8re, ce n\u0153ud s&rsquo;adapte \u00e0 tous les types de cheveux ! Tout en ajoutant une touche d&rsquo;\u00e9l\u00e9gance intemporelle \u00e0 votre coiffure.<\/p>\n<p>Choisissez parmi une vari\u00e9t\u00e9 de tissus et de coloris uniques.<\/p>\n<p>Contactez-nous pour personnaliser votre n\u0153ud selon vos propres tissus et go\u00fbts, et laissez-nous cr\u00e9er un accessoire qui refl\u00e8te votre style et votre personnalit\u00e9.<\/p>","protected":false},"featured_media":2040,"comment_status":"open","ping_status":"closed","template":"","meta":{"_angie_page":false,"jetpack_post_was_ever_published":false},"product_brand":[],"product_cat":[30],"product_tag":[],"class_list":{"0":"post-1904","1":"product","2":"type-product","3":"status-publish","4":"has-post-thumbnail","6":"product_cat-pret-a-porter","7":"product_shipping_class-france","9":"first","10":"instock","11":"shipping-taxable","12":"purchasable","13":"product-type-variable"},"yoast_head":"<!-- This site is optimized with the Yoast SEO plugin v27.4 - https:\/\/yoast.com\/product\/yoast-seo-wordpress\/ -->\n<title>Noeud Kate - Atelier Ypsilon<\/title>\n<meta name=\"description\" content=\"D\u00e9couvrez le n\u0153ud Kate, \u00e9l\u00e9gant et durable, confectionn\u00e9 \u00e0 la main dans notre Atelier Lyonnais. Personnalisez-le pour un style unique qui vous ressemble.\" \/>\n<meta name=\"robots\" content=\"index, follow, max-snippet:-1, max-image-preview:large, max-video-preview:-1\" \/>\n<link rel=\"canonical\" href=\"https:\/\/atelierypsilon.com\/en\/product\/noeud-kate-barette\/\" \/>\n<meta property=\"og:locale\" content=\"en_GB\" \/>\n<meta property=\"og:type\" content=\"article\" \/>\n<meta property=\"og:title\" content=\"Noeud Kate - Atelier Ypsilon\" \/>\n<meta property=\"og:description\" content=\"D\u00e9couvrez le n\u0153ud Kate, \u00e9l\u00e9gant et durable, confectionn\u00e9 \u00e0 la main dans notre Atelier Lyonnais. Personnalisez-le pour un style unique qui vous ressemble.\" \/>\n<meta property=\"og:url\" content=\"https:\/\/atelierypsilon.com\/en\/product\/noeud-kate-barette\/\" \/>\n<meta property=\"og:site_name\" content=\"Atelier Ypsilon\" \/>\n<meta property=\"article:modified_time\" content=\"2024-04-30T16:02:43+00:00\" \/>\n<meta property=\"og:image\" content=\"https:\/\/atelierypsilon.com\/wp-content\/uploads\/2024\/03\/Plan-de-travail-1.webp\" \/>\n\t<meta property=\"og:image:width\" content=\"500\" \/>\n\t<meta property=\"og:image:height\" content=\"500\" \/>\n\t<meta property=\"og:image:type\" content=\"image\/webp\" \/>\n<meta name=\"twitter:card\" content=\"summary_large_image\" \/>\n<meta name=\"twitter:label1\" content=\"Estimated reading time\" \/>\n\t<meta name=\"twitter:data1\" content=\"1 minute\" \/>\n<script type=\"application\/ld+json\" class=\"yoast-schema-graph\">{\"@context\":\"https:\\\/\\\/schema.org\",\"@graph\":[{\"@type\":\"WebPage\",\"@id\":\"https:\\\/\\\/atelierypsilon.com\\\/product\\\/noeud-kate-barette\\\/\",\"url\":\"https:\\\/\\\/atelierypsilon.com\\\/product\\\/noeud-kate-barette\\\/\",\"name\":\"Noeud Kate - Atelier Ypsilon\",\"isPartOf\":{\"@id\":\"https:\\\/\\\/atelierypsilon.com\\\/en\\\/#website\"},\"primaryImageOfPage\":{\"@id\":\"https:\\\/\\\/atelierypsilon.com\\\/product\\\/noeud-kate-barette\\\/#primaryimage\"},\"image\":{\"@id\":\"https:\\\/\\\/atelierypsilon.com\\\/product\\\/noeud-kate-barette\\\/#primaryimage\"},\"thumbnailUrl\":\"https:\\\/\\\/atelierypsilon.com\\\/wp-content\\\/uploads\\\/2024\\\/03\\\/Plan-de-travail-1.png\",\"datePublished\":\"2024-03-28T15:52:35+00:00\",\"dateModified\":\"2024-04-30T16:02:43+00:00\",\"description\":\"D\u00e9couvrez le n\u0153ud Kate, \u00e9l\u00e9gant et durable, confectionn\u00e9 \u00e0 la main dans notre Atelier Lyonnais. Personnalisez-le pour un style unique qui vous ressemble.\",\"breadcrumb\":{\"@id\":\"https:\\\/\\\/atelierypsilon.com\\\/product\\\/noeud-kate-barette\\\/#breadcrumb\"},\"inLanguage\":\"en-GB\",\"potentialAction\":[{\"@type\":\"ReadAction\",\"target\":[\"https:\\\/\\\/atelierypsilon.com\\\/product\\\/noeud-kate-barette\\\/\"]}]},{\"@type\":\"ImageObject\",\"inLanguage\":\"en-GB\",\"@id\":\"https:\\\/\\\/atelierypsilon.com\\\/product\\\/noeud-kate-barette\\\/#primaryimage\",\"url\":\"https:\\\/\\\/atelierypsilon.com\\\/wp-content\\\/uploads\\\/2024\\\/03\\\/Plan-de-travail-1.png\",\"contentUrl\":\"https:\\\/\\\/atelierypsilon.com\\\/wp-content\\\/uploads\\\/2024\\\/03\\\/Plan-de-travail-1.png\",\"width\":500,\"height\":500,\"caption\":\"jardin aux violettes\"},{\"@type\":\"BreadcrumbList\",\"@id\":\"https:\\\/\\\/atelierypsilon.com\\\/product\\\/noeud-kate-barette\\\/#breadcrumb\",\"itemListElement\":[{\"@type\":\"ListItem\",\"position\":1,\"name\":\"Accueil\",\"item\":\"https:\\\/\\\/atelierypsilon.com\\\/\"},{\"@type\":\"ListItem\",\"position\":2,\"name\":\"Products\",\"item\":\"https:\\\/\\\/atelierypsilon.com\\\/en\\\/shop\\\/\"},{\"@type\":\"ListItem\",\"position\":3,\"name\":\"Noeud Kate\"}]},{\"@type\":\"WebSite\",\"@id\":\"https:\\\/\\\/atelierypsilon.com\\\/en\\\/#website\",\"url\":\"https:\\\/\\\/atelierypsilon.com\\\/en\\\/\",\"name\":\"Atelier Ypsilon\",\"description\":\"\",\"publisher\":{\"@id\":\"https:\\\/\\\/atelierypsilon.com\\\/en\\\/#organization\"},\"potentialAction\":[{\"@type\":\"SearchAction\",\"target\":{\"@type\":\"EntryPoint\",\"urlTemplate\":\"https:\\\/\\\/atelierypsilon.com\\\/en\\\/?s={search_term_string}\"},\"query-input\":{\"@type\":\"PropertyValueSpecification\",\"valueRequired\":true,\"valueName\":\"search_term_string\"}}],\"inLanguage\":\"en-GB\"},{\"@type\":\"Organization\",\"@id\":\"https:\\\/\\\/atelierypsilon.com\\\/en\\\/#organization\",\"name\":\"Atelier Ypsilon\",\"url\":\"https:\\\/\\\/atelierypsilon.com\\\/en\\\/\",\"logo\":{\"@type\":\"ImageObject\",\"inLanguage\":\"en-GB\",\"@id\":\"https:\\\/\\\/atelierypsilon.com\\\/en\\\/#\\\/schema\\\/logo\\\/image\\\/\",\"url\":\"https:\\\/\\\/atelierypsilon.com\\\/wp-content\\\/uploads\\\/2023\\\/08\\\/AY-Logo2022_ay2-1.png\",\"contentUrl\":\"https:\\\/\\\/atelierypsilon.com\\\/wp-content\\\/uploads\\\/2023\\\/08\\\/AY-Logo2022_ay2-1.png\",\"width\":1000,\"height\":250,\"caption\":\"Atelier Ypsilon\"},\"image\":{\"@id\":\"https:\\\/\\\/atelierypsilon.com\\\/en\\\/#\\\/schema\\\/logo\\\/image\\\/\"},\"sameAs\":[\"https:\\\/\\\/www.instagram.com\\\/atelier.ypsilon_patterns\\\/\"]}]}<\/script>\n<!-- \/ Yoast SEO plugin. -->","yoast_head_json":{"title":"Noeud Kate - Atelier Ypsilon","description":"D\u00e9couvrez le n\u0153ud Kate, \u00e9l\u00e9gant et durable, confectionn\u00e9 \u00e0 la main dans notre Atelier Lyonnais. Personnalisez-le pour un style unique qui vous ressemble.","robots":{"index":"index","follow":"follow","max-snippet":"max-snippet:-1","max-image-preview":"max-image-preview:large","max-video-preview":"max-video-preview:-1"},"canonical":"https:\/\/atelierypsilon.com\/en\/product\/noeud-kate-barette\/","og_locale":"en_GB","og_type":"article","og_title":"Noeud Kate - Atelier Ypsilon","og_description":"D\u00e9couvrez le n\u0153ud Kate, \u00e9l\u00e9gant et durable, confectionn\u00e9 \u00e0 la main dans notre Atelier Lyonnais. Personnalisez-le pour un style unique qui vous ressemble.","og_url":"https:\/\/atelierypsilon.com\/en\/product\/noeud-kate-barette\/","og_site_name":"Atelier Ypsilon","article_modified_time":"2024-04-30T16:02:43+00:00","og_image":[{"width":500,"height":500,"url":"https:\/\/atelierypsilon.com\/wp-content\/uploads\/2024\/03\/Plan-de-travail-1.webp","type":"image\/webp"}],"twitter_card":"summary_large_image","twitter_misc":{"Estimated reading time":"1 minute"},"schema":{"@context":"https:\/\/schema.org","@graph":[{"@type":"WebPage","@id":"https:\/\/atelierypsilon.com\/product\/noeud-kate-barette\/","url":"https:\/\/atelierypsilon.com\/product\/noeud-kate-barette\/","name":"Noeud Kate - Atelier Ypsilon","isPartOf":{"@id":"https:\/\/atelierypsilon.com\/en\/#website"},"primaryImageOfPage":{"@id":"https:\/\/atelierypsilon.com\/product\/noeud-kate-barette\/#primaryimage"},"image":{"@id":"https:\/\/atelierypsilon.com\/product\/noeud-kate-barette\/#primaryimage"},"thumbnailUrl":"https:\/\/atelierypsilon.com\/wp-content\/uploads\/2024\/03\/Plan-de-travail-1.png","datePublished":"2024-03-28T15:52:35+00:00","dateModified":"2024-04-30T16:02:43+00:00","description":"D\u00e9couvrez le n\u0153ud Kate, \u00e9l\u00e9gant et durable, confectionn\u00e9 \u00e0 la main dans notre Atelier Lyonnais. Personnalisez-le pour un style unique qui vous ressemble.","breadcrumb":{"@id":"https:\/\/atelierypsilon.com\/product\/noeud-kate-barette\/#breadcrumb"},"inLanguage":"en-GB","potentialAction":[{"@type":"ReadAction","target":["https:\/\/atelierypsilon.com\/product\/noeud-kate-barette\/"]}]},{"@type":"ImageObject","inLanguage":"en-GB","@id":"https:\/\/atelierypsilon.com\/product\/noeud-kate-barette\/#primaryimage","url":"https:\/\/atelierypsilon.com\/wp-content\/uploads\/2024\/03\/Plan-de-travail-1.png","contentUrl":"https:\/\/atelierypsilon.com\/wp-content\/uploads\/2024\/03\/Plan-de-travail-1.png","width":500,"height":500,"caption":"jardin aux violettes"},{"@type":"BreadcrumbList","@id":"https:\/\/atelierypsilon.com\/product\/noeud-kate-barette\/#breadcrumb","itemListElement":[{"@type":"ListItem","position":1,"name":"Accueil","item":"https:\/\/atelierypsilon.com\/"},{"@type":"ListItem","position":2,"name":"Products","item":"https:\/\/atelierypsilon.com\/en\/shop\/"},{"@type":"ListItem","position":3,"name":"Noeud Kate"}]},{"@type":"WebSite","@id":"https:\/\/atelierypsilon.com\/en\/#website","url":"https:\/\/atelierypsilon.com\/en\/","name":"Atelier Ypsilon","description":"","publisher":{"@id":"https:\/\/atelierypsilon.com\/en\/#organization"},"potentialAction":[{"@type":"SearchAction","target":{"@type":"EntryPoint","urlTemplate":"https:\/\/atelierypsilon.com\/en\/?s={search_term_string}"},"query-input":{"@type":"PropertyValueSpecification","valueRequired":true,"valueName":"search_term_string"}}],"inLanguage":"en-GB"},{"@type":"Organization","@id":"https:\/\/atelierypsilon.com\/en\/#organization","name":"Atelier Ypsilon","url":"https:\/\/atelierypsilon.com\/en\/","logo":{"@type":"ImageObject","inLanguage":"en-GB","@id":"https:\/\/atelierypsilon.com\/en\/#\/schema\/logo\/image\/","url":"https:\/\/atelierypsilon.com\/wp-content\/uploads\/2023\/08\/AY-Logo2022_ay2-1.png","contentUrl":"https:\/\/atelierypsilon.com\/wp-content\/uploads\/2023\/08\/AY-Logo2022_ay2-1.png","width":1000,"height":250,"caption":"Atelier Ypsilon"},"image":{"@id":"https:\/\/atelierypsilon.com\/en\/#\/schema\/logo\/image\/"},"sameAs":["https:\/\/www.instagram.com\/atelier.ypsilon_patterns\/"]}]}},"jetpack_sharing_enabled":true,"_links":{"self":[{"href":"https:\/\/atelierypsilon.com\/en\/wp-json\/wp\/v2\/product\/1904","targetHints":{"allow":["GET"]}}],"collection":[{"href":"https:\/\/atelierypsilon.com\/en\/wp-json\/wp\/v2\/product"}],"about":[{"href":"https:\/\/atelierypsilon.com\/en\/wp-json\/wp\/v2\/types\/product"}],"replies":[{"embeddable":true,"href":"https:\/\/atelierypsilon.com\/en\/wp-json\/wp\/v2\/comments?post=1904"}],"wp:featuredmedia":[{"embeddable":true,"href":"https:\/\/atelierypsilon.com\/en\/wp-json\/wp\/v2\/media\/2040"}],"wp:attachment":[{"href":"https:\/\/atelierypsilon.com\/en\/wp-json\/wp\/v2\/media?parent=1904"}],"wp:term":[{"taxonomy":"product_brand","embeddable":true,"href":"https:\/\/atelierypsilon.com\/en\/wp-json\/wp\/v2\/product_brand?post=1904"},{"taxonomy":"product_cat","embeddable":true,"href":"https:\/\/atelierypsilon.com\/en\/wp-json\/wp\/v2\/product_cat?post=1904"},{"taxonomy":"product_tag","embeddable":true,"href":"https:\/\/atelierypsilon.com\/en\/wp-json\/wp\/v2\/product_tag?post=1904"}],"curies":[{"name":"wp","href":"https:\/\/api.w.org\/{rel}","templated":true}]}}