{"id":1856,"date":"2024-01-24T19:25:21","date_gmt":"2024-01-24T19:25:21","guid":{"rendered":"https:\/\/atelierypsilon.com\/?post_type=product&#038;p=1856"},"modified":"2026-04-13T21:01:34","modified_gmt":"2026-04-13T21:01:34","slug":"kit-octavia","status":"publish","type":"product","link":"https:\/\/atelierypsilon.com\/en\/product\/kit-octavia\/","title":{"rendered":"KIT OCTAVIA"},"content":{"rendered":"<p>Nous sommes ravis de vous pr\u00e9senter notre premier kit, baptis\u00e9 \u00abOctavia\u00bb. Ce nom est un hommage \u00e0 une figure exceptionnelle de l\u2019histoire, une femme \u00e9m\u00e9rite connue pour sa douceur.<\/p>\n<p>&nbsp;<\/p>\n<p><a href=\"https:\/\/atelierypsilon.com\/wp-content\/uploads\/2024\/01\/Livret_Page_03.png\"><img loading=\"lazy\" decoding=\"async\" class=\"alignnone wp-image-1863 size-medium\" src=\"https:\/\/atelierypsilon.com\/wp-content\/uploads\/2024\/01\/Livret_Page_03-211x300.png\" alt=\"\" width=\"211\" height=\"300\" srcset=\"https:\/\/atelierypsilon.com\/wp-content\/uploads\/2024\/01\/Livret_Page_03-211x300.png 211w, https:\/\/atelierypsilon.com\/wp-content\/uploads\/2024\/01\/Livret_Page_03-722x1024.png 722w, https:\/\/atelierypsilon.com\/wp-content\/uploads\/2024\/01\/Livret_Page_03-768x1089.png 768w, https:\/\/atelierypsilon.com\/wp-content\/uploads\/2024\/01\/Livret_Page_03-1083x1536.png 1083w, https:\/\/atelierypsilon.com\/wp-content\/uploads\/2024\/01\/Livret_Page_03-8x12.png 8w, https:\/\/atelierypsilon.com\/wp-content\/uploads\/2024\/01\/Livret_Page_03-300x426.png 300w, https:\/\/atelierypsilon.com\/wp-content\/uploads\/2024\/01\/Livret_Page_03-600x851.png 600w, https:\/\/atelierypsilon.com\/wp-content\/uploads\/2024\/01\/Livret_Page_03.png 1166w\" sizes=\"auto, (max-width: 211px) 100vw, 211px\" \/><\/a><a href=\"https:\/\/atelierypsilon.com\/wp-content\/uploads\/2024\/01\/Livret_Page_05.png\"><img loading=\"lazy\" decoding=\"async\" class=\"alignnone wp-image-1862 size-medium\" src=\"https:\/\/atelierypsilon.com\/wp-content\/uploads\/2024\/01\/Livret_Page_05-211x300.png\" alt=\"\" width=\"211\" height=\"300\" srcset=\"https:\/\/atelierypsilon.com\/wp-content\/uploads\/2024\/01\/Livret_Page_05-211x300.png 211w, https:\/\/atelierypsilon.com\/wp-content\/uploads\/2024\/01\/Livret_Page_05-722x1024.png 722w, https:\/\/atelierypsilon.com\/wp-content\/uploads\/2024\/01\/Livret_Page_05-768x1089.png 768w, https:\/\/atelierypsilon.com\/wp-content\/uploads\/2024\/01\/Livret_Page_05-1083x1536.png 1083w, https:\/\/atelierypsilon.com\/wp-content\/uploads\/2024\/01\/Livret_Page_05-8x12.png 8w, https:\/\/atelierypsilon.com\/wp-content\/uploads\/2024\/01\/Livret_Page_05-300x426.png 300w, https:\/\/atelierypsilon.com\/wp-content\/uploads\/2024\/01\/Livret_Page_05-600x851.png 600w, https:\/\/atelierypsilon.com\/wp-content\/uploads\/2024\/01\/Livret_Page_05.png 1166w\" sizes=\"auto, (max-width: 211px) 100vw, 211px\" \/><\/a><img loading=\"lazy\" decoding=\"async\" class=\"alignnone wp-image-1861 size-medium\" src=\"https:\/\/atelierypsilon.com\/wp-content\/uploads\/2024\/01\/Livret_Page_04-211x300.png\" alt=\"\" width=\"211\" height=\"300\" srcset=\"https:\/\/atelierypsilon.com\/wp-content\/uploads\/2024\/01\/Livret_Page_04-211x300.png 211w, https:\/\/atelierypsilon.com\/wp-content\/uploads\/2024\/01\/Livret_Page_04-722x1024.png 722w, https:\/\/atelierypsilon.com\/wp-content\/uploads\/2024\/01\/Livret_Page_04-768x1089.png 768w, https:\/\/atelierypsilon.com\/wp-content\/uploads\/2024\/01\/Livret_Page_04-1083x1536.png 1083w, https:\/\/atelierypsilon.com\/wp-content\/uploads\/2024\/01\/Livret_Page_04-8x12.png 8w, https:\/\/atelierypsilon.com\/wp-content\/uploads\/2024\/01\/Livret_Page_04-300x426.png 300w, https:\/\/atelierypsilon.com\/wp-content\/uploads\/2024\/01\/Livret_Page_04-600x851.png 600w, https:\/\/atelierypsilon.com\/wp-content\/uploads\/2024\/01\/Livret_Page_04.png 1166w\" sizes=\"auto, (max-width: 211px) 100vw, 211px\" \/><\/p>\n<p>TOUTES LES VALEURS DE COUTURES SONT COMPRISES DANS LE PATRON.<\/p>\n<p>FINI LES GRANDS POSTERS AUX RACCORDS IMPOSSIBLES\u00a0 &#8211; UNE SEULE PI\u00c8CE DE PATRON PAR ENSEMBLE DE FEUILLES.<\/p>","protected":false},"excerpt":{"rendered":"<p>Vous avez la possibilit\u00e9 de confectionner une sortie de bain pratique ou davantage ax\u00e9e sur le confort, que ce soit une charlotte de douche ou une charlotte de nuit. Ces pi\u00e8ces sont simples et rapides \u00e0 r\u00e9aliser, n\u00e9cessitant un minimum de mat\u00e9riel !<br \/>\nN\u2019h\u00e9sitez pas \u00e0 partager vos magnifiques cr\u00e9ations sur Instagram en utilisant le hashtag #kitoctavia.<\/p>","protected":false},"featured_media":1860,"comment_status":"open","ping_status":"closed","template":"","meta":{"_angie_page":false,"jetpack_post_was_ever_published":false},"product_brand":[],"product_cat":[29],"product_tag":[27,28,25,72],"class_list":{"0":"post-1856","1":"product","2":"type-product","3":"status-publish","4":"has-post-thumbnail","6":"product_cat-patron-de-couture","7":"product_tag-automne","8":"product_tag-hiver","9":"product_tag-patron","10":"product_tag-pull","12":"first","13":"instock","14":"downloadable","15":"virtual","16":"purchasable","17":"product-type-simple"},"yoast_head":"<!-- This site is optimized with the Yoast SEO plugin v27.3 - https:\/\/yoast.com\/product\/yoast-seo-wordpress\/ -->\n<title>KIT OCTAVIA - Atelier Ypsilon<\/title>\n<meta name=\"description\" content=\"Patron de couture PDF et POCHETTE du PULL ADA - Explorez l&#039;univers de la couture avec le patron de couture Ada, alliant mode, intelligence et audace.\" \/>\n<meta name=\"robots\" content=\"index, follow, max-snippet:-1, max-image-preview:large, max-video-preview:-1\" \/>\n<link rel=\"canonical\" href=\"https:\/\/atelierypsilon.com\/en\/product\/kit-octavia\/\" \/>\n<meta property=\"og:locale\" content=\"en_GB\" \/>\n<meta property=\"og:type\" content=\"article\" \/>\n<meta property=\"og:title\" content=\"KIT OCTAVIA - Atelier Ypsilon\" \/>\n<meta property=\"og:description\" content=\"Patron de couture PDF et POCHETTE du PULL ADA - Explorez l&#039;univers de la couture avec le patron de couture Ada, alliant mode, intelligence et audace.\" \/>\n<meta property=\"og:url\" content=\"https:\/\/atelierypsilon.com\/en\/product\/kit-octavia\/\" \/>\n<meta property=\"og:site_name\" content=\"Atelier Ypsilon\" \/>\n<meta property=\"article:modified_time\" content=\"2026-04-13T21:01:34+00:00\" \/>\n<meta property=\"og:image\" content=\"https:\/\/atelierypsilon.com\/wp-content\/uploads\/2024\/01\/Livret_Page_01.png\" \/>\n\t<meta property=\"og:image:width\" content=\"1166\" \/>\n\t<meta property=\"og:image:height\" content=\"1654\" \/>\n\t<meta property=\"og:image:type\" content=\"image\/png\" \/>\n<meta name=\"twitter:card\" content=\"summary_large_image\" \/>\n<meta name=\"twitter:label1\" content=\"Estimated reading time\" \/>\n\t<meta name=\"twitter:data1\" content=\"2 minutes\" \/>\n<script type=\"application\/ld+json\" class=\"yoast-schema-graph\">{\"@context\":\"https:\\\/\\\/schema.org\",\"@graph\":[{\"@type\":\"WebPage\",\"@id\":\"https:\\\/\\\/atelierypsilon.com\\\/product\\\/kit-octavia\\\/\",\"url\":\"https:\\\/\\\/atelierypsilon.com\\\/product\\\/kit-octavia\\\/\",\"name\":\"KIT OCTAVIA - Atelier Ypsilon\",\"isPartOf\":{\"@id\":\"https:\\\/\\\/atelierypsilon.com\\\/en\\\/#website\"},\"primaryImageOfPage\":{\"@id\":\"https:\\\/\\\/atelierypsilon.com\\\/product\\\/kit-octavia\\\/#primaryimage\"},\"image\":{\"@id\":\"https:\\\/\\\/atelierypsilon.com\\\/product\\\/kit-octavia\\\/#primaryimage\"},\"thumbnailUrl\":\"https:\\\/\\\/atelierypsilon.com\\\/wp-content\\\/uploads\\\/2024\\\/01\\\/Livret_Page_01.png\",\"datePublished\":\"2024-01-24T19:25:21+00:00\",\"dateModified\":\"2026-04-13T21:01:34+00:00\",\"description\":\"Patron de couture PDF et POCHETTE du PULL ADA - Explorez l'univers de la couture avec le patron de couture Ada, alliant mode, intelligence et audace.\",\"breadcrumb\":{\"@id\":\"https:\\\/\\\/atelierypsilon.com\\\/product\\\/kit-octavia\\\/#breadcrumb\"},\"inLanguage\":\"en-GB\",\"potentialAction\":[{\"@type\":\"ReadAction\",\"target\":[\"https:\\\/\\\/atelierypsilon.com\\\/product\\\/kit-octavia\\\/\"]}]},{\"@type\":\"ImageObject\",\"inLanguage\":\"en-GB\",\"@id\":\"https:\\\/\\\/atelierypsilon.com\\\/product\\\/kit-octavia\\\/#primaryimage\",\"url\":\"https:\\\/\\\/atelierypsilon.com\\\/wp-content\\\/uploads\\\/2024\\\/01\\\/Livret_Page_01.png\",\"contentUrl\":\"https:\\\/\\\/atelierypsilon.com\\\/wp-content\\\/uploads\\\/2024\\\/01\\\/Livret_Page_01.png\",\"width\":1166,\"height\":1654,\"caption\":\"kit octavia p1\"},{\"@type\":\"BreadcrumbList\",\"@id\":\"https:\\\/\\\/atelierypsilon.com\\\/product\\\/kit-octavia\\\/#breadcrumb\",\"itemListElement\":[{\"@type\":\"ListItem\",\"position\":1,\"name\":\"Accueil\",\"item\":\"https:\\\/\\\/atelierypsilon.com\\\/\"},{\"@type\":\"ListItem\",\"position\":2,\"name\":\"Products\",\"item\":\"https:\\\/\\\/atelierypsilon.com\\\/en\\\/shop\\\/\"},{\"@type\":\"ListItem\",\"position\":3,\"name\":\"KIT OCTAVIA\"}]},{\"@type\":\"WebSite\",\"@id\":\"https:\\\/\\\/atelierypsilon.com\\\/en\\\/#website\",\"url\":\"https:\\\/\\\/atelierypsilon.com\\\/en\\\/\",\"name\":\"Atelier Ypsilon\",\"description\":\"\",\"publisher\":{\"@id\":\"https:\\\/\\\/atelierypsilon.com\\\/en\\\/#organization\"},\"potentialAction\":[{\"@type\":\"SearchAction\",\"target\":{\"@type\":\"EntryPoint\",\"urlTemplate\":\"https:\\\/\\\/atelierypsilon.com\\\/en\\\/?s={search_term_string}\"},\"query-input\":{\"@type\":\"PropertyValueSpecification\",\"valueRequired\":true,\"valueName\":\"search_term_string\"}}],\"inLanguage\":\"en-GB\"},{\"@type\":\"Organization\",\"@id\":\"https:\\\/\\\/atelierypsilon.com\\\/en\\\/#organization\",\"name\":\"Atelier Ypsilon\",\"url\":\"https:\\\/\\\/atelierypsilon.com\\\/en\\\/\",\"logo\":{\"@type\":\"ImageObject\",\"inLanguage\":\"en-GB\",\"@id\":\"https:\\\/\\\/atelierypsilon.com\\\/en\\\/#\\\/schema\\\/logo\\\/image\\\/\",\"url\":\"https:\\\/\\\/atelierypsilon.com\\\/wp-content\\\/uploads\\\/2023\\\/08\\\/AY-Logo2022_ay2-1.png\",\"contentUrl\":\"https:\\\/\\\/atelierypsilon.com\\\/wp-content\\\/uploads\\\/2023\\\/08\\\/AY-Logo2022_ay2-1.png\",\"width\":1000,\"height\":250,\"caption\":\"Atelier Ypsilon\"},\"image\":{\"@id\":\"https:\\\/\\\/atelierypsilon.com\\\/en\\\/#\\\/schema\\\/logo\\\/image\\\/\"},\"sameAs\":[\"https:\\\/\\\/www.instagram.com\\\/atelier.ypsilon_patterns\\\/\"]}]}<\/script>\n<!-- \/ Yoast SEO plugin. -->","yoast_head_json":{"title":"KIT OCTAVIA - Atelier Ypsilon","description":"Patron de couture PDF et POCHETTE du PULL ADA - Explorez l'univers de la couture avec le patron de couture Ada, alliant mode, intelligence et audace.","robots":{"index":"index","follow":"follow","max-snippet":"max-snippet:-1","max-image-preview":"max-image-preview:large","max-video-preview":"max-video-preview:-1"},"canonical":"https:\/\/atelierypsilon.com\/en\/product\/kit-octavia\/","og_locale":"en_GB","og_type":"article","og_title":"KIT OCTAVIA - Atelier Ypsilon","og_description":"Patron de couture PDF et POCHETTE du PULL ADA - Explorez l'univers de la couture avec le patron de couture Ada, alliant mode, intelligence et audace.","og_url":"https:\/\/atelierypsilon.com\/en\/product\/kit-octavia\/","og_site_name":"Atelier Ypsilon","article_modified_time":"2026-04-13T21:01:34+00:00","og_image":[{"width":1166,"height":1654,"url":"https:\/\/atelierypsilon.com\/wp-content\/uploads\/2024\/01\/Livret_Page_01.png","type":"image\/png"}],"twitter_card":"summary_large_image","twitter_misc":{"Estimated reading time":"2 minutes"},"schema":{"@context":"https:\/\/schema.org","@graph":[{"@type":"WebPage","@id":"https:\/\/atelierypsilon.com\/product\/kit-octavia\/","url":"https:\/\/atelierypsilon.com\/product\/kit-octavia\/","name":"KIT OCTAVIA - Atelier Ypsilon","isPartOf":{"@id":"https:\/\/atelierypsilon.com\/en\/#website"},"primaryImageOfPage":{"@id":"https:\/\/atelierypsilon.com\/product\/kit-octavia\/#primaryimage"},"image":{"@id":"https:\/\/atelierypsilon.com\/product\/kit-octavia\/#primaryimage"},"thumbnailUrl":"https:\/\/atelierypsilon.com\/wp-content\/uploads\/2024\/01\/Livret_Page_01.png","datePublished":"2024-01-24T19:25:21+00:00","dateModified":"2026-04-13T21:01:34+00:00","description":"Patron de couture PDF et POCHETTE du PULL ADA - Explorez l'univers de la couture avec le patron de couture Ada, alliant mode, intelligence et audace.","breadcrumb":{"@id":"https:\/\/atelierypsilon.com\/product\/kit-octavia\/#breadcrumb"},"inLanguage":"en-GB","potentialAction":[{"@type":"ReadAction","target":["https:\/\/atelierypsilon.com\/product\/kit-octavia\/"]}]},{"@type":"ImageObject","inLanguage":"en-GB","@id":"https:\/\/atelierypsilon.com\/product\/kit-octavia\/#primaryimage","url":"https:\/\/atelierypsilon.com\/wp-content\/uploads\/2024\/01\/Livret_Page_01.png","contentUrl":"https:\/\/atelierypsilon.com\/wp-content\/uploads\/2024\/01\/Livret_Page_01.png","width":1166,"height":1654,"caption":"kit octavia p1"},{"@type":"BreadcrumbList","@id":"https:\/\/atelierypsilon.com\/product\/kit-octavia\/#breadcrumb","itemListElement":[{"@type":"ListItem","position":1,"name":"Accueil","item":"https:\/\/atelierypsilon.com\/"},{"@type":"ListItem","position":2,"name":"Products","item":"https:\/\/atelierypsilon.com\/en\/shop\/"},{"@type":"ListItem","position":3,"name":"KIT OCTAVIA"}]},{"@type":"WebSite","@id":"https:\/\/atelierypsilon.com\/en\/#website","url":"https:\/\/atelierypsilon.com\/en\/","name":"Atelier Ypsilon","description":"","publisher":{"@id":"https:\/\/atelierypsilon.com\/en\/#organization"},"potentialAction":[{"@type":"SearchAction","target":{"@type":"EntryPoint","urlTemplate":"https:\/\/atelierypsilon.com\/en\/?s={search_term_string}"},"query-input":{"@type":"PropertyValueSpecification","valueRequired":true,"valueName":"search_term_string"}}],"inLanguage":"en-GB"},{"@type":"Organization","@id":"https:\/\/atelierypsilon.com\/en\/#organization","name":"Atelier Ypsilon","url":"https:\/\/atelierypsilon.com\/en\/","logo":{"@type":"ImageObject","inLanguage":"en-GB","@id":"https:\/\/atelierypsilon.com\/en\/#\/schema\/logo\/image\/","url":"https:\/\/atelierypsilon.com\/wp-content\/uploads\/2023\/08\/AY-Logo2022_ay2-1.png","contentUrl":"https:\/\/atelierypsilon.com\/wp-content\/uploads\/2023\/08\/AY-Logo2022_ay2-1.png","width":1000,"height":250,"caption":"Atelier Ypsilon"},"image":{"@id":"https:\/\/atelierypsilon.com\/en\/#\/schema\/logo\/image\/"},"sameAs":["https:\/\/www.instagram.com\/atelier.ypsilon_patterns\/"]}]}},"jetpack_sharing_enabled":true,"_links":{"self":[{"href":"https:\/\/atelierypsilon.com\/en\/wp-json\/wp\/v2\/product\/1856","targetHints":{"allow":["GET"]}}],"collection":[{"href":"https:\/\/atelierypsilon.com\/en\/wp-json\/wp\/v2\/product"}],"about":[{"href":"https:\/\/atelierypsilon.com\/en\/wp-json\/wp\/v2\/types\/product"}],"replies":[{"embeddable":true,"href":"https:\/\/atelierypsilon.com\/en\/wp-json\/wp\/v2\/comments?post=1856"}],"wp:featuredmedia":[{"embeddable":true,"href":"https:\/\/atelierypsilon.com\/en\/wp-json\/wp\/v2\/media\/1860"}],"wp:attachment":[{"href":"https:\/\/atelierypsilon.com\/en\/wp-json\/wp\/v2\/media?parent=1856"}],"wp:term":[{"taxonomy":"product_brand","embeddable":true,"href":"https:\/\/atelierypsilon.com\/en\/wp-json\/wp\/v2\/product_brand?post=1856"},{"taxonomy":"product_cat","embeddable":true,"href":"https:\/\/atelierypsilon.com\/en\/wp-json\/wp\/v2\/product_cat?post=1856"},{"taxonomy":"product_tag","embeddable":true,"href":"https:\/\/atelierypsilon.com\/en\/wp-json\/wp\/v2\/product_tag?post=1856"}],"curies":[{"name":"wp","href":"https:\/\/api.w.org\/{rel}","templated":true}]}}