{"id":1741,"date":"2023-11-26T14:04:23","date_gmt":"2023-11-26T14:04:23","guid":{"rendered":"https:\/\/atelierypsilon.com\/?post_type=product&#038;p=1741"},"modified":"2024-01-04T18:36:29","modified_gmt":"2024-01-04T18:36:29","slug":"pantalon-tamar","status":"publish","type":"product","link":"https:\/\/atelierypsilon.com\/en\/product\/pantalon-tamar\/","title":{"rendered":"Pantalon Tamar"},"content":{"rendered":"<p>Information mati\u00e8res du patron de couture du Pantalon TAMAR<\/p>\n<p>Plusieurs options s\u2019offrent \u00e0 vous en fonction du style que vous souhaitez donner \u00e0 votre v\u00eatement. Vous pouvez choisir un drap de laine pour un pantalon d\u2019hiver, un cr\u00eape pour un pantalon plus habill\u00e9, ou encore un coton pour un pantalon de tous les jours. Cependant, je vous d\u00e9conseille fortement d\u2019utiliser des mati\u00e8res contenant beaucoup d\u2019\u00e9lasthanne ou tr\u00e8s extensibles. Le patron du pantalon TAMAR n\u2019est pas du tout con\u00e7u pour ce type de tissu.<br \/>\nIl est essentiel de consid\u00e9rer le poids du tissu. Je vous recommande de choisir un tissu avec un poids d\u2019environ 150 \u00e0 300 g\/m\u00b2. Cela donnera au v\u00eatement un tomb\u00e9 ni trop l\u00e9g\u00e9 ni trop lourd, \u00e9vitant ainsi d\u2019alourdir votre silhouette. Veillez donc \u00e0 accorder une attention particuli\u00e8re \u00e0 ce crit\u00e8re lors de votre s\u00e9lection de tissu.<\/p>\n<p>Voici quelques propositions :<\/p>\n<p><a href=\"https:\/\/www.tessuti.fr\/products\/tissu-poids-tailleurs-rayures?_pos=1&amp;_sid=81ff2b688&amp;_ss=r\">TORRETTO TESSUTI<\/a><\/p>\n<p><a href=\"https:\/\/www.mondialtissus.fr\/tissu-satin-de-coton-stretch-imprime-fleurs-indiennes-vert-315196.html\">MONDIAL TISSUS<\/a><\/p>\n<p><a href=\"https:\/\/www.bennytex.fr\/18629-drap-de-laine-soie-fin-costume-chine-gris-clair-petite-laize.html?search_query=LAINE874&amp;results=1\">BENNYTEX<\/a><\/p>\n<p>Il est essentiel de consid\u00e9rer le poids du tissu. Je vous recommande de choisir un tissu avec un poids d\u2019environ 150 \u00e0 300 g\/m\u00b2. Cela donnera au v\u00eatement un tomb\u00e9 ni trop l\u00e9g\u00e9 ni trop lourd, \u00e9vitant ainsi d\u2019alourdir votre silhouette. Veillez donc \u00e0 accorder une attention particuli\u00e8re \u00e0 ce crit\u00e8re lors de votre s\u00e9lection de tissu.<\/p>\n<p><a href=\"https:\/\/atelierypsilon.com\/wp-content\/uploads\/2023\/11\/Capture-decran-2023-11-27-165750.png\"><img loading=\"lazy\" decoding=\"async\" class=\"alignnone wp-image-1747 size-medium\" src=\"https:\/\/atelierypsilon.com\/wp-content\/uploads\/2023\/11\/Capture-decran-2023-11-27-165750-212x300.png\" alt=\"Fourniture et guide des tailles\" width=\"212\" height=\"300\" srcset=\"https:\/\/atelierypsilon.com\/wp-content\/uploads\/2023\/11\/Capture-decran-2023-11-27-165750-212x300.png 212w, https:\/\/atelierypsilon.com\/wp-content\/uploads\/2023\/11\/Capture-decran-2023-11-27-165750-8x12.png 8w, https:\/\/atelierypsilon.com\/wp-content\/uploads\/2023\/11\/Capture-decran-2023-11-27-165750-300x425.png 300w, https:\/\/atelierypsilon.com\/wp-content\/uploads\/2023\/11\/Capture-decran-2023-11-27-165750.png 481w\" sizes=\"auto, (max-width: 212px) 100vw, 212px\" \/><\/a> <a href=\"https:\/\/atelierypsilon.com\/wp-content\/uploads\/2023\/11\/Capture-decran-2023-11-27-165652.png\"><img loading=\"lazy\" decoding=\"async\" class=\"alignnone wp-image-1748 size-medium\" src=\"https:\/\/atelierypsilon.com\/wp-content\/uploads\/2023\/11\/Capture-decran-2023-11-27-165652-211x300.png\" alt=\"Guide d'impression\" width=\"211\" height=\"300\" srcset=\"https:\/\/atelierypsilon.com\/wp-content\/uploads\/2023\/11\/Capture-decran-2023-11-27-165652-211x300.png 211w, https:\/\/atelierypsilon.com\/wp-content\/uploads\/2023\/11\/Capture-decran-2023-11-27-165652-8x12.png 8w, https:\/\/atelierypsilon.com\/wp-content\/uploads\/2023\/11\/Capture-decran-2023-11-27-165652-300x428.png 300w, https:\/\/atelierypsilon.com\/wp-content\/uploads\/2023\/11\/Capture-decran-2023-11-27-165652.png 480w\" sizes=\"auto, (max-width: 211px) 100vw, 211px\" \/><\/a> <a href=\"https:\/\/atelierypsilon.com\/wp-content\/uploads\/2023\/11\/Capture-decran-2023-11-27-165626.png\"><img loading=\"lazy\" decoding=\"async\" class=\"alignnone wp-image-1749 size-medium\" src=\"https:\/\/atelierypsilon.com\/wp-content\/uploads\/2023\/11\/Capture-decran-2023-11-27-165626-211x300.png\" alt=\"Consommable\" width=\"211\" height=\"300\" srcset=\"https:\/\/atelierypsilon.com\/wp-content\/uploads\/2023\/11\/Capture-decran-2023-11-27-165626-211x300.png 211w, https:\/\/atelierypsilon.com\/wp-content\/uploads\/2023\/11\/Capture-decran-2023-11-27-165626-8x12.png 8w, https:\/\/atelierypsilon.com\/wp-content\/uploads\/2023\/11\/Capture-decran-2023-11-27-165626-300x427.png 300w, https:\/\/atelierypsilon.com\/wp-content\/uploads\/2023\/11\/Capture-decran-2023-11-27-165626.png 481w\" sizes=\"auto, (max-width: 211px) 100vw, 211px\" \/><\/a><\/p>\n<p>&nbsp;<\/p>\n<p>TOUTES LES VALEURS DE COUTURES SONT COMPRISES DANS LE PATRON.<\/p>\n<p>FINI LES GRANDS POSTERS AUX RACCORDS IMPOSSIBLES\u00a0 &#8211; UNE SEULE PI\u00c8CE DE PATRON PAR ENSEMBLE DE FEUILLES.<\/p>","protected":false},"excerpt":{"rendered":"<p>Explorez le Pantalon Tamar, un mod\u00e8le distingu\u00e9 qui peut \u00eatre port\u00e9 de mani\u00e8re ample ou pr\u00e8s du corps. Un incontournable qui devrait figurer dans toute garde-robe, il pr\u00e9sente une touche distinctive au niveau de la taille, le rendant v\u00e9ritablement unique.<\/p>\n<p>En fonction du tissu que vous choisirez, ce pantalon sera id\u00e9al pour toutes les saisons. Vous avez \u00e9galement la possibilit\u00e9 de le r\u00e9aliser en version short pour davantage de variations. Voici l&rsquo;incarnation m\u00eame de l&rsquo;\u00e9l\u00e9gance et du style contemporain. La principale subtilit\u00e9 r\u00e9side dans la recherche de sym\u00e9trie sur le devant, particuli\u00e8rement avec les plis.<\/p>\n<p>Si d&rsquo;aventure vous rencontrez des d\u00e9fis lors de la confection de ce pantalon, n&rsquo;h\u00e9sitez pas \u00e0 contacter Atelier Ypsilon Patterns sur Instagram. Nous sommes l\u00e0 pour vous guider dans la cr\u00e9ation de votre propre chef-d&rsquo;\u0153uvre couture, digne des ic\u00f4nes de style des ann\u00e9es 50.<\/p>","protected":false},"featured_media":1751,"comment_status":"open","ping_status":"closed","template":"","meta":{"_angie_page":false,"jetpack_post_was_ever_published":false},"product_brand":[],"product_cat":[29],"product_tag":[27,28,73,25],"class_list":{"0":"post-1741","1":"product","2":"type-product","3":"status-publish","4":"has-post-thumbnail","6":"product_cat-patron-de-couture","7":"product_tag-automne","8":"product_tag-hiver","9":"product_tag-pantalon","10":"product_tag-patron","11":"product_shipping_class-france","13":"first","14":"instock","15":"shipping-taxable","16":"purchasable","17":"product-type-variable"},"yoast_head":"<!-- This site is optimized with the Yoast SEO plugin v27.3 - https:\/\/yoast.com\/product\/yoast-seo-wordpress\/ -->\n<title>Pantalon Tamar - Atelier Ypsilon<\/title>\n<meta name=\"description\" content=\"Patron de couture PDF et POCHETTE du PANTALON TAMAR - Explorez le Pantalon Tamar, un mod\u00e8le distingu\u00e9 qui peut \u00eatre port\u00e9 de mani\u00e8re ample ou pr\u00e8s du corps.\" \/>\n<meta name=\"robots\" content=\"index, follow, max-snippet:-1, max-image-preview:large, max-video-preview:-1\" \/>\n<link rel=\"canonical\" href=\"https:\/\/atelierypsilon.com\/en\/product\/pantalon-tamar\/\" \/>\n<meta property=\"og:locale\" content=\"en_GB\" \/>\n<meta property=\"og:type\" content=\"article\" \/>\n<meta property=\"og:title\" content=\"Pantalon Tamar - Atelier Ypsilon\" \/>\n<meta property=\"og:description\" content=\"Patron de couture PDF et POCHETTE du PANTALON TAMAR - Explorez le Pantalon Tamar, un mod\u00e8le distingu\u00e9 qui peut \u00eatre port\u00e9 de mani\u00e8re ample ou pr\u00e8s du corps.\" \/>\n<meta property=\"og:url\" content=\"https:\/\/atelierypsilon.com\/en\/product\/pantalon-tamar\/\" \/>\n<meta property=\"og:site_name\" content=\"Atelier Ypsilon\" \/>\n<meta property=\"article:modified_time\" content=\"2024-01-04T18:36:29+00:00\" \/>\n<meta property=\"og:image\" content=\"https:\/\/atelierypsilon.com\/wp-content\/uploads\/2023\/11\/Capture-decran-2023-11-27-171321.png\" \/>\n\t<meta property=\"og:image:width\" content=\"477\" \/>\n\t<meta property=\"og:image:height\" content=\"680\" \/>\n\t<meta property=\"og:image:type\" content=\"image\/png\" \/>\n<meta name=\"twitter:card\" content=\"summary_large_image\" \/>\n<meta name=\"twitter:label1\" content=\"Estimated reading time\" \/>\n\t<meta name=\"twitter:data1\" content=\"2 minutes\" \/>\n<script type=\"application\/ld+json\" class=\"yoast-schema-graph\">{\"@context\":\"https:\\\/\\\/schema.org\",\"@graph\":[{\"@type\":\"WebPage\",\"@id\":\"https:\\\/\\\/atelierypsilon.com\\\/product\\\/pantalon-tamar\\\/\",\"url\":\"https:\\\/\\\/atelierypsilon.com\\\/product\\\/pantalon-tamar\\\/\",\"name\":\"Pantalon Tamar - Atelier Ypsilon\",\"isPartOf\":{\"@id\":\"https:\\\/\\\/atelierypsilon.com\\\/en\\\/#website\"},\"primaryImageOfPage\":{\"@id\":\"https:\\\/\\\/atelierypsilon.com\\\/product\\\/pantalon-tamar\\\/#primaryimage\"},\"image\":{\"@id\":\"https:\\\/\\\/atelierypsilon.com\\\/product\\\/pantalon-tamar\\\/#primaryimage\"},\"thumbnailUrl\":\"https:\\\/\\\/atelierypsilon.com\\\/wp-content\\\/uploads\\\/2023\\\/11\\\/Capture-decran-2023-11-27-171321.png\",\"datePublished\":\"2023-11-26T14:04:23+00:00\",\"dateModified\":\"2024-01-04T18:36:29+00:00\",\"description\":\"Patron de couture PDF et POCHETTE du PANTALON TAMAR - Explorez le Pantalon Tamar, un mod\u00e8le distingu\u00e9 qui peut \u00eatre port\u00e9 de mani\u00e8re ample ou pr\u00e8s du corps.\",\"breadcrumb\":{\"@id\":\"https:\\\/\\\/atelierypsilon.com\\\/product\\\/pantalon-tamar\\\/#breadcrumb\"},\"inLanguage\":\"en-GB\",\"potentialAction\":[{\"@type\":\"ReadAction\",\"target\":[\"https:\\\/\\\/atelierypsilon.com\\\/product\\\/pantalon-tamar\\\/\"]}]},{\"@type\":\"ImageObject\",\"inLanguage\":\"en-GB\",\"@id\":\"https:\\\/\\\/atelierypsilon.com\\\/product\\\/pantalon-tamar\\\/#primaryimage\",\"url\":\"https:\\\/\\\/atelierypsilon.com\\\/wp-content\\\/uploads\\\/2023\\\/11\\\/Capture-decran-2023-11-27-171321.png\",\"contentUrl\":\"https:\\\/\\\/atelierypsilon.com\\\/wp-content\\\/uploads\\\/2023\\\/11\\\/Capture-decran-2023-11-27-171321.png\",\"width\":477,\"height\":680,\"caption\":\"Pantalon tamar\"},{\"@type\":\"BreadcrumbList\",\"@id\":\"https:\\\/\\\/atelierypsilon.com\\\/product\\\/pantalon-tamar\\\/#breadcrumb\",\"itemListElement\":[{\"@type\":\"ListItem\",\"position\":1,\"name\":\"Accueil\",\"item\":\"https:\\\/\\\/atelierypsilon.com\\\/\"},{\"@type\":\"ListItem\",\"position\":2,\"name\":\"Products\",\"item\":\"https:\\\/\\\/atelierypsilon.com\\\/en\\\/shop\\\/\"},{\"@type\":\"ListItem\",\"position\":3,\"name\":\"Pantalon Tamar\"}]},{\"@type\":\"WebSite\",\"@id\":\"https:\\\/\\\/atelierypsilon.com\\\/en\\\/#website\",\"url\":\"https:\\\/\\\/atelierypsilon.com\\\/en\\\/\",\"name\":\"Atelier Ypsilon\",\"description\":\"\",\"publisher\":{\"@id\":\"https:\\\/\\\/atelierypsilon.com\\\/en\\\/#organization\"},\"potentialAction\":[{\"@type\":\"SearchAction\",\"target\":{\"@type\":\"EntryPoint\",\"urlTemplate\":\"https:\\\/\\\/atelierypsilon.com\\\/en\\\/?s={search_term_string}\"},\"query-input\":{\"@type\":\"PropertyValueSpecification\",\"valueRequired\":true,\"valueName\":\"search_term_string\"}}],\"inLanguage\":\"en-GB\"},{\"@type\":\"Organization\",\"@id\":\"https:\\\/\\\/atelierypsilon.com\\\/en\\\/#organization\",\"name\":\"Atelier Ypsilon\",\"url\":\"https:\\\/\\\/atelierypsilon.com\\\/en\\\/\",\"logo\":{\"@type\":\"ImageObject\",\"inLanguage\":\"en-GB\",\"@id\":\"https:\\\/\\\/atelierypsilon.com\\\/en\\\/#\\\/schema\\\/logo\\\/image\\\/\",\"url\":\"https:\\\/\\\/atelierypsilon.com\\\/wp-content\\\/uploads\\\/2023\\\/08\\\/AY-Logo2022_ay2-1.png\",\"contentUrl\":\"https:\\\/\\\/atelierypsilon.com\\\/wp-content\\\/uploads\\\/2023\\\/08\\\/AY-Logo2022_ay2-1.png\",\"width\":1000,\"height\":250,\"caption\":\"Atelier Ypsilon\"},\"image\":{\"@id\":\"https:\\\/\\\/atelierypsilon.com\\\/en\\\/#\\\/schema\\\/logo\\\/image\\\/\"},\"sameAs\":[\"https:\\\/\\\/www.instagram.com\\\/atelier.ypsilon_patterns\\\/\"]}]}<\/script>\n<!-- \/ Yoast SEO plugin. -->","yoast_head_json":{"title":"Pantalon Tamar - Atelier Ypsilon","description":"Patron de couture PDF et POCHETTE du PANTALON TAMAR - Explorez le Pantalon Tamar, un mod\u00e8le distingu\u00e9 qui peut \u00eatre port\u00e9 de mani\u00e8re ample ou pr\u00e8s du corps.","robots":{"index":"index","follow":"follow","max-snippet":"max-snippet:-1","max-image-preview":"max-image-preview:large","max-video-preview":"max-video-preview:-1"},"canonical":"https:\/\/atelierypsilon.com\/en\/product\/pantalon-tamar\/","og_locale":"en_GB","og_type":"article","og_title":"Pantalon Tamar - Atelier Ypsilon","og_description":"Patron de couture PDF et POCHETTE du PANTALON TAMAR - Explorez le Pantalon Tamar, un mod\u00e8le distingu\u00e9 qui peut \u00eatre port\u00e9 de mani\u00e8re ample ou pr\u00e8s du corps.","og_url":"https:\/\/atelierypsilon.com\/en\/product\/pantalon-tamar\/","og_site_name":"Atelier Ypsilon","article_modified_time":"2024-01-04T18:36:29+00:00","og_image":[{"width":477,"height":680,"url":"https:\/\/atelierypsilon.com\/wp-content\/uploads\/2023\/11\/Capture-decran-2023-11-27-171321.png","type":"image\/png"}],"twitter_card":"summary_large_image","twitter_misc":{"Estimated reading time":"2 minutes"},"schema":{"@context":"https:\/\/schema.org","@graph":[{"@type":"WebPage","@id":"https:\/\/atelierypsilon.com\/product\/pantalon-tamar\/","url":"https:\/\/atelierypsilon.com\/product\/pantalon-tamar\/","name":"Pantalon Tamar - Atelier Ypsilon","isPartOf":{"@id":"https:\/\/atelierypsilon.com\/en\/#website"},"primaryImageOfPage":{"@id":"https:\/\/atelierypsilon.com\/product\/pantalon-tamar\/#primaryimage"},"image":{"@id":"https:\/\/atelierypsilon.com\/product\/pantalon-tamar\/#primaryimage"},"thumbnailUrl":"https:\/\/atelierypsilon.com\/wp-content\/uploads\/2023\/11\/Capture-decran-2023-11-27-171321.png","datePublished":"2023-11-26T14:04:23+00:00","dateModified":"2024-01-04T18:36:29+00:00","description":"Patron de couture PDF et POCHETTE du PANTALON TAMAR - Explorez le Pantalon Tamar, un mod\u00e8le distingu\u00e9 qui peut \u00eatre port\u00e9 de mani\u00e8re ample ou pr\u00e8s du corps.","breadcrumb":{"@id":"https:\/\/atelierypsilon.com\/product\/pantalon-tamar\/#breadcrumb"},"inLanguage":"en-GB","potentialAction":[{"@type":"ReadAction","target":["https:\/\/atelierypsilon.com\/product\/pantalon-tamar\/"]}]},{"@type":"ImageObject","inLanguage":"en-GB","@id":"https:\/\/atelierypsilon.com\/product\/pantalon-tamar\/#primaryimage","url":"https:\/\/atelierypsilon.com\/wp-content\/uploads\/2023\/11\/Capture-decran-2023-11-27-171321.png","contentUrl":"https:\/\/atelierypsilon.com\/wp-content\/uploads\/2023\/11\/Capture-decran-2023-11-27-171321.png","width":477,"height":680,"caption":"Pantalon tamar"},{"@type":"BreadcrumbList","@id":"https:\/\/atelierypsilon.com\/product\/pantalon-tamar\/#breadcrumb","itemListElement":[{"@type":"ListItem","position":1,"name":"Accueil","item":"https:\/\/atelierypsilon.com\/"},{"@type":"ListItem","position":2,"name":"Products","item":"https:\/\/atelierypsilon.com\/en\/shop\/"},{"@type":"ListItem","position":3,"name":"Pantalon Tamar"}]},{"@type":"WebSite","@id":"https:\/\/atelierypsilon.com\/en\/#website","url":"https:\/\/atelierypsilon.com\/en\/","name":"Atelier Ypsilon","description":"","publisher":{"@id":"https:\/\/atelierypsilon.com\/en\/#organization"},"potentialAction":[{"@type":"SearchAction","target":{"@type":"EntryPoint","urlTemplate":"https:\/\/atelierypsilon.com\/en\/?s={search_term_string}"},"query-input":{"@type":"PropertyValueSpecification","valueRequired":true,"valueName":"search_term_string"}}],"inLanguage":"en-GB"},{"@type":"Organization","@id":"https:\/\/atelierypsilon.com\/en\/#organization","name":"Atelier Ypsilon","url":"https:\/\/atelierypsilon.com\/en\/","logo":{"@type":"ImageObject","inLanguage":"en-GB","@id":"https:\/\/atelierypsilon.com\/en\/#\/schema\/logo\/image\/","url":"https:\/\/atelierypsilon.com\/wp-content\/uploads\/2023\/08\/AY-Logo2022_ay2-1.png","contentUrl":"https:\/\/atelierypsilon.com\/wp-content\/uploads\/2023\/08\/AY-Logo2022_ay2-1.png","width":1000,"height":250,"caption":"Atelier Ypsilon"},"image":{"@id":"https:\/\/atelierypsilon.com\/en\/#\/schema\/logo\/image\/"},"sameAs":["https:\/\/www.instagram.com\/atelier.ypsilon_patterns\/"]}]}},"jetpack_sharing_enabled":true,"_links":{"self":[{"href":"https:\/\/atelierypsilon.com\/en\/wp-json\/wp\/v2\/product\/1741","targetHints":{"allow":["GET"]}}],"collection":[{"href":"https:\/\/atelierypsilon.com\/en\/wp-json\/wp\/v2\/product"}],"about":[{"href":"https:\/\/atelierypsilon.com\/en\/wp-json\/wp\/v2\/types\/product"}],"replies":[{"embeddable":true,"href":"https:\/\/atelierypsilon.com\/en\/wp-json\/wp\/v2\/comments?post=1741"}],"wp:featuredmedia":[{"embeddable":true,"href":"https:\/\/atelierypsilon.com\/en\/wp-json\/wp\/v2\/media\/1751"}],"wp:attachment":[{"href":"https:\/\/atelierypsilon.com\/en\/wp-json\/wp\/v2\/media?parent=1741"}],"wp:term":[{"taxonomy":"product_brand","embeddable":true,"href":"https:\/\/atelierypsilon.com\/en\/wp-json\/wp\/v2\/product_brand?post=1741"},{"taxonomy":"product_cat","embeddable":true,"href":"https:\/\/atelierypsilon.com\/en\/wp-json\/wp\/v2\/product_cat?post=1741"},{"taxonomy":"product_tag","embeddable":true,"href":"https:\/\/atelierypsilon.com\/en\/wp-json\/wp\/v2\/product_tag?post=1741"}],"curies":[{"name":"wp","href":"https:\/\/api.w.org\/{rel}","templated":true}]}}