{"id":856,"date":"2023-09-18T13:47:16","date_gmt":"2023-09-18T13:47:16","guid":{"rendered":"http:\/\/atelierypsilon.local\/?page_id=856"},"modified":"2023-09-18T13:56:56","modified_gmt":"2023-09-18T13:56:56","slug":"cgv","status":"publish","type":"page","link":"https:\/\/atelierypsilon.com\/en\/cgv\/","title":{"rendered":"CGV"},"content":{"rendered":"<div data-elementor-type=\"wp-page\" data-elementor-id=\"856\" class=\"elementor elementor-856\" data-elementor-post-type=\"page\">\n\t\t\t\t<div class=\"elementor-element elementor-element-5cd51273 e-con-full e-flex e-con e-parent\" data-id=\"5cd51273\" data-element_type=\"container\" data-e-type=\"container\">\n\t\t\t\t<div class=\"elementor-element elementor-element-08db2b0 elementor-widget elementor-widget-heading\" data-id=\"08db2b0\" data-element_type=\"widget\" data-e-type=\"widget\" data-widget_type=\"heading.default\">\n\t\t\t\t<div class=\"elementor-widget-container\">\n\t\t\t\t\t<h2 class=\"elementor-heading-title elementor-size-default\">Conditions G\u00e9n\u00e9rales de Vente (CGV)<\/h2>\t\t\t\t<\/div>\n\t\t\t\t<\/div>\n\t\t\t\t<\/div>\n\t\t<div class=\"elementor-element elementor-element-459e690 e-flex e-con-boxed e-con e-parent\" data-id=\"459e690\" data-element_type=\"container\" data-e-type=\"container\">\n\t\t\t\t\t<div class=\"e-con-inner\">\n\t\t\t\t<div class=\"elementor-element elementor-element-b773b34 elementor-widget elementor-widget-text-editor\" data-id=\"b773b34\" data-element_type=\"widget\" data-e-type=\"widget\" data-widget_type=\"text-editor.default\">\n\t\t\t\t<div class=\"elementor-widget-container\">\n\t\t\t\t\t\t\t\t\t<h2>Article 1 &#8211; Parties au Contrat<\/h2><p>Les pr\u00e9sentes Conditions G\u00e9n\u00e9rales de Vente (CGV) sont conclues entre les parties suivantes :<\/p><h3>1.1 Le Vendeur<\/h3><p>Sous le nom commercial \u00ab\u00a0Atelier Ypsilon\u00a0\u00bb, Mme. Yolaine LUCAS, immatricul\u00e9e sous le num\u00e9ro 830 876 975 00020, domicili\u00e9e \u00e0 Villeurbanne.<\/p><h3>1.2 Le Client<\/h3><p>Le terme \u00ab\u00a0Client\u00a0\u00bb d\u00e9signe toute personne physique majeure et juridiquement capable.<\/p><h2>Article 2 &#8211; Collecte des Donn\u00e9es<\/h2><p>Conform\u00e9ment \u00e0 l&rsquo;article 13 du <a title=\"RGPD\" href=\"http:\/\/atelierypsilon.local\/refund_returns\/\">R\u00e8glement G\u00e9n\u00e9ral sur la Protection des Donn\u00e9es (RGPD)<\/a>, lors de la cr\u00e9ation d&rsquo;un compte ou de la passation d&rsquo;une commande, des donn\u00e9es personnelles du Client peuvent \u00eatre collect\u00e9es. Le traitement de ces donn\u00e9es est soumis \u00e0 notre Politique de Protection des Donn\u00e9es Personnelles, disponible sur notre site web.<\/p><h2>Article 3 &#8211; Description des Produits<\/h2><p>Atelier Ypsilon propose les produits suivants, en accord avec l&rsquo;article L. 111-1 du Code de la consommation :<br \/>&#8211; La vente de patrons de couture en format PDF (t\u00e9l\u00e9chargeables)<br \/>&#8211; La vente de patrons de couture en format pochette (exp\u00e9di\u00e9s)<br \/>&#8211; La vente de v\u00eatements et accessoires fabriqu\u00e9s par le Vendeur (exp\u00e9di\u00e9s)<\/p><h2>Article 4 &#8211; Passation de Commande<\/h2><p>Le Client peut passer commande en ligne via notre site web, conform\u00e9ment \u00e0 l&rsquo;article L. 111-2 du Code de la consommation. Les d\u00e9tails de chaque produit, le prix total, et les modalit\u00e9s de paiement seront affich\u00e9s avant la validation de la commande.<\/p><h2>Article 5 &#8211; Prix<\/h2><p>Les prix sont indiqu\u00e9s en euros (\u20ac) toutes taxes comprises (TTC), conform\u00e9ment \u00e0 l&rsquo;article L. 113-3 du Code de la consommation. Le Vendeur se r\u00e9serve le droit de modifier les prix, mais les produits seront factur\u00e9s au tarif en vigueur au moment de la passation de la commande.<\/p><h2>Article 6 &#8211; Droit de R\u00e9traction<\/h2><p>Conform\u00e9ment \u00e0 l&rsquo;article L. 221-18 du Code de la consommation, le Client b\u00e9n\u00e9ficie d&rsquo;un droit de r\u00e9tractation de 14 jours \u00e0 compter de la r\u00e9ception des produits exp\u00e9di\u00e9s. Cependant, ce droit de r\u00e9tractation est nul pour les produits t\u00e9l\u00e9chargeables, tels que les patrons de couture au format PDF. Les modalit\u00e9s de retour pour les produits exp\u00e9di\u00e9s sont d\u00e9finies dans notre Politique de Retour, conforme \u00e0 l&rsquo;article L. 221-24 du Code de la consommation.<\/p><h2>Article 7 &#8211; Modalit\u00e9s de Remboursement<\/h2><p>Les remboursements seront effectu\u00e9s conform\u00e9ment \u00e0 notre Politique de Retour et seront cr\u00e9dit\u00e9s sur le moyen de paiement utilis\u00e9 lors de la commande, en accord avec l&rsquo;article L. 221-24 du Code de la consommation.<\/p><h2>Article 8 &#8211; Propri\u00e9t\u00e9 Intellectuelle<\/h2><p>Conform\u00e9ment \u00e0 l&rsquo;article L. 611-1 du Code de la propri\u00e9t\u00e9 intellectuelle, tous les mod\u00e8les et la marque d&rsquo;Atelier Ypsilon sont d\u00e9pos\u00e9s \u00e0 l&rsquo;INPI (Institut National de la Propri\u00e9t\u00e9 Industrielle).<\/p><h2>Article 9 &#8211; Protection des Donn\u00e9es Personnelles<\/h2><p>La collecte et le traitement des donn\u00e9es personnelles du Client sont soumis \u00e0 notre <a title=\"RGPD\" href=\"http:\/\/atelierypsilon.local\/refund_returns\/\">Politique de Protection des Donn\u00e9es Personnelles, conforme aux dispositions du RGPD<\/a>.<\/p><p>Pour toute question ou r\u00e9clamation, veuillez nous contacter \u00e0 <span style=\"text-decoration: underline;\"><strong>serviceclient@atelierypsilon.com<\/strong><\/span> ou via notre site web conform\u00e9ment \u00e0 l&rsquo;article 5 du R\u00e8glement (UE) 524\/2013 relatif au r\u00e8glement en ligne des litiges de consommation.<\/p>\t\t\t\t\t\t\t\t<\/div>\n\t\t\t\t<\/div>\n\t\t\t\t\t<\/div>\n\t\t\t\t<\/div>\n\t\t\t\t<\/div>","protected":false},"excerpt":{"rendered":"<p>Conditions G\u00e9n\u00e9rales de Vente (CGV) Article 1 &#8211; Parties au Contrat Les pr\u00e9sentes Conditions G\u00e9n\u00e9rales de Vente (CGV) sont conclues entre les parties suivantes : 1.1 Le Vendeur Sous le nom commercial \u00ab\u00a0Atelier Ypsilon\u00a0\u00bb, Mme. Yolaine LUCAS, immatricul\u00e9e sous le num\u00e9ro 830 876 975 00020, domicili\u00e9e \u00e0 Villeurbanne. 1.2 Le Client Le terme \u00ab\u00a0Client\u00a0\u00bb d\u00e9signe [&hellip;]<\/p>\n","protected":false},"author":1,"featured_media":0,"parent":0,"menu_order":0,"comment_status":"closed","ping_status":"closed","template":"","meta":{"_angie_page":false,"jetpack_post_was_ever_published":false,"footnotes":""},"class_list":["post-856","page","type-page","status-publish","hentry"],"yoast_head":"<!-- This site is optimized with the Yoast SEO plugin v27.3 - https:\/\/yoast.com\/product\/yoast-seo-wordpress\/ -->\n<title>CGV - Atelier Ypsilon<\/title>\n<meta name=\"robots\" content=\"index, follow, max-snippet:-1, max-image-preview:large, max-video-preview:-1\" \/>\n<link rel=\"canonical\" href=\"https:\/\/atelierypsilon.com\/en\/cgv\/\" \/>\n<meta property=\"og:locale\" content=\"en_GB\" \/>\n<meta property=\"og:type\" content=\"article\" \/>\n<meta property=\"og:title\" content=\"CGV - Atelier Ypsilon\" \/>\n<meta property=\"og:description\" content=\"Conditions G\u00e9n\u00e9rales de Vente (CGV) Article 1 &#8211; Parties au Contrat Les pr\u00e9sentes Conditions G\u00e9n\u00e9rales de Vente (CGV) sont conclues entre les parties suivantes : 1.1 Le Vendeur Sous le nom commercial \u00ab\u00a0Atelier Ypsilon\u00a0\u00bb, Mme. Yolaine LUCAS, immatricul\u00e9e sous le num\u00e9ro 830 876 975 00020, domicili\u00e9e \u00e0 Villeurbanne. 1.2 Le Client Le terme \u00ab\u00a0Client\u00a0\u00bb d\u00e9signe [&hellip;]\" \/>\n<meta property=\"og:url\" content=\"https:\/\/atelierypsilon.com\/en\/cgv\/\" \/>\n<meta property=\"og:site_name\" content=\"Atelier Ypsilon\" \/>\n<meta property=\"article:modified_time\" content=\"2023-09-18T13:56:56+00:00\" \/>\n<meta name=\"twitter:card\" content=\"summary_large_image\" \/>\n<meta name=\"twitter:label1\" content=\"Estimated reading time\" \/>\n\t<meta name=\"twitter:data1\" content=\"3 minutes\" \/>\n<script type=\"application\/ld+json\" class=\"yoast-schema-graph\">{\"@context\":\"https:\\\/\\\/schema.org\",\"@graph\":[{\"@type\":\"WebPage\",\"@id\":\"https:\\\/\\\/atelierypsilon.com\\\/en\\\/cgv\\\/\",\"url\":\"https:\\\/\\\/atelierypsilon.com\\\/en\\\/cgv\\\/\",\"name\":\"CGV - Atelier Ypsilon\",\"isPartOf\":{\"@id\":\"https:\\\/\\\/atelierypsilon.com\\\/en\\\/#website\"},\"datePublished\":\"2023-09-18T13:47:16+00:00\",\"dateModified\":\"2023-09-18T13:56:56+00:00\",\"breadcrumb\":{\"@id\":\"https:\\\/\\\/atelierypsilon.com\\\/en\\\/cgv\\\/#breadcrumb\"},\"inLanguage\":\"en-GB\",\"potentialAction\":[{\"@type\":\"ReadAction\",\"target\":[\"https:\\\/\\\/atelierypsilon.com\\\/en\\\/cgv\\\/\"]}]},{\"@type\":\"BreadcrumbList\",\"@id\":\"https:\\\/\\\/atelierypsilon.com\\\/en\\\/cgv\\\/#breadcrumb\",\"itemListElement\":[{\"@type\":\"ListItem\",\"position\":1,\"name\":\"Accueil\",\"item\":\"https:\\\/\\\/atelierypsilon.com\\\/\"},{\"@type\":\"ListItem\",\"position\":2,\"name\":\"CGV\"}]},{\"@type\":\"WebSite\",\"@id\":\"https:\\\/\\\/atelierypsilon.com\\\/en\\\/#website\",\"url\":\"https:\\\/\\\/atelierypsilon.com\\\/en\\\/\",\"name\":\"Atelier Ypsilon\",\"description\":\"\",\"publisher\":{\"@id\":\"https:\\\/\\\/atelierypsilon.com\\\/en\\\/#organization\"},\"potentialAction\":[{\"@type\":\"SearchAction\",\"target\":{\"@type\":\"EntryPoint\",\"urlTemplate\":\"https:\\\/\\\/atelierypsilon.com\\\/en\\\/?s={search_term_string}\"},\"query-input\":{\"@type\":\"PropertyValueSpecification\",\"valueRequired\":true,\"valueName\":\"search_term_string\"}}],\"inLanguage\":\"en-GB\"},{\"@type\":\"Organization\",\"@id\":\"https:\\\/\\\/atelierypsilon.com\\\/en\\\/#organization\",\"name\":\"Atelier Ypsilon\",\"url\":\"https:\\\/\\\/atelierypsilon.com\\\/en\\\/\",\"logo\":{\"@type\":\"ImageObject\",\"inLanguage\":\"en-GB\",\"@id\":\"https:\\\/\\\/atelierypsilon.com\\\/en\\\/#\\\/schema\\\/logo\\\/image\\\/\",\"url\":\"https:\\\/\\\/atelierypsilon.com\\\/wp-content\\\/uploads\\\/2023\\\/08\\\/AY-Logo2022_ay2-1.png\",\"contentUrl\":\"https:\\\/\\\/atelierypsilon.com\\\/wp-content\\\/uploads\\\/2023\\\/08\\\/AY-Logo2022_ay2-1.png\",\"width\":1000,\"height\":250,\"caption\":\"Atelier Ypsilon\"},\"image\":{\"@id\":\"https:\\\/\\\/atelierypsilon.com\\\/en\\\/#\\\/schema\\\/logo\\\/image\\\/\"},\"sameAs\":[\"https:\\\/\\\/www.instagram.com\\\/atelier.ypsilon_patterns\\\/\"]}]}<\/script>\n<!-- \/ Yoast SEO plugin. -->","yoast_head_json":{"title":"CGV - Atelier Ypsilon","robots":{"index":"index","follow":"follow","max-snippet":"max-snippet:-1","max-image-preview":"max-image-preview:large","max-video-preview":"max-video-preview:-1"},"canonical":"https:\/\/atelierypsilon.com\/en\/cgv\/","og_locale":"en_GB","og_type":"article","og_title":"CGV - Atelier Ypsilon","og_description":"Conditions G\u00e9n\u00e9rales de Vente (CGV) Article 1 &#8211; Parties au Contrat Les pr\u00e9sentes Conditions G\u00e9n\u00e9rales de Vente (CGV) sont conclues entre les parties suivantes : 1.1 Le Vendeur Sous le nom commercial \u00ab\u00a0Atelier Ypsilon\u00a0\u00bb, Mme. Yolaine LUCAS, immatricul\u00e9e sous le num\u00e9ro 830 876 975 00020, domicili\u00e9e \u00e0 Villeurbanne. 1.2 Le Client Le terme \u00ab\u00a0Client\u00a0\u00bb d\u00e9signe [&hellip;]","og_url":"https:\/\/atelierypsilon.com\/en\/cgv\/","og_site_name":"Atelier Ypsilon","article_modified_time":"2023-09-18T13:56:56+00:00","twitter_card":"summary_large_image","twitter_misc":{"Estimated reading time":"3 minutes"},"schema":{"@context":"https:\/\/schema.org","@graph":[{"@type":"WebPage","@id":"https:\/\/atelierypsilon.com\/en\/cgv\/","url":"https:\/\/atelierypsilon.com\/en\/cgv\/","name":"CGV - Atelier Ypsilon","isPartOf":{"@id":"https:\/\/atelierypsilon.com\/en\/#website"},"datePublished":"2023-09-18T13:47:16+00:00","dateModified":"2023-09-18T13:56:56+00:00","breadcrumb":{"@id":"https:\/\/atelierypsilon.com\/en\/cgv\/#breadcrumb"},"inLanguage":"en-GB","potentialAction":[{"@type":"ReadAction","target":["https:\/\/atelierypsilon.com\/en\/cgv\/"]}]},{"@type":"BreadcrumbList","@id":"https:\/\/atelierypsilon.com\/en\/cgv\/#breadcrumb","itemListElement":[{"@type":"ListItem","position":1,"name":"Accueil","item":"https:\/\/atelierypsilon.com\/"},{"@type":"ListItem","position":2,"name":"CGV"}]},{"@type":"WebSite","@id":"https:\/\/atelierypsilon.com\/en\/#website","url":"https:\/\/atelierypsilon.com\/en\/","name":"Atelier Ypsilon","description":"","publisher":{"@id":"https:\/\/atelierypsilon.com\/en\/#organization"},"potentialAction":[{"@type":"SearchAction","target":{"@type":"EntryPoint","urlTemplate":"https:\/\/atelierypsilon.com\/en\/?s={search_term_string}"},"query-input":{"@type":"PropertyValueSpecification","valueRequired":true,"valueName":"search_term_string"}}],"inLanguage":"en-GB"},{"@type":"Organization","@id":"https:\/\/atelierypsilon.com\/en\/#organization","name":"Atelier Ypsilon","url":"https:\/\/atelierypsilon.com\/en\/","logo":{"@type":"ImageObject","inLanguage":"en-GB","@id":"https:\/\/atelierypsilon.com\/en\/#\/schema\/logo\/image\/","url":"https:\/\/atelierypsilon.com\/wp-content\/uploads\/2023\/08\/AY-Logo2022_ay2-1.png","contentUrl":"https:\/\/atelierypsilon.com\/wp-content\/uploads\/2023\/08\/AY-Logo2022_ay2-1.png","width":1000,"height":250,"caption":"Atelier Ypsilon"},"image":{"@id":"https:\/\/atelierypsilon.com\/en\/#\/schema\/logo\/image\/"},"sameAs":["https:\/\/www.instagram.com\/atelier.ypsilon_patterns\/"]}]}},"jetpack_sharing_enabled":true,"_links":{"self":[{"href":"https:\/\/atelierypsilon.com\/en\/wp-json\/wp\/v2\/pages\/856","targetHints":{"allow":["GET"]}}],"collection":[{"href":"https:\/\/atelierypsilon.com\/en\/wp-json\/wp\/v2\/pages"}],"about":[{"href":"https:\/\/atelierypsilon.com\/en\/wp-json\/wp\/v2\/types\/page"}],"author":[{"embeddable":true,"href":"https:\/\/atelierypsilon.com\/en\/wp-json\/wp\/v2\/users\/1"}],"replies":[{"embeddable":true,"href":"https:\/\/atelierypsilon.com\/en\/wp-json\/wp\/v2\/comments?post=856"}],"version-history":[{"count":9,"href":"https:\/\/atelierypsilon.com\/en\/wp-json\/wp\/v2\/pages\/856\/revisions"}],"predecessor-version":[{"id":871,"href":"https:\/\/atelierypsilon.com\/en\/wp-json\/wp\/v2\/pages\/856\/revisions\/871"}],"wp:attachment":[{"href":"https:\/\/atelierypsilon.com\/en\/wp-json\/wp\/v2\/media?parent=856"}],"curies":[{"name":"wp","href":"https:\/\/api.w.org\/{rel}","templated":true}]}}