{"id":291,"date":"2023-08-11T12:36:02","date_gmt":"2023-08-11T12:36:02","guid":{"rendered":"http:\/\/atelierypsilon.local\/my-account\/"},"modified":"2023-09-18T13:57:33","modified_gmt":"2023-09-18T13:57:33","slug":"mon-compte","status":"publish","type":"page","link":"https:\/\/atelierypsilon.com\/en\/mon-compte\/","title":{"rendered":"Mon compte"},"content":{"rendered":"<div data-elementor-type=\"wp-page\" data-elementor-id=\"291\" class=\"elementor elementor-291\" data-elementor-post-type=\"page\">\n\t\t\t\t<div class=\"elementor-element elementor-element-584af1a2 e-flex e-con-boxed e-con e-parent\" data-id=\"584af1a2\" data-element_type=\"container\" data-e-type=\"container\">\n\t\t\t\t\t<div class=\"e-con-inner\">\n\t\t\t\t<div class=\"elementor-element elementor-element-97735c1 e-my-account-tabs-vertical elementor-widget elementor-widget-woocommerce-my-account\" data-id=\"97735c1\" data-element_type=\"widget\" data-e-type=\"widget\" data-widget_type=\"woocommerce-my-account.default\">\n\t\t\t\t<div class=\"elementor-widget-container\">\n\t\t\t\t\t<div class=\"e-my-account-tab e-my-account-tab__\">\t\t\t<div class=\"woocommerce\"><\/div>\t\t<\/div>\n\t\t\t\t\t\t<\/div>\n\t\t\t\t<\/div>\n\t\t\t\t\t<\/div>\n\t\t\t\t<\/div>\n\t\t\t\t<\/div>","protected":false},"excerpt":{"rendered":"<p>Tableau de bord Commandes T\u00e9l\u00e9chargements Adresses Moyens de paiement D\u00e9tails du compte D\u00e9connexion Bonjour atelierypsilon (vous n\u2019\u00eates pas atelierypsilon\u00a0? D\u00e9connexion) \u00c0 partir du tableau de bord de votre compte, vous pouvez visualiser vos commandes r\u00e9centes, g\u00e9rer vos adresses de livraison et de facturation ainsi que changer votre mot de passe et les d\u00e9tails de votre [&hellip;]<\/p>\n","protected":false},"author":1,"featured_media":0,"parent":0,"menu_order":0,"comment_status":"closed","ping_status":"closed","template":"","meta":{"_angie_page":false,"jetpack_post_was_ever_published":false,"footnotes":""},"class_list":["post-291","page","type-page","status-publish","hentry"],"yoast_head":"<!-- This site is optimized with the Yoast SEO plugin v27.3 - https:\/\/yoast.com\/product\/yoast-seo-wordpress\/ -->\n<title>Mon compte - Atelier Ypsilon<\/title>\n<meta name=\"robots\" content=\"index, follow, max-snippet:-1, max-image-preview:large, max-video-preview:-1\" \/>\n<link rel=\"canonical\" href=\"https:\/\/atelierypsilon.com\/en\/mon-compte\/\" \/>\n<meta property=\"og:locale\" content=\"en_GB\" \/>\n<meta property=\"og:type\" content=\"article\" \/>\n<meta property=\"og:title\" content=\"Mon compte - Atelier Ypsilon\" \/>\n<meta property=\"og:description\" content=\"Tableau de bord Commandes T\u00e9l\u00e9chargements Adresses Moyens de paiement D\u00e9tails du compte D\u00e9connexion Bonjour atelierypsilon (vous n\u2019\u00eates pas atelierypsilon\u00a0? D\u00e9connexion) \u00c0 partir du tableau de bord de votre compte, vous pouvez visualiser vos commandes r\u00e9centes, g\u00e9rer vos adresses de livraison et de facturation ainsi que changer votre mot de passe et les d\u00e9tails de votre [&hellip;]\" \/>\n<meta property=\"og:url\" content=\"https:\/\/atelierypsilon.com\/en\/mon-compte\/\" \/>\n<meta property=\"og:site_name\" content=\"Atelier Ypsilon\" \/>\n<meta property=\"article:modified_time\" content=\"2023-09-18T13:57:33+00:00\" \/>\n<meta name=\"twitter:card\" content=\"summary_large_image\" \/>\n<script type=\"application\/ld+json\" class=\"yoast-schema-graph\">{\"@context\":\"https:\\\/\\\/schema.org\",\"@graph\":[{\"@type\":\"WebPage\",\"@id\":\"https:\\\/\\\/atelierypsilon.com\\\/en\\\/mon-compte\\\/\",\"url\":\"https:\\\/\\\/atelierypsilon.com\\\/en\\\/mon-compte\\\/\",\"name\":\"Mon compte - Atelier Ypsilon\",\"isPartOf\":{\"@id\":\"https:\\\/\\\/atelierypsilon.com\\\/en\\\/#website\"},\"datePublished\":\"2023-08-11T12:36:02+00:00\",\"dateModified\":\"2023-09-18T13:57:33+00:00\",\"breadcrumb\":{\"@id\":\"https:\\\/\\\/atelierypsilon.com\\\/en\\\/mon-compte\\\/#breadcrumb\"},\"inLanguage\":\"en-GB\",\"potentialAction\":[{\"@type\":\"ReadAction\",\"target\":[\"https:\\\/\\\/atelierypsilon.com\\\/en\\\/mon-compte\\\/\"]}]},{\"@type\":\"BreadcrumbList\",\"@id\":\"https:\\\/\\\/atelierypsilon.com\\\/en\\\/mon-compte\\\/#breadcrumb\",\"itemListElement\":[{\"@type\":\"ListItem\",\"position\":1,\"name\":\"Accueil\",\"item\":\"https:\\\/\\\/atelierypsilon.com\\\/\"},{\"@type\":\"ListItem\",\"position\":2,\"name\":\"Mon compte\"}]},{\"@type\":\"WebSite\",\"@id\":\"https:\\\/\\\/atelierypsilon.com\\\/en\\\/#website\",\"url\":\"https:\\\/\\\/atelierypsilon.com\\\/en\\\/\",\"name\":\"Atelier Ypsilon\",\"description\":\"\",\"publisher\":{\"@id\":\"https:\\\/\\\/atelierypsilon.com\\\/en\\\/#organization\"},\"potentialAction\":[{\"@type\":\"SearchAction\",\"target\":{\"@type\":\"EntryPoint\",\"urlTemplate\":\"https:\\\/\\\/atelierypsilon.com\\\/en\\\/?s={search_term_string}\"},\"query-input\":{\"@type\":\"PropertyValueSpecification\",\"valueRequired\":true,\"valueName\":\"search_term_string\"}}],\"inLanguage\":\"en-GB\"},{\"@type\":\"Organization\",\"@id\":\"https:\\\/\\\/atelierypsilon.com\\\/en\\\/#organization\",\"name\":\"Atelier Ypsilon\",\"url\":\"https:\\\/\\\/atelierypsilon.com\\\/en\\\/\",\"logo\":{\"@type\":\"ImageObject\",\"inLanguage\":\"en-GB\",\"@id\":\"https:\\\/\\\/atelierypsilon.com\\\/en\\\/#\\\/schema\\\/logo\\\/image\\\/\",\"url\":\"https:\\\/\\\/atelierypsilon.com\\\/wp-content\\\/uploads\\\/2023\\\/08\\\/AY-Logo2022_ay2-1.png\",\"contentUrl\":\"https:\\\/\\\/atelierypsilon.com\\\/wp-content\\\/uploads\\\/2023\\\/08\\\/AY-Logo2022_ay2-1.png\",\"width\":1000,\"height\":250,\"caption\":\"Atelier Ypsilon\"},\"image\":{\"@id\":\"https:\\\/\\\/atelierypsilon.com\\\/en\\\/#\\\/schema\\\/logo\\\/image\\\/\"},\"sameAs\":[\"https:\\\/\\\/www.instagram.com\\\/atelier.ypsilon_patterns\\\/\"]}]}<\/script>\n<!-- \/ Yoast SEO plugin. -->","yoast_head_json":{"title":"Mon compte - Atelier Ypsilon","robots":{"index":"index","follow":"follow","max-snippet":"max-snippet:-1","max-image-preview":"max-image-preview:large","max-video-preview":"max-video-preview:-1"},"canonical":"https:\/\/atelierypsilon.com\/en\/mon-compte\/","og_locale":"en_GB","og_type":"article","og_title":"Mon compte - Atelier Ypsilon","og_description":"Tableau de bord Commandes T\u00e9l\u00e9chargements Adresses Moyens de paiement D\u00e9tails du compte D\u00e9connexion Bonjour atelierypsilon (vous n\u2019\u00eates pas atelierypsilon\u00a0? D\u00e9connexion) \u00c0 partir du tableau de bord de votre compte, vous pouvez visualiser vos commandes r\u00e9centes, g\u00e9rer vos adresses de livraison et de facturation ainsi que changer votre mot de passe et les d\u00e9tails de votre [&hellip;]","og_url":"https:\/\/atelierypsilon.com\/en\/mon-compte\/","og_site_name":"Atelier Ypsilon","article_modified_time":"2023-09-18T13:57:33+00:00","twitter_card":"summary_large_image","schema":{"@context":"https:\/\/schema.org","@graph":[{"@type":"WebPage","@id":"https:\/\/atelierypsilon.com\/en\/mon-compte\/","url":"https:\/\/atelierypsilon.com\/en\/mon-compte\/","name":"Mon compte - Atelier Ypsilon","isPartOf":{"@id":"https:\/\/atelierypsilon.com\/en\/#website"},"datePublished":"2023-08-11T12:36:02+00:00","dateModified":"2023-09-18T13:57:33+00:00","breadcrumb":{"@id":"https:\/\/atelierypsilon.com\/en\/mon-compte\/#breadcrumb"},"inLanguage":"en-GB","potentialAction":[{"@type":"ReadAction","target":["https:\/\/atelierypsilon.com\/en\/mon-compte\/"]}]},{"@type":"BreadcrumbList","@id":"https:\/\/atelierypsilon.com\/en\/mon-compte\/#breadcrumb","itemListElement":[{"@type":"ListItem","position":1,"name":"Accueil","item":"https:\/\/atelierypsilon.com\/"},{"@type":"ListItem","position":2,"name":"Mon compte"}]},{"@type":"WebSite","@id":"https:\/\/atelierypsilon.com\/en\/#website","url":"https:\/\/atelierypsilon.com\/en\/","name":"Atelier Ypsilon","description":"","publisher":{"@id":"https:\/\/atelierypsilon.com\/en\/#organization"},"potentialAction":[{"@type":"SearchAction","target":{"@type":"EntryPoint","urlTemplate":"https:\/\/atelierypsilon.com\/en\/?s={search_term_string}"},"query-input":{"@type":"PropertyValueSpecification","valueRequired":true,"valueName":"search_term_string"}}],"inLanguage":"en-GB"},{"@type":"Organization","@id":"https:\/\/atelierypsilon.com\/en\/#organization","name":"Atelier Ypsilon","url":"https:\/\/atelierypsilon.com\/en\/","logo":{"@type":"ImageObject","inLanguage":"en-GB","@id":"https:\/\/atelierypsilon.com\/en\/#\/schema\/logo\/image\/","url":"https:\/\/atelierypsilon.com\/wp-content\/uploads\/2023\/08\/AY-Logo2022_ay2-1.png","contentUrl":"https:\/\/atelierypsilon.com\/wp-content\/uploads\/2023\/08\/AY-Logo2022_ay2-1.png","width":1000,"height":250,"caption":"Atelier Ypsilon"},"image":{"@id":"https:\/\/atelierypsilon.com\/en\/#\/schema\/logo\/image\/"},"sameAs":["https:\/\/www.instagram.com\/atelier.ypsilon_patterns\/"]}]}},"jetpack_sharing_enabled":true,"_links":{"self":[{"href":"https:\/\/atelierypsilon.com\/en\/wp-json\/wp\/v2\/pages\/291","targetHints":{"allow":["GET"]}}],"collection":[{"href":"https:\/\/atelierypsilon.com\/en\/wp-json\/wp\/v2\/pages"}],"about":[{"href":"https:\/\/atelierypsilon.com\/en\/wp-json\/wp\/v2\/types\/page"}],"author":[{"embeddable":true,"href":"https:\/\/atelierypsilon.com\/en\/wp-json\/wp\/v2\/users\/1"}],"replies":[{"embeddable":true,"href":"https:\/\/atelierypsilon.com\/en\/wp-json\/wp\/v2\/comments?post=291"}],"version-history":[{"count":4,"href":"https:\/\/atelierypsilon.com\/en\/wp-json\/wp\/v2\/pages\/291\/revisions"}],"predecessor-version":[{"id":875,"href":"https:\/\/atelierypsilon.com\/en\/wp-json\/wp\/v2\/pages\/291\/revisions\/875"}],"wp:attachment":[{"href":"https:\/\/atelierypsilon.com\/en\/wp-json\/wp\/v2\/media?parent=291"}],"curies":[{"name":"wp","href":"https:\/\/api.w.org\/{rel}","templated":true}]}}