{"id":289,"date":"2023-08-11T12:36:02","date_gmt":"2023-08-11T12:36:02","guid":{"rendered":"http:\/\/atelierypsilon.local\/cart\/"},"modified":"2026-02-20T23:21:54","modified_gmt":"2026-02-20T23:21:54","slug":"cart","status":"publish","type":"page","link":"https:\/\/atelierypsilon.com\/en\/mon-compte\/cart\/","title":{"rendered":"Panier"},"content":{"rendered":"<div data-elementor-type=\"wp-page\" data-elementor-id=\"289\" class=\"elementor elementor-289\" data-elementor-post-type=\"page\">\n\t\t\t\t\t\t<section class=\"elementor-section elementor-top-section elementor-element elementor-element-5a358e91 elementor-section-full_width elementor-section-height-default elementor-section-height-default\" data-id=\"5a358e91\" data-element_type=\"section\" data-e-type=\"section\">\n\t\t\t\t\t\t<div class=\"elementor-container elementor-column-gap-default\">\n\t\t\t\t\t<div class=\"elementor-column elementor-col-100 elementor-top-column elementor-element elementor-element-52e86982\" data-id=\"52e86982\" data-element_type=\"column\" data-e-type=\"column\">\n\t\t\t<div class=\"elementor-widget-wrap elementor-element-populated\">\n\t\t\t\t\t\t\t<\/div>\n\t\t<\/div>\n\t\t\t\t\t<\/div>\n\t\t<\/section>\n\t\t\t\t<\/div>","protected":false},"excerpt":{"rendered":"<p>Supprimer l\u2019\u00e9l\u00e9ment Miniature Produit Prix Quantit\u00e9 Sous-total &times; Manteau Artemisia &#8211; PDF + PochetteNote: Ce produit sera exp\u00e9di\u00e9 dans 27 jours 25.00&euro; quantit\u00e9 de Manteau Artemisia &#8211; PDF + Pochette 25.00&euro; Code Promo Total Sous-total 25.00&euro; Exp\u00e9dition La poste: 6.70&euro; Mondial relais: 4.40&euro; Point de vente Livraison \u00e0 69006 LYON. Modifier l\u2019adresse Pays\/r\u00e9gion\u00a0: S\u00e9lectionner un [&hellip;]<\/p>\n","protected":false},"author":1,"featured_media":0,"parent":291,"menu_order":0,"comment_status":"closed","ping_status":"closed","template":"elementor_header_footer","meta":{"_angie_page":false,"jetpack_post_was_ever_published":false,"footnotes":""},"class_list":["post-289","page","type-page","status-publish","hentry"],"yoast_head":"<!-- This site is optimized with the Yoast SEO plugin v27.3 - https:\/\/yoast.com\/product\/yoast-seo-wordpress\/ -->\n<title>Panier - Atelier Ypsilon<\/title>\n<meta name=\"robots\" content=\"index, follow, max-snippet:-1, max-image-preview:large, max-video-preview:-1\" \/>\n<link rel=\"canonical\" href=\"https:\/\/atelierypsilon.com\/en\/mon-compte\/cart\/\" \/>\n<meta property=\"og:locale\" content=\"en_GB\" \/>\n<meta property=\"og:type\" content=\"article\" \/>\n<meta property=\"og:title\" content=\"Panier - Atelier Ypsilon\" \/>\n<meta property=\"og:description\" content=\"Supprimer l\u2019\u00e9l\u00e9ment Miniature Produit Prix Quantit\u00e9 Sous-total &times; Manteau Artemisia &#8211; PDF + PochetteNote: Ce produit sera exp\u00e9di\u00e9 dans 27 jours 25.00&euro; quantit\u00e9 de Manteau Artemisia &#8211; PDF + Pochette 25.00&euro; Code Promo Total Sous-total 25.00&euro; Exp\u00e9dition La poste: 6.70&euro; Mondial relais: 4.40&euro; Point de vente Livraison \u00e0 69006 LYON. Modifier l\u2019adresse Pays\/r\u00e9gion\u00a0: S\u00e9lectionner un [&hellip;]\" \/>\n<meta property=\"og:url\" content=\"https:\/\/atelierypsilon.com\/en\/mon-compte\/cart\/\" \/>\n<meta property=\"og:site_name\" content=\"Atelier Ypsilon\" \/>\n<meta property=\"article:modified_time\" content=\"2026-02-20T23:21:54+00:00\" \/>\n<meta property=\"og:image\" content=\"http:\/\/atelierypsilon.local\/wp-content\/uploads\/2023\/08\/Couverture-1-300x426.png\" \/>\n<meta name=\"twitter:card\" content=\"summary_large_image\" \/>\n<meta name=\"twitter:label1\" content=\"Estimated reading time\" \/>\n\t<meta name=\"twitter:data1\" content=\"1 minute\" \/>\n<script type=\"application\/ld+json\" class=\"yoast-schema-graph\">{\"@context\":\"https:\\\/\\\/schema.org\",\"@graph\":[{\"@type\":\"WebPage\",\"@id\":\"https:\\\/\\\/atelierypsilon.com\\\/en\\\/mon-compte\\\/cart\\\/\",\"url\":\"https:\\\/\\\/atelierypsilon.com\\\/en\\\/mon-compte\\\/cart\\\/\",\"name\":\"Panier - Atelier Ypsilon\",\"isPartOf\":{\"@id\":\"https:\\\/\\\/atelierypsilon.com\\\/en\\\/#website\"},\"primaryImageOfPage\":{\"@id\":\"https:\\\/\\\/atelierypsilon.com\\\/en\\\/mon-compte\\\/cart\\\/#primaryimage\"},\"image\":{\"@id\":\"https:\\\/\\\/atelierypsilon.com\\\/en\\\/mon-compte\\\/cart\\\/#primaryimage\"},\"thumbnailUrl\":\"http:\\\/\\\/atelierypsilon.local\\\/wp-content\\\/uploads\\\/2023\\\/08\\\/Couverture-1-300x426.png\",\"datePublished\":\"2023-08-11T12:36:02+00:00\",\"dateModified\":\"2026-02-20T23:21:54+00:00\",\"breadcrumb\":{\"@id\":\"https:\\\/\\\/atelierypsilon.com\\\/en\\\/mon-compte\\\/cart\\\/#breadcrumb\"},\"inLanguage\":\"en-GB\",\"potentialAction\":[{\"@type\":\"ReadAction\",\"target\":[\"https:\\\/\\\/atelierypsilon.com\\\/en\\\/mon-compte\\\/cart\\\/\"]}]},{\"@type\":\"ImageObject\",\"inLanguage\":\"en-GB\",\"@id\":\"https:\\\/\\\/atelierypsilon.com\\\/en\\\/mon-compte\\\/cart\\\/#primaryimage\",\"url\":\"http:\\\/\\\/atelierypsilon.local\\\/wp-content\\\/uploads\\\/2023\\\/08\\\/Couverture-1-300x426.png\",\"contentUrl\":\"http:\\\/\\\/atelierypsilon.local\\\/wp-content\\\/uploads\\\/2023\\\/08\\\/Couverture-1-300x426.png\"},{\"@type\":\"BreadcrumbList\",\"@id\":\"https:\\\/\\\/atelierypsilon.com\\\/en\\\/mon-compte\\\/cart\\\/#breadcrumb\",\"itemListElement\":[{\"@type\":\"ListItem\",\"position\":1,\"name\":\"Accueil\",\"item\":\"https:\\\/\\\/atelierypsilon.com\\\/\"},{\"@type\":\"ListItem\",\"position\":2,\"name\":\"Panier\"}]},{\"@type\":\"WebSite\",\"@id\":\"https:\\\/\\\/atelierypsilon.com\\\/en\\\/#website\",\"url\":\"https:\\\/\\\/atelierypsilon.com\\\/en\\\/\",\"name\":\"Atelier Ypsilon\",\"description\":\"\",\"publisher\":{\"@id\":\"https:\\\/\\\/atelierypsilon.com\\\/en\\\/#organization\"},\"potentialAction\":[{\"@type\":\"SearchAction\",\"target\":{\"@type\":\"EntryPoint\",\"urlTemplate\":\"https:\\\/\\\/atelierypsilon.com\\\/en\\\/?s={search_term_string}\"},\"query-input\":{\"@type\":\"PropertyValueSpecification\",\"valueRequired\":true,\"valueName\":\"search_term_string\"}}],\"inLanguage\":\"en-GB\"},{\"@type\":\"Organization\",\"@id\":\"https:\\\/\\\/atelierypsilon.com\\\/en\\\/#organization\",\"name\":\"Atelier Ypsilon\",\"url\":\"https:\\\/\\\/atelierypsilon.com\\\/en\\\/\",\"logo\":{\"@type\":\"ImageObject\",\"inLanguage\":\"en-GB\",\"@id\":\"https:\\\/\\\/atelierypsilon.com\\\/en\\\/#\\\/schema\\\/logo\\\/image\\\/\",\"url\":\"https:\\\/\\\/atelierypsilon.com\\\/wp-content\\\/uploads\\\/2023\\\/08\\\/AY-Logo2022_ay2-1.png\",\"contentUrl\":\"https:\\\/\\\/atelierypsilon.com\\\/wp-content\\\/uploads\\\/2023\\\/08\\\/AY-Logo2022_ay2-1.png\",\"width\":1000,\"height\":250,\"caption\":\"Atelier Ypsilon\"},\"image\":{\"@id\":\"https:\\\/\\\/atelierypsilon.com\\\/en\\\/#\\\/schema\\\/logo\\\/image\\\/\"},\"sameAs\":[\"https:\\\/\\\/www.instagram.com\\\/atelier.ypsilon_patterns\\\/\"]}]}<\/script>\n<!-- \/ Yoast SEO plugin. -->","yoast_head_json":{"title":"Panier - Atelier Ypsilon","robots":{"index":"index","follow":"follow","max-snippet":"max-snippet:-1","max-image-preview":"max-image-preview:large","max-video-preview":"max-video-preview:-1"},"canonical":"https:\/\/atelierypsilon.com\/en\/mon-compte\/cart\/","og_locale":"en_GB","og_type":"article","og_title":"Panier - Atelier Ypsilon","og_description":"Supprimer l\u2019\u00e9l\u00e9ment Miniature Produit Prix Quantit\u00e9 Sous-total &times; Manteau Artemisia &#8211; PDF + PochetteNote: Ce produit sera exp\u00e9di\u00e9 dans 27 jours 25.00&euro; quantit\u00e9 de Manteau Artemisia &#8211; PDF + Pochette 25.00&euro; Code Promo Total Sous-total 25.00&euro; Exp\u00e9dition La poste: 6.70&euro; Mondial relais: 4.40&euro; Point de vente Livraison \u00e0 69006 LYON. Modifier l\u2019adresse Pays\/r\u00e9gion\u00a0: S\u00e9lectionner un [&hellip;]","og_url":"https:\/\/atelierypsilon.com\/en\/mon-compte\/cart\/","og_site_name":"Atelier Ypsilon","article_modified_time":"2026-02-20T23:21:54+00:00","og_image":[{"url":"http:\/\/atelierypsilon.local\/wp-content\/uploads\/2023\/08\/Couverture-1-300x426.png","type":"","width":"","height":""}],"twitter_card":"summary_large_image","twitter_misc":{"Estimated reading time":"1 minute"},"schema":{"@context":"https:\/\/schema.org","@graph":[{"@type":"WebPage","@id":"https:\/\/atelierypsilon.com\/en\/mon-compte\/cart\/","url":"https:\/\/atelierypsilon.com\/en\/mon-compte\/cart\/","name":"Panier - Atelier Ypsilon","isPartOf":{"@id":"https:\/\/atelierypsilon.com\/en\/#website"},"primaryImageOfPage":{"@id":"https:\/\/atelierypsilon.com\/en\/mon-compte\/cart\/#primaryimage"},"image":{"@id":"https:\/\/atelierypsilon.com\/en\/mon-compte\/cart\/#primaryimage"},"thumbnailUrl":"http:\/\/atelierypsilon.local\/wp-content\/uploads\/2023\/08\/Couverture-1-300x426.png","datePublished":"2023-08-11T12:36:02+00:00","dateModified":"2026-02-20T23:21:54+00:00","breadcrumb":{"@id":"https:\/\/atelierypsilon.com\/en\/mon-compte\/cart\/#breadcrumb"},"inLanguage":"en-GB","potentialAction":[{"@type":"ReadAction","target":["https:\/\/atelierypsilon.com\/en\/mon-compte\/cart\/"]}]},{"@type":"ImageObject","inLanguage":"en-GB","@id":"https:\/\/atelierypsilon.com\/en\/mon-compte\/cart\/#primaryimage","url":"http:\/\/atelierypsilon.local\/wp-content\/uploads\/2023\/08\/Couverture-1-300x426.png","contentUrl":"http:\/\/atelierypsilon.local\/wp-content\/uploads\/2023\/08\/Couverture-1-300x426.png"},{"@type":"BreadcrumbList","@id":"https:\/\/atelierypsilon.com\/en\/mon-compte\/cart\/#breadcrumb","itemListElement":[{"@type":"ListItem","position":1,"name":"Accueil","item":"https:\/\/atelierypsilon.com\/"},{"@type":"ListItem","position":2,"name":"Panier"}]},{"@type":"WebSite","@id":"https:\/\/atelierypsilon.com\/en\/#website","url":"https:\/\/atelierypsilon.com\/en\/","name":"Atelier Ypsilon","description":"","publisher":{"@id":"https:\/\/atelierypsilon.com\/en\/#organization"},"potentialAction":[{"@type":"SearchAction","target":{"@type":"EntryPoint","urlTemplate":"https:\/\/atelierypsilon.com\/en\/?s={search_term_string}"},"query-input":{"@type":"PropertyValueSpecification","valueRequired":true,"valueName":"search_term_string"}}],"inLanguage":"en-GB"},{"@type":"Organization","@id":"https:\/\/atelierypsilon.com\/en\/#organization","name":"Atelier Ypsilon","url":"https:\/\/atelierypsilon.com\/en\/","logo":{"@type":"ImageObject","inLanguage":"en-GB","@id":"https:\/\/atelierypsilon.com\/en\/#\/schema\/logo\/image\/","url":"https:\/\/atelierypsilon.com\/wp-content\/uploads\/2023\/08\/AY-Logo2022_ay2-1.png","contentUrl":"https:\/\/atelierypsilon.com\/wp-content\/uploads\/2023\/08\/AY-Logo2022_ay2-1.png","width":1000,"height":250,"caption":"Atelier Ypsilon"},"image":{"@id":"https:\/\/atelierypsilon.com\/en\/#\/schema\/logo\/image\/"},"sameAs":["https:\/\/www.instagram.com\/atelier.ypsilon_patterns\/"]}]}},"jetpack_sharing_enabled":true,"_links":{"self":[{"href":"https:\/\/atelierypsilon.com\/en\/wp-json\/wp\/v2\/pages\/289","targetHints":{"allow":["GET"]}}],"collection":[{"href":"https:\/\/atelierypsilon.com\/en\/wp-json\/wp\/v2\/pages"}],"about":[{"href":"https:\/\/atelierypsilon.com\/en\/wp-json\/wp\/v2\/types\/page"}],"author":[{"embeddable":true,"href":"https:\/\/atelierypsilon.com\/en\/wp-json\/wp\/v2\/users\/1"}],"replies":[{"embeddable":true,"href":"https:\/\/atelierypsilon.com\/en\/wp-json\/wp\/v2\/comments?post=289"}],"version-history":[{"count":9,"href":"https:\/\/atelierypsilon.com\/en\/wp-json\/wp\/v2\/pages\/289\/revisions"}],"predecessor-version":[{"id":843,"href":"https:\/\/atelierypsilon.com\/en\/wp-json\/wp\/v2\/pages\/289\/revisions\/843"}],"up":[{"embeddable":true,"href":"https:\/\/atelierypsilon.com\/en\/wp-json\/wp\/v2\/pages\/291"}],"wp:attachment":[{"href":"https:\/\/atelierypsilon.com\/en\/wp-json\/wp\/v2\/media?parent=289"}],"curies":[{"name":"wp","href":"https:\/\/api.w.org\/{rel}","templated":true}]}}