{"id":28,"date":"2023-08-10T15:40:46","date_gmt":"2023-08-10T15:40:46","guid":{"rendered":"http:\/\/atelierypsilon.local\/?page_id=28"},"modified":"2023-09-19T21:00:48","modified_gmt":"2023-09-19T21:00:48","slug":"the-journal","status":"publish","type":"page","link":"https:\/\/atelierypsilon.com\/en\/the-journal\/","title":{"rendered":"The journal"},"content":{"rendered":"<div data-elementor-type=\"wp-page\" data-elementor-id=\"28\" class=\"elementor elementor-28\" data-elementor-post-type=\"page\">\n\t\t\t\t<div class=\"elementor-element elementor-element-5740135d e-flex e-con-boxed e-con e-parent\" data-id=\"5740135d\" data-element_type=\"container\" data-e-type=\"container\">\n\t\t\t\t\t<div class=\"e-con-inner\">\n\t\t\t\t<div class=\"elementor-element elementor-element-2867d912 premium-blog-align-left elementor-widget elementor-widget-premium-addon-blog\" data-id=\"2867d912\" data-element_type=\"widget\" data-e-type=\"widget\" data-settings=\"{&quot;scroll_to_offset&quot;:&quot;yes&quot;,&quot;filter_flag&quot;:&quot;cat&quot;}\" data-widget_type=\"premium-addon-blog.default\">\n\t\t\t\t<div class=\"elementor-widget-container\">\n\t\t\t\t\t\n\t\t\t\t\t\t\t<div class=\"premium-blog-filter\">\n\t\t\t<ul class=\"premium-blog-filters-container\">\n\t\t\t\t\t\t\t\t\t<li>\n\t\t\t\t\t\t<a href=\"javascript:;\" class=\"category active\" data-filter=\"*\">\n\t\t\t\t\t\t\tALL\t\t\t\t\t\t<\/a>\n\t\t\t\t\t<\/li>\n\t\t\t\t\t\t\t\t\t\t\t\t\t\t<li>\n\t\t\t\t\t\t\t<a href=\"javascript:;\" class=\"category\" data-filter=\"histoire-de-la-mode\">\n\t\t\t\t\t\t\t\tFashion history\t\t\t\t\t\t\t<\/a>\n\t\t\t\t\t\t<\/li>\n\t\t\t\t\t\t\t<\/ul>\n\t\t<\/div>\n\t\t\t\t\n\n\t\t\t\t<div class=\"premium-blog-wrap  premium-blog-list\" data-page=\"28\">\n\t\t\t\t\t\t\t\t\t<div class=\"premium-blog-post-outer-container histoire-de-la-mode\" data-total=\"1\">\n\t\t\t<div class=\"premium-blog-post-container premium-blog-skin-side\">\n\t\t\t\t\t\t\t\t\t<div class=\"premium-blog-thumb-effect-wrapper\">\n\t\t\t\t\t\t<div class=\"premium-blog-thumbnail-container premium-blog-none-effect\">\n\t\t\t\t\t\t\t<img loading=\"lazy\" decoding=\"async\" width=\"806\" height=\"1182\" src=\"https:\/\/atelierypsilon.com\/wp-content\/uploads\/2023\/08\/E-Cheffer-Plate-No-153-in-Fashion-Review-in-the-Family-Gazette-Revue-de-la-Mode-Gazette-de-la-Famille-MeisterDrucke-7100.jpg\" class=\"attachment-full size-full wp-image-1221\" alt=\"\" srcset=\"https:\/\/atelierypsilon.com\/wp-content\/uploads\/2023\/08\/E-Cheffer-Plate-No-153-in-Fashion-Review-in-the-Family-Gazette-Revue-de-la-Mode-Gazette-de-la-Famille-MeisterDrucke-7100.jpg 806w, https:\/\/atelierypsilon.com\/wp-content\/uploads\/2023\/08\/E-Cheffer-Plate-No-153-in-Fashion-Review-in-the-Family-Gazette-Revue-de-la-Mode-Gazette-de-la-Famille-MeisterDrucke-7100-205x300.jpg 205w, https:\/\/atelierypsilon.com\/wp-content\/uploads\/2023\/08\/E-Cheffer-Plate-No-153-in-Fashion-Review-in-the-Family-Gazette-Revue-de-la-Mode-Gazette-de-la-Famille-MeisterDrucke-7100-698x1024.jpg 698w, https:\/\/atelierypsilon.com\/wp-content\/uploads\/2023\/08\/E-Cheffer-Plate-No-153-in-Fashion-Review-in-the-Family-Gazette-Revue-de-la-Mode-Gazette-de-la-Famille-MeisterDrucke-7100-768x1126.jpg 768w, https:\/\/atelierypsilon.com\/wp-content\/uploads\/2023\/08\/E-Cheffer-Plate-No-153-in-Fashion-Review-in-the-Family-Gazette-Revue-de-la-Mode-Gazette-de-la-Famille-MeisterDrucke-7100-300x440.jpg 300w, https:\/\/atelierypsilon.com\/wp-content\/uploads\/2023\/08\/E-Cheffer-Plate-No-153-in-Fashion-Review-in-the-Family-Gazette-Revue-de-la-Mode-Gazette-de-la-Famille-MeisterDrucke-7100-600x880.jpg 600w\" sizes=\"auto, (max-width: 806px) 100vw, 806px\" \/>\t\t\t\t\t\t<\/div>\n\t\t\t\t\t\t\t\t\t\t\t\t\t<div class=\"premium-blog-thumbnail-overlay\">\n\t\t\t\t\t\t\t\t<a class=\"elementor-icon\" href=\"https:\/\/atelierypsilon.com\/en\/un-rendez-vous-avec-lhistoire-une-introduction-elegante-a-la-mode\/\" target=\"_blank\"><\/a>\n\t\t\t\t\t\t\t<\/div>\n\n\t\t\t\t\t\t\t\t\t\t\t\t\t\t\t\t\t\t<\/div>\n\t\t\t\t\t\t\t\t\t\t\t\t<div class=\"premium-blog-content-wrapper\">\n\n\t\t\t\t\t<div class=\"premium-blog-inner-container\">\n\n\t\t\t\t\t\t\t\t\t\t\t\t\t<div class=\"premium-blog-cats-container\">\n\t\t\t\t\t\t\t\t<ul class=\"post-categories\">\n\t\t\t\t\t\t\t\t\t<li><a href=\"https:\/\/atelierypsilon.com\/en\/category\/histoire-de-la-mode\/\" class=\"elementor-repeater-item-eeeb1fc\">Fashion history<\/a><\/li>\t\t\t\t\t\t\t\t<\/ul>\n\t\t\t\t\t\t\t<\/div>\n\t\t\t\t\t\t\t\t\t\t\t\t\t\t<h2 class=\"premium-blog-entry-title\">\n\t\t\t<a href=\"https:\/\/atelierypsilon.com\/en\/un-rendez-vous-avec-lhistoire-une-introduction-elegante-a-la-mode\/\" target=\"_blank\">\n\t\t\t\tUn Rendez-vous avec l&rsquo;Histoire : Une Introduction \u00c9l\u00e9gante \u00e0 la Mode\t\t\t<\/a>\n\t\t<\/h2>\n\t\t\t\t<div class=\"premium-blog-entry-meta\">\n\t\t\t\n\t\t\t\t\t\t\t<span class=\"premium-blog-meta-separator\">\u2022<\/span>\n\t\t\t\t<div class=\"premium-blog-post-time premium-blog-meta-data\">\n\t\t\t\t\t<i class=\"fa fa-calendar-alt\" aria-hidden=\"true\"><\/i>\n\t\t\t\t\t<span>10 August 2023<\/span>\n\t\t\t\t<\/div>\n\t\t\t\n\t\t\t\n\t\t\t\t\t<\/div>\n\t\t\n\t\t\t\t\t<\/div>\n\n\t\t\t\t\t\t\t<div class=\"premium-blog-content-inner-wrapper\">\n\t\t<p class=\"premium-blog-post-content\">Un Rendez-vous avec l&rsquo;Histoire : Une Introduction \u00c9l\u00e9gante \u00e0 la Mode Cher lecteurs, lectrices, bienvenue \u00e0 une r\u00e9trospective enchanteresse \u00e0 travers les<\/p><div class=\"premium-blog-excerpt-link-wrap\"><a href=\"https:\/\/atelierypsilon.com\/en\/un-rendez-vous-avec-lhistoire-une-introduction-elegante-a-la-mode\/\" target=\"_blank\" class=\"premium-blog-excerpt-link elementor-button\">See the artcile<\/a><\/div>\t\t<\/div>\n\t\t\t\t\t\t\t\n\t\t\t\t<\/div>\n\t\t\t<\/div>\n\t\t<\/div>\n\n\t\t\t\t\t\t\t<\/div>\n\n\t\t\n\t\t\n\t\t\t\t\t\t<\/div>\n\t\t\t\t<\/div>\n\t\t\t\t\t<\/div>\n\t\t\t\t<\/div>\n\t\t\t\t<\/div>","protected":false},"excerpt":{"rendered":"<p>Tous Couture Histoire de la mode Tendances Tendances Article 3 \u2022 23 ao\u00fbt 2023 VOIR L&rsquo;ARTICLE Couture Article 2 \u2022 15 ao\u00fbt 2023 Lorem ipsum is a placeholder text used in graphic design and publishing industries to fill spaces where actual content will be placed. VOIR L&rsquo;ARTICLE Un Rendez-vous avec l&#8217;Histoire : Une Introduction \u00c9l\u00e9gante [&hellip;]<\/p>\n","protected":false},"author":1,"featured_media":0,"parent":0,"menu_order":0,"comment_status":"closed","ping_status":"closed","template":"","meta":{"_angie_page":false,"jetpack_post_was_ever_published":false,"footnotes":""},"class_list":["post-28","page","type-page","status-publish","hentry"],"yoast_head":"<!-- This site is optimized with the Yoast SEO plugin v27.3 - https:\/\/yoast.com\/product\/yoast-seo-wordpress\/ -->\n<title>Le journal - Atelier Ypsilon<\/title>\n<meta name=\"robots\" content=\"index, follow, max-snippet:-1, max-image-preview:large, max-video-preview:-1\" \/>\n<link rel=\"canonical\" href=\"https:\/\/atelierypsilon.com\/en\/the-journal\/\" \/>\n<meta property=\"og:locale\" content=\"en_GB\" \/>\n<meta property=\"og:type\" content=\"article\" \/>\n<meta property=\"og:title\" content=\"Le journal - Atelier Ypsilon\" \/>\n<meta property=\"og:description\" content=\"Tous Couture Histoire de la mode Tendances Tendances Article 3 \u2022 23 ao\u00fbt 2023 VOIR L&rsquo;ARTICLE Couture Article 2 \u2022 15 ao\u00fbt 2023 Lorem ipsum is a placeholder text used in graphic design and publishing industries to fill spaces where actual content will be placed. VOIR L&rsquo;ARTICLE Un Rendez-vous avec l&#8217;Histoire : Une Introduction \u00c9l\u00e9gante [&hellip;]\" \/>\n<meta property=\"og:url\" content=\"https:\/\/atelierypsilon.com\/en\/the-journal\/\" \/>\n<meta property=\"og:site_name\" content=\"Atelier Ypsilon\" \/>\n<meta property=\"article:modified_time\" content=\"2023-09-19T21:00:48+00:00\" \/>\n<meta property=\"og:image\" content=\"https:\/\/atelierypsilon.com\/wp-content\/uploads\/2023\/08\/E-Cheffer-Plate-No-153-in-Fashion-Review-in-the-Family-Gazette-Revue-de-la-Mode-Gazette-de-la-Famille-MeisterDrucke-7100.jpg\" \/>\n<meta name=\"twitter:card\" content=\"summary_large_image\" \/>\n<script type=\"application\/ld+json\" class=\"yoast-schema-graph\">{\"@context\":\"https:\\\/\\\/schema.org\",\"@graph\":[{\"@type\":\"WebPage\",\"@id\":\"https:\\\/\\\/atelierypsilon.com\\\/en\\\/the-journal\\\/\",\"url\":\"https:\\\/\\\/atelierypsilon.com\\\/en\\\/the-journal\\\/\",\"name\":\"Le journal - Atelier Ypsilon\",\"isPartOf\":{\"@id\":\"https:\\\/\\\/atelierypsilon.com\\\/en\\\/#website\"},\"primaryImageOfPage\":{\"@id\":\"https:\\\/\\\/atelierypsilon.com\\\/en\\\/the-journal\\\/#primaryimage\"},\"image\":{\"@id\":\"https:\\\/\\\/atelierypsilon.com\\\/en\\\/the-journal\\\/#primaryimage\"},\"thumbnailUrl\":\"https:\\\/\\\/atelierypsilon.com\\\/wp-content\\\/uploads\\\/2023\\\/08\\\/E-Cheffer-Plate-No-153-in-Fashion-Review-in-the-Family-Gazette-Revue-de-la-Mode-Gazette-de-la-Famille-MeisterDrucke-7100.jpg\",\"datePublished\":\"2023-08-10T15:40:46+00:00\",\"dateModified\":\"2023-09-19T21:00:48+00:00\",\"breadcrumb\":{\"@id\":\"https:\\\/\\\/atelierypsilon.com\\\/en\\\/the-journal\\\/#breadcrumb\"},\"inLanguage\":\"en-GB\",\"potentialAction\":[{\"@type\":\"ReadAction\",\"target\":[\"https:\\\/\\\/atelierypsilon.com\\\/en\\\/the-journal\\\/\"]}]},{\"@type\":\"ImageObject\",\"inLanguage\":\"en-GB\",\"@id\":\"https:\\\/\\\/atelierypsilon.com\\\/en\\\/the-journal\\\/#primaryimage\",\"url\":\"https:\\\/\\\/atelierypsilon.com\\\/wp-content\\\/uploads\\\/2023\\\/08\\\/E-Cheffer-Plate-No-153-in-Fashion-Review-in-the-Family-Gazette-Revue-de-la-Mode-Gazette-de-la-Famille-MeisterDrucke-7100.jpg\",\"contentUrl\":\"https:\\\/\\\/atelierypsilon.com\\\/wp-content\\\/uploads\\\/2023\\\/08\\\/E-Cheffer-Plate-No-153-in-Fashion-Review-in-the-Family-Gazette-Revue-de-la-Mode-Gazette-de-la-Famille-MeisterDrucke-7100.jpg\"},{\"@type\":\"BreadcrumbList\",\"@id\":\"https:\\\/\\\/atelierypsilon.com\\\/en\\\/the-journal\\\/#breadcrumb\",\"itemListElement\":[{\"@type\":\"ListItem\",\"position\":1,\"name\":\"Accueil\",\"item\":\"https:\\\/\\\/atelierypsilon.com\\\/\"},{\"@type\":\"ListItem\",\"position\":2,\"name\":\"Le journal\"}]},{\"@type\":\"WebSite\",\"@id\":\"https:\\\/\\\/atelierypsilon.com\\\/en\\\/#website\",\"url\":\"https:\\\/\\\/atelierypsilon.com\\\/en\\\/\",\"name\":\"Atelier Ypsilon\",\"description\":\"\",\"publisher\":{\"@id\":\"https:\\\/\\\/atelierypsilon.com\\\/en\\\/#organization\"},\"potentialAction\":[{\"@type\":\"SearchAction\",\"target\":{\"@type\":\"EntryPoint\",\"urlTemplate\":\"https:\\\/\\\/atelierypsilon.com\\\/en\\\/?s={search_term_string}\"},\"query-input\":{\"@type\":\"PropertyValueSpecification\",\"valueRequired\":true,\"valueName\":\"search_term_string\"}}],\"inLanguage\":\"en-GB\"},{\"@type\":\"Organization\",\"@id\":\"https:\\\/\\\/atelierypsilon.com\\\/en\\\/#organization\",\"name\":\"Atelier Ypsilon\",\"url\":\"https:\\\/\\\/atelierypsilon.com\\\/en\\\/\",\"logo\":{\"@type\":\"ImageObject\",\"inLanguage\":\"en-GB\",\"@id\":\"https:\\\/\\\/atelierypsilon.com\\\/en\\\/#\\\/schema\\\/logo\\\/image\\\/\",\"url\":\"https:\\\/\\\/atelierypsilon.com\\\/wp-content\\\/uploads\\\/2023\\\/08\\\/AY-Logo2022_ay2-1.png\",\"contentUrl\":\"https:\\\/\\\/atelierypsilon.com\\\/wp-content\\\/uploads\\\/2023\\\/08\\\/AY-Logo2022_ay2-1.png\",\"width\":1000,\"height\":250,\"caption\":\"Atelier Ypsilon\"},\"image\":{\"@id\":\"https:\\\/\\\/atelierypsilon.com\\\/en\\\/#\\\/schema\\\/logo\\\/image\\\/\"},\"sameAs\":[\"https:\\\/\\\/www.instagram.com\\\/atelier.ypsilon_patterns\\\/\"]}]}<\/script>\n<!-- \/ Yoast SEO plugin. -->","yoast_head_json":{"title":"Le journal - Atelier Ypsilon","robots":{"index":"index","follow":"follow","max-snippet":"max-snippet:-1","max-image-preview":"max-image-preview:large","max-video-preview":"max-video-preview:-1"},"canonical":"https:\/\/atelierypsilon.com\/en\/the-journal\/","og_locale":"en_GB","og_type":"article","og_title":"Le journal - Atelier Ypsilon","og_description":"Tous Couture Histoire de la mode Tendances Tendances Article 3 \u2022 23 ao\u00fbt 2023 VOIR L&rsquo;ARTICLE Couture Article 2 \u2022 15 ao\u00fbt 2023 Lorem ipsum is a placeholder text used in graphic design and publishing industries to fill spaces where actual content will be placed. VOIR L&rsquo;ARTICLE Un Rendez-vous avec l&#8217;Histoire : Une Introduction \u00c9l\u00e9gante [&hellip;]","og_url":"https:\/\/atelierypsilon.com\/en\/the-journal\/","og_site_name":"Atelier Ypsilon","article_modified_time":"2023-09-19T21:00:48+00:00","og_image":[{"url":"https:\/\/atelierypsilon.com\/wp-content\/uploads\/2023\/08\/E-Cheffer-Plate-No-153-in-Fashion-Review-in-the-Family-Gazette-Revue-de-la-Mode-Gazette-de-la-Famille-MeisterDrucke-7100.jpg","type":"","width":"","height":""}],"twitter_card":"summary_large_image","schema":{"@context":"https:\/\/schema.org","@graph":[{"@type":"WebPage","@id":"https:\/\/atelierypsilon.com\/en\/the-journal\/","url":"https:\/\/atelierypsilon.com\/en\/the-journal\/","name":"Le journal - Atelier Ypsilon","isPartOf":{"@id":"https:\/\/atelierypsilon.com\/en\/#website"},"primaryImageOfPage":{"@id":"https:\/\/atelierypsilon.com\/en\/the-journal\/#primaryimage"},"image":{"@id":"https:\/\/atelierypsilon.com\/en\/the-journal\/#primaryimage"},"thumbnailUrl":"https:\/\/atelierypsilon.com\/wp-content\/uploads\/2023\/08\/E-Cheffer-Plate-No-153-in-Fashion-Review-in-the-Family-Gazette-Revue-de-la-Mode-Gazette-de-la-Famille-MeisterDrucke-7100.jpg","datePublished":"2023-08-10T15:40:46+00:00","dateModified":"2023-09-19T21:00:48+00:00","breadcrumb":{"@id":"https:\/\/atelierypsilon.com\/en\/the-journal\/#breadcrumb"},"inLanguage":"en-GB","potentialAction":[{"@type":"ReadAction","target":["https:\/\/atelierypsilon.com\/en\/the-journal\/"]}]},{"@type":"ImageObject","inLanguage":"en-GB","@id":"https:\/\/atelierypsilon.com\/en\/the-journal\/#primaryimage","url":"https:\/\/atelierypsilon.com\/wp-content\/uploads\/2023\/08\/E-Cheffer-Plate-No-153-in-Fashion-Review-in-the-Family-Gazette-Revue-de-la-Mode-Gazette-de-la-Famille-MeisterDrucke-7100.jpg","contentUrl":"https:\/\/atelierypsilon.com\/wp-content\/uploads\/2023\/08\/E-Cheffer-Plate-No-153-in-Fashion-Review-in-the-Family-Gazette-Revue-de-la-Mode-Gazette-de-la-Famille-MeisterDrucke-7100.jpg"},{"@type":"BreadcrumbList","@id":"https:\/\/atelierypsilon.com\/en\/the-journal\/#breadcrumb","itemListElement":[{"@type":"ListItem","position":1,"name":"Accueil","item":"https:\/\/atelierypsilon.com\/"},{"@type":"ListItem","position":2,"name":"Le journal"}]},{"@type":"WebSite","@id":"https:\/\/atelierypsilon.com\/en\/#website","url":"https:\/\/atelierypsilon.com\/en\/","name":"Atelier Ypsilon","description":"","publisher":{"@id":"https:\/\/atelierypsilon.com\/en\/#organization"},"potentialAction":[{"@type":"SearchAction","target":{"@type":"EntryPoint","urlTemplate":"https:\/\/atelierypsilon.com\/en\/?s={search_term_string}"},"query-input":{"@type":"PropertyValueSpecification","valueRequired":true,"valueName":"search_term_string"}}],"inLanguage":"en-GB"},{"@type":"Organization","@id":"https:\/\/atelierypsilon.com\/en\/#organization","name":"Atelier Ypsilon","url":"https:\/\/atelierypsilon.com\/en\/","logo":{"@type":"ImageObject","inLanguage":"en-GB","@id":"https:\/\/atelierypsilon.com\/en\/#\/schema\/logo\/image\/","url":"https:\/\/atelierypsilon.com\/wp-content\/uploads\/2023\/08\/AY-Logo2022_ay2-1.png","contentUrl":"https:\/\/atelierypsilon.com\/wp-content\/uploads\/2023\/08\/AY-Logo2022_ay2-1.png","width":1000,"height":250,"caption":"Atelier Ypsilon"},"image":{"@id":"https:\/\/atelierypsilon.com\/en\/#\/schema\/logo\/image\/"},"sameAs":["https:\/\/www.instagram.com\/atelier.ypsilon_patterns\/"]}]}},"jetpack_sharing_enabled":true,"_links":{"self":[{"href":"https:\/\/atelierypsilon.com\/en\/wp-json\/wp\/v2\/pages\/28","targetHints":{"allow":["GET"]}}],"collection":[{"href":"https:\/\/atelierypsilon.com\/en\/wp-json\/wp\/v2\/pages"}],"about":[{"href":"https:\/\/atelierypsilon.com\/en\/wp-json\/wp\/v2\/types\/page"}],"author":[{"embeddable":true,"href":"https:\/\/atelierypsilon.com\/en\/wp-json\/wp\/v2\/users\/1"}],"replies":[{"embeddable":true,"href":"https:\/\/atelierypsilon.com\/en\/wp-json\/wp\/v2\/comments?post=28"}],"version-history":[{"count":26,"href":"https:\/\/atelierypsilon.com\/en\/wp-json\/wp\/v2\/pages\/28\/revisions"}],"predecessor-version":[{"id":1888,"href":"https:\/\/atelierypsilon.com\/en\/wp-json\/wp\/v2\/pages\/28\/revisions\/1888"}],"wp:attachment":[{"href":"https:\/\/atelierypsilon.com\/en\/wp-json\/wp\/v2\/media?parent=28"}],"curies":[{"name":"wp","href":"https:\/\/api.w.org\/{rel}","templated":true}]}}