{"id":24,"date":"2023-08-10T15:40:46","date_gmt":"2023-08-10T15:40:46","guid":{"rendered":"http:\/\/atelierypsilon.local\/?page_id=24"},"modified":"2023-09-18T15:32:17","modified_gmt":"2023-09-18T15:32:17","slug":"faq","status":"publish","type":"page","link":"https:\/\/atelierypsilon.com\/en\/faq\/","title":{"rendered":"FAQ"},"content":{"rendered":"<div data-elementor-type=\"wp-page\" data-elementor-id=\"24\" class=\"elementor elementor-24\" data-elementor-post-type=\"page\">\n\t\t\t\t<div class=\"elementor-element elementor-element-7f88198 e-flex e-con-boxed e-con e-parent\" data-id=\"7f88198\" data-element_type=\"container\" data-e-type=\"container\">\n\t\t\t\t\t<div class=\"e-con-inner\">\n\t\t\t\t<div class=\"elementor-element elementor-element-40aef71 elementor-widget elementor-widget-heading\" data-id=\"40aef71\" data-element_type=\"widget\" data-e-type=\"widget\" data-widget_type=\"heading.default\">\n\t\t\t\t<div class=\"elementor-widget-container\">\n\t\t\t\t\t<h1 class=\"elementor-heading-title elementor-size-default\">FAQ<\/h1>\t\t\t\t<\/div>\n\t\t\t\t<\/div>\n\t\t\t\t<div class=\"elementor-element elementor-element-e1386ff elementor-widget elementor-widget-text-editor\" data-id=\"e1386ff\" data-element_type=\"widget\" data-e-type=\"widget\" data-widget_type=\"text-editor.default\">\n\t\t\t\t<div class=\"elementor-widget-container\">\n\t\t\t\t\t\t\t\t\t<h5>1. Comment puis-je t\u00e9l\u00e9charger les patrons que j&rsquo;ai achet\u00e9s en format PDF ?<\/h5><p>Pour t\u00e9l\u00e9charger les patrons en format PDF que vous avez achet\u00e9s, suivez ces \u00e9tapes :<br \/>&#8211; Connectez-vous \u00e0 votre compte sur notre site web.<br \/>&#8211; Acc\u00e9dez \u00e0 la section \u00ab\u00a0Mes T\u00e9l\u00e9chargements\u00a0\u00bb.<br \/>&#8211; Cliquez sur le lien de t\u00e9l\u00e9chargement du patron.<br \/>&#8211; Le fichier PDF sera t\u00e9l\u00e9charg\u00e9 sur votre appareil, pr\u00eat \u00e0 \u00eatre utilis\u00e9.<\/p><p>&#8211; Vous recevez \u00e9galement un mail avec les liens de t\u00e9l\u00e9chargement \u00e0 chaque commande.<\/p><h5>2. Quels sont les d\u00e9lais de livraison pour les produits exp\u00e9di\u00e9s ?<\/h5><p>Les d\u00e9lais de livraison varient en fonction de votre emplacement et de la destination de livraison, ils sont g\u00e9n\u00e9ralement de 3 \u00e0 4 jours ouvr\u00e9s. Une fois votre commande exp\u00e9di\u00e9e, vous recevrez un e-mail de confirmation avec un num\u00e9ro de suivi pour suivre votre colis.<\/p><h5>3. Puis-je retourner ou \u00e9changer un produit si je ne suis pas satisfait ?<\/h5><p>Oui, vous avez le droit de retourner ou d&rsquo;\u00e9changer un patron pochette dans les 14 jours suivant sa r\u00e9ception. Pour cela, veuillez nous contacter via notre formulaire de contact ou par e-mail. Cependant, et pour des raisons \u00e9videntes tout patron PDF ne peut \u00eatre rembours\u00e9. Consultez nos <a title=\"CGV\" href=\"http:\/\/atelierypsilon.local\/cgv\/\">CGV<\/a> pour plus de d\u00e9tails sur les conditions de retour et d&rsquo;\u00e9change.<\/p><h5>4. Comment choisir la bonne taille pour les v\u00eatements que je veux acheter ?<\/h5><p>Chaque produit comporte un guide des tailles d\u00e9taill\u00e9 que vous pouvez consulter pour choisir la taille qui vous convient le mieux. Vous y trouverez des mesures sp\u00e9cifiques et des recommandations pour chaque mod\u00e8le. Si vous avez des doutes, n&rsquo;h\u00e9sitez pas \u00e0 nous contacter pour obtenir des conseils personnalis\u00e9s sur la taille.<\/p><h5>5. O\u00f9 puis-je trouver de l&rsquo;aide pour coudre les patrons que j&rsquo;ai achet\u00e9s ?<\/h5><p>Nous offrons une vari\u00e9t\u00e9 de ressources pour vous aider dans la couture de nos patrons :<br \/>&#8211; Les sews-along disponible sur <a title=\"The studio\" href=\"http:\/\/atelierypsilon.local\/the-studio\/\">Le Studio.<\/a><br \/>&#8211; Si vous avez des questions sp\u00e9cifiques sur un patron, contactez notre service client, nous serons ravis de vous aider.<\/p><p>N&rsquo;h\u00e9sitez pas \u00e0 nous contacter \u00e0 cette adresse <span style=\"text-decoration: underline;\"><strong>serviceclient@atelierypsilon.com<\/strong><\/span> si vous avez d&rsquo;autres questions ou besoins sp\u00e9cifiques. Nous sommes l\u00e0 pour vous aider \u00e0 r\u00e9ussir vos projets de couture !<\/p>\t\t\t\t\t\t\t\t<\/div>\n\t\t\t\t<\/div>\n\t\t\t\t\t<\/div>\n\t\t\t\t<\/div>\n\t\t\t\t<\/div>","protected":false},"excerpt":{"rendered":"<p>FAQ 1. Comment puis-je t\u00e9l\u00e9charger les patrons que j&rsquo;ai achet\u00e9s en format PDF ? Pour t\u00e9l\u00e9charger les patrons en format PDF que vous avez achet\u00e9s, suivez ces \u00e9tapes :&#8211; Connectez-vous \u00e0 votre compte sur notre site web.&#8211; Acc\u00e9dez \u00e0 la section \u00ab\u00a0Mes T\u00e9l\u00e9chargements\u00a0\u00bb.&#8211; Cliquez sur le lien de t\u00e9l\u00e9chargement du patron.&#8211; Le fichier PDF sera [&hellip;]<\/p>\n","protected":false},"author":1,"featured_media":0,"parent":0,"menu_order":0,"comment_status":"closed","ping_status":"closed","template":"","meta":{"_angie_page":false,"jetpack_post_was_ever_published":false,"footnotes":""},"class_list":["post-24","page","type-page","status-publish","hentry"],"yoast_head":"<!-- This site is optimized with the Yoast SEO plugin v27.3 - https:\/\/yoast.com\/product\/yoast-seo-wordpress\/ -->\n<title>FAQ - Atelier Ypsilon<\/title>\n<meta name=\"robots\" content=\"index, follow, max-snippet:-1, max-image-preview:large, max-video-preview:-1\" \/>\n<link rel=\"canonical\" href=\"https:\/\/atelierypsilon.com\/en\/faq\/\" \/>\n<meta property=\"og:locale\" content=\"en_GB\" \/>\n<meta property=\"og:type\" content=\"article\" \/>\n<meta property=\"og:title\" content=\"FAQ - Atelier Ypsilon\" \/>\n<meta property=\"og:description\" content=\"FAQ 1. Comment puis-je t\u00e9l\u00e9charger les patrons que j&rsquo;ai achet\u00e9s en format PDF ? Pour t\u00e9l\u00e9charger les patrons en format PDF que vous avez achet\u00e9s, suivez ces \u00e9tapes :&#8211; Connectez-vous \u00e0 votre compte sur notre site web.&#8211; Acc\u00e9dez \u00e0 la section \u00ab\u00a0Mes T\u00e9l\u00e9chargements\u00a0\u00bb.&#8211; Cliquez sur le lien de t\u00e9l\u00e9chargement du patron.&#8211; Le fichier PDF sera [&hellip;]\" \/>\n<meta property=\"og:url\" content=\"https:\/\/atelierypsilon.com\/en\/faq\/\" \/>\n<meta property=\"og:site_name\" content=\"Atelier Ypsilon\" \/>\n<meta property=\"article:modified_time\" content=\"2023-09-18T15:32:17+00:00\" \/>\n<meta name=\"twitter:card\" content=\"summary_large_image\" \/>\n<meta name=\"twitter:label1\" content=\"Estimated reading time\" \/>\n\t<meta name=\"twitter:data1\" content=\"2 minutes\" \/>\n<script type=\"application\/ld+json\" class=\"yoast-schema-graph\">{\"@context\":\"https:\\\/\\\/schema.org\",\"@graph\":[{\"@type\":\"WebPage\",\"@id\":\"https:\\\/\\\/atelierypsilon.com\\\/en\\\/faq\\\/\",\"url\":\"https:\\\/\\\/atelierypsilon.com\\\/en\\\/faq\\\/\",\"name\":\"FAQ - Atelier Ypsilon\",\"isPartOf\":{\"@id\":\"https:\\\/\\\/atelierypsilon.com\\\/en\\\/#website\"},\"datePublished\":\"2023-08-10T15:40:46+00:00\",\"dateModified\":\"2023-09-18T15:32:17+00:00\",\"breadcrumb\":{\"@id\":\"https:\\\/\\\/atelierypsilon.com\\\/en\\\/faq\\\/#breadcrumb\"},\"inLanguage\":\"en-GB\",\"potentialAction\":[{\"@type\":\"ReadAction\",\"target\":[\"https:\\\/\\\/atelierypsilon.com\\\/en\\\/faq\\\/\"]}]},{\"@type\":\"BreadcrumbList\",\"@id\":\"https:\\\/\\\/atelierypsilon.com\\\/en\\\/faq\\\/#breadcrumb\",\"itemListElement\":[{\"@type\":\"ListItem\",\"position\":1,\"name\":\"Accueil\",\"item\":\"https:\\\/\\\/atelierypsilon.com\\\/\"},{\"@type\":\"ListItem\",\"position\":2,\"name\":\"FAQ\"}]},{\"@type\":\"WebSite\",\"@id\":\"https:\\\/\\\/atelierypsilon.com\\\/en\\\/#website\",\"url\":\"https:\\\/\\\/atelierypsilon.com\\\/en\\\/\",\"name\":\"Atelier Ypsilon\",\"description\":\"\",\"publisher\":{\"@id\":\"https:\\\/\\\/atelierypsilon.com\\\/en\\\/#organization\"},\"potentialAction\":[{\"@type\":\"SearchAction\",\"target\":{\"@type\":\"EntryPoint\",\"urlTemplate\":\"https:\\\/\\\/atelierypsilon.com\\\/en\\\/?s={search_term_string}\"},\"query-input\":{\"@type\":\"PropertyValueSpecification\",\"valueRequired\":true,\"valueName\":\"search_term_string\"}}],\"inLanguage\":\"en-GB\"},{\"@type\":\"Organization\",\"@id\":\"https:\\\/\\\/atelierypsilon.com\\\/en\\\/#organization\",\"name\":\"Atelier Ypsilon\",\"url\":\"https:\\\/\\\/atelierypsilon.com\\\/en\\\/\",\"logo\":{\"@type\":\"ImageObject\",\"inLanguage\":\"en-GB\",\"@id\":\"https:\\\/\\\/atelierypsilon.com\\\/en\\\/#\\\/schema\\\/logo\\\/image\\\/\",\"url\":\"https:\\\/\\\/atelierypsilon.com\\\/wp-content\\\/uploads\\\/2023\\\/08\\\/AY-Logo2022_ay2-1.png\",\"contentUrl\":\"https:\\\/\\\/atelierypsilon.com\\\/wp-content\\\/uploads\\\/2023\\\/08\\\/AY-Logo2022_ay2-1.png\",\"width\":1000,\"height\":250,\"caption\":\"Atelier Ypsilon\"},\"image\":{\"@id\":\"https:\\\/\\\/atelierypsilon.com\\\/en\\\/#\\\/schema\\\/logo\\\/image\\\/\"},\"sameAs\":[\"https:\\\/\\\/www.instagram.com\\\/atelier.ypsilon_patterns\\\/\"]}]}<\/script>\n<!-- \/ Yoast SEO plugin. -->","yoast_head_json":{"title":"FAQ - Atelier Ypsilon","robots":{"index":"index","follow":"follow","max-snippet":"max-snippet:-1","max-image-preview":"max-image-preview:large","max-video-preview":"max-video-preview:-1"},"canonical":"https:\/\/atelierypsilon.com\/en\/faq\/","og_locale":"en_GB","og_type":"article","og_title":"FAQ - Atelier Ypsilon","og_description":"FAQ 1. Comment puis-je t\u00e9l\u00e9charger les patrons que j&rsquo;ai achet\u00e9s en format PDF ? Pour t\u00e9l\u00e9charger les patrons en format PDF que vous avez achet\u00e9s, suivez ces \u00e9tapes :&#8211; Connectez-vous \u00e0 votre compte sur notre site web.&#8211; Acc\u00e9dez \u00e0 la section \u00ab\u00a0Mes T\u00e9l\u00e9chargements\u00a0\u00bb.&#8211; Cliquez sur le lien de t\u00e9l\u00e9chargement du patron.&#8211; Le fichier PDF sera [&hellip;]","og_url":"https:\/\/atelierypsilon.com\/en\/faq\/","og_site_name":"Atelier Ypsilon","article_modified_time":"2023-09-18T15:32:17+00:00","twitter_card":"summary_large_image","twitter_misc":{"Estimated reading time":"2 minutes"},"schema":{"@context":"https:\/\/schema.org","@graph":[{"@type":"WebPage","@id":"https:\/\/atelierypsilon.com\/en\/faq\/","url":"https:\/\/atelierypsilon.com\/en\/faq\/","name":"FAQ - Atelier Ypsilon","isPartOf":{"@id":"https:\/\/atelierypsilon.com\/en\/#website"},"datePublished":"2023-08-10T15:40:46+00:00","dateModified":"2023-09-18T15:32:17+00:00","breadcrumb":{"@id":"https:\/\/atelierypsilon.com\/en\/faq\/#breadcrumb"},"inLanguage":"en-GB","potentialAction":[{"@type":"ReadAction","target":["https:\/\/atelierypsilon.com\/en\/faq\/"]}]},{"@type":"BreadcrumbList","@id":"https:\/\/atelierypsilon.com\/en\/faq\/#breadcrumb","itemListElement":[{"@type":"ListItem","position":1,"name":"Accueil","item":"https:\/\/atelierypsilon.com\/"},{"@type":"ListItem","position":2,"name":"FAQ"}]},{"@type":"WebSite","@id":"https:\/\/atelierypsilon.com\/en\/#website","url":"https:\/\/atelierypsilon.com\/en\/","name":"Atelier Ypsilon","description":"","publisher":{"@id":"https:\/\/atelierypsilon.com\/en\/#organization"},"potentialAction":[{"@type":"SearchAction","target":{"@type":"EntryPoint","urlTemplate":"https:\/\/atelierypsilon.com\/en\/?s={search_term_string}"},"query-input":{"@type":"PropertyValueSpecification","valueRequired":true,"valueName":"search_term_string"}}],"inLanguage":"en-GB"},{"@type":"Organization","@id":"https:\/\/atelierypsilon.com\/en\/#organization","name":"Atelier Ypsilon","url":"https:\/\/atelierypsilon.com\/en\/","logo":{"@type":"ImageObject","inLanguage":"en-GB","@id":"https:\/\/atelierypsilon.com\/en\/#\/schema\/logo\/image\/","url":"https:\/\/atelierypsilon.com\/wp-content\/uploads\/2023\/08\/AY-Logo2022_ay2-1.png","contentUrl":"https:\/\/atelierypsilon.com\/wp-content\/uploads\/2023\/08\/AY-Logo2022_ay2-1.png","width":1000,"height":250,"caption":"Atelier Ypsilon"},"image":{"@id":"https:\/\/atelierypsilon.com\/en\/#\/schema\/logo\/image\/"},"sameAs":["https:\/\/www.instagram.com\/atelier.ypsilon_patterns\/"]}]}},"jetpack_sharing_enabled":true,"_links":{"self":[{"href":"https:\/\/atelierypsilon.com\/en\/wp-json\/wp\/v2\/pages\/24","targetHints":{"allow":["GET"]}}],"collection":[{"href":"https:\/\/atelierypsilon.com\/en\/wp-json\/wp\/v2\/pages"}],"about":[{"href":"https:\/\/atelierypsilon.com\/en\/wp-json\/wp\/v2\/types\/page"}],"author":[{"embeddable":true,"href":"https:\/\/atelierypsilon.com\/en\/wp-json\/wp\/v2\/users\/1"}],"replies":[{"embeddable":true,"href":"https:\/\/atelierypsilon.com\/en\/wp-json\/wp\/v2\/comments?post=24"}],"version-history":[{"count":4,"href":"https:\/\/atelierypsilon.com\/en\/wp-json\/wp\/v2\/pages\/24\/revisions"}],"predecessor-version":[{"id":882,"href":"https:\/\/atelierypsilon.com\/en\/wp-json\/wp\/v2\/pages\/24\/revisions\/882"}],"wp:attachment":[{"href":"https:\/\/atelierypsilon.com\/en\/wp-json\/wp\/v2\/media?parent=24"}],"curies":[{"name":"wp","href":"https:\/\/api.w.org\/{rel}","templated":true}]}}