{"id":18,"date":"2023-08-10T15:40:46","date_gmt":"2023-08-10T15:40:46","guid":{"rendered":"http:\/\/atelierypsilon.local\/?page_id=18"},"modified":"2023-09-19T21:09:08","modified_gmt":"2023-09-19T21:09:08","slug":"a-propos","status":"publish","type":"page","link":"https:\/\/atelierypsilon.com\/en\/a-propos\/","title":{"rendered":"About"},"content":{"rendered":"<div data-elementor-type=\"wp-page\" data-elementor-id=\"18\" class=\"elementor elementor-18\" data-elementor-post-type=\"page\">\n\t\t\t\t<div class=\"elementor-element elementor-element-7e5c52e e-flex e-con-boxed e-con e-parent\" data-id=\"7e5c52e\" data-element_type=\"container\" data-e-type=\"container\">\n\t\t\t\t\t<div class=\"e-con-inner\">\n\t\t<div class=\"elementor-element elementor-element-2b6004c e-con-full e-flex e-con e-child\" data-id=\"2b6004c\" data-element_type=\"container\" data-e-type=\"container\" data-settings=\"{&quot;background_background&quot;:&quot;classic&quot;}\">\n\t\t\t\t<div class=\"elementor-element elementor-element-4afdccf elementor-widget elementor-widget-heading\" data-id=\"4afdccf\" data-element_type=\"widget\" data-e-type=\"widget\" data-widget_type=\"heading.default\">\n\t\t\t\t<div class=\"elementor-widget-container\">\n\t\t\t\t\t<h3 class=\"elementor-heading-title elementor-size-default\">Atelier Ypsilon, qu'est-ce que c'est ?<\/h3>\t\t\t\t<\/div>\n\t\t\t\t<\/div>\n\t\t\t\t<div class=\"elementor-element elementor-element-9d203de elementor-widget elementor-widget-text-editor\" data-id=\"9d203de\" data-element_type=\"widget\" data-e-type=\"widget\" data-widget_type=\"text-editor.default\">\n\t\t\t\t<div class=\"elementor-widget-container\">\n\t\t\t\t\t\t\t\t\t<p><em>C&rsquo;est le d\u00e9sir de progresser apr\u00e8s une profonde introspection, un d\u00e9fi personnel et professionnel visant \u00e0 trouver son chemin vers l&rsquo;\u00e9l\u00e9gance et l&rsquo;art de vivre.<\/em><\/p><p>Je me nomme Yolaine, la cr\u00e9atrice derri\u00e8re la marque <strong>Atelier Ypsilon<\/strong>. Styliste-mod\u00e9liste de formation, j&rsquo;ai toujours aspir\u00e9 \u00e0 cr\u00e9er de mes propres mains et \u00e0 tirer fiert\u00e9 de mon succ\u00e8s dans le domaine de la mode, qui me passionne profond\u00e9ment. Sur le plan personnel, j&rsquo;ai entrepris un voyage de d\u00e9couverte de moi-m\u00eame, un travail quotidien qui, aujourd&rsquo;hui, m&rsquo;a conduit \u00e0 une destination clairement d\u00e9finie. Bien que la route ne soit pas enti\u00e8rement trac\u00e9e, les points de rep\u00e8re sont solidement en place. Le point fixe le plus important de ma carri\u00e8re est, sans aucun doute, <strong>Atelier Ypsilon<\/strong>.<\/p><p>\u00c0 travers Atelier Ypsilon, mon d\u00e9sir est de vous transmettre ma passion pour la mode et la couture, ainsi que le plaisir du partage et de l&rsquo;enseignement. Je souhaite vous faire d\u00e9couvrir mon parcours \u00e0 la d\u00e9couverte des valeurs d&rsquo;antan et comment elles se transmettent \u00e0 travers le monde de la mode. Mon objectif est d&rsquo;ajouter cette touche unique \u00e0 votre garde-robe, celle qui suscitera des r\u00e9actions admiratives de votre entourage. Je veux vous apporter la fiert\u00e9 de poss\u00e9der de magnifiques v\u00eatements cr\u00e9\u00e9s et con\u00e7us consciencieusement, avec soin et <strong>amour<\/strong>.<\/p>\t\t\t\t\t\t\t\t<\/div>\n\t\t\t\t<\/div>\n\t\t\t\t<div class=\"elementor-element elementor-element-739a8c0 elementor-blockquote--skin-quotation elementor-blockquote--align-right elementor-widget elementor-widget-blockquote\" data-id=\"739a8c0\" data-element_type=\"widget\" data-e-type=\"widget\" data-widget_type=\"blockquote.default\">\n\t\t\t\t<div class=\"elementor-widget-container\">\n\t\t\t\t\t\t\t<blockquote class=\"elementor-blockquote\">\n\t\t\t<p class=\"elementor-blockquote__content\">\n\t\t\t\tAtelier Ypsilon, c'est ma mani\u00e8re de partager avec vous tout l'amour que je porte \u00e0 la mode.\t\t\t<\/p>\n\t\t\t\t\t\t\t<div class=\"e-q-footer\">\n\t\t\t\t\t\t\t\t\t\t\t<cite class=\"elementor-blockquote__author\">Yolaine LUCAS<\/cite>\n\t\t\t\t\t\t\t\t\t\t\t\t\t\t<\/div>\n\t\t\t\t\t<\/blockquote>\n\t\t\t\t\t\t<\/div>\n\t\t\t\t<\/div>\n\t\t\t\t<\/div>\n\t\t<div class=\"elementor-element elementor-element-dfa032f e-flex e-con-boxed e-con e-child\" data-id=\"dfa032f\" data-element_type=\"container\" data-e-type=\"container\">\n\t\t\t\t\t<div class=\"e-con-inner\">\n\t\t\t\t<div class=\"elementor-element elementor-element-2b4a261 elementor-widget__width-auto elementor-widget elementor-widget-image\" data-id=\"2b4a261\" data-element_type=\"widget\" data-e-type=\"widget\" data-widget_type=\"image.default\">\n\t\t\t\t<div class=\"elementor-widget-container\">\n\t\t\t\t\t\t\t\t\t\t\t\t\t\t\t<img loading=\"lazy\" decoding=\"async\" width=\"653\" height=\"695\" src=\"https:\/\/atelierypsilon.com\/wp-content\/uploads\/2023\/09\/IMG_20230918_182122.jpg\" class=\"attachment-full size-full wp-image-901\" alt=\"\" srcset=\"https:\/\/atelierypsilon.com\/wp-content\/uploads\/2023\/09\/IMG_20230918_182122.jpg 653w, https:\/\/atelierypsilon.com\/wp-content\/uploads\/2023\/09\/IMG_20230918_182122-282x300.jpg 282w, https:\/\/atelierypsilon.com\/wp-content\/uploads\/2023\/09\/IMG_20230918_182122-300x319.jpg 300w, https:\/\/atelierypsilon.com\/wp-content\/uploads\/2023\/09\/IMG_20230918_182122-600x639.jpg 600w\" sizes=\"auto, (max-width: 653px) 100vw, 653px\" \/>\t\t\t\t\t\t\t\t\t\t\t\t\t\t\t<\/div>\n\t\t\t\t<\/div>\n\t\t\t\t\t<\/div>\n\t\t\t\t<\/div>\n\t\t\t\t\t<\/div>\n\t\t\t\t<\/div>\n\t\t<div class=\"elementor-element elementor-element-5fd4589 e-flex e-con-boxed e-con e-parent\" data-id=\"5fd4589\" data-element_type=\"container\" data-e-type=\"container\">\n\t\t\t\t\t<div class=\"e-con-inner\">\n\t\t\t\t<div class=\"elementor-element elementor-element-0cf892e elementor-widget elementor-widget-spacer\" data-id=\"0cf892e\" data-element_type=\"widget\" data-e-type=\"widget\" data-widget_type=\"spacer.default\">\n\t\t\t\t<div class=\"elementor-widget-container\">\n\t\t\t\t\t\t\t<div class=\"elementor-spacer\">\n\t\t\t<div class=\"elementor-spacer-inner\"><\/div>\n\t\t<\/div>\n\t\t\t\t\t\t<\/div>\n\t\t\t\t<\/div>\n\t\t\t\t\t<\/div>\n\t\t\t\t<\/div>\n\t\t\t\t<\/div>","protected":false},"excerpt":{"rendered":"<p>Atelier Ypsilon, qu&rsquo;est-ce que c&rsquo;est ? C&rsquo;est le d\u00e9sir de progresser apr\u00e8s une profonde introspection, un d\u00e9fi personnel et professionnel visant \u00e0 trouver son chemin vers l&rsquo;\u00e9l\u00e9gance et l&rsquo;art de vivre. Je me nomme Yolaine, la cr\u00e9atrice derri\u00e8re la marque Atelier Ypsilon. Styliste-mod\u00e9liste de formation, j&rsquo;ai toujours aspir\u00e9 \u00e0 cr\u00e9er de mes propres mains et [&hellip;]<\/p>\n","protected":false},"author":1,"featured_media":0,"parent":0,"menu_order":0,"comment_status":"closed","ping_status":"closed","template":"","meta":{"_angie_page":false,"jetpack_post_was_ever_published":false,"footnotes":""},"class_list":["post-18","page","type-page","status-publish","hentry"],"yoast_head":"<!-- This site is optimized with the Yoast SEO plugin v27.4 - https:\/\/yoast.com\/product\/yoast-seo-wordpress\/ -->\n<title>A propos - Atelier Ypsilon<\/title>\n<meta name=\"robots\" content=\"index, follow, max-snippet:-1, max-image-preview:large, max-video-preview:-1\" \/>\n<link rel=\"canonical\" href=\"https:\/\/atelierypsilon.com\/en\/a-propos\/\" \/>\n<meta property=\"og:locale\" content=\"en_GB\" \/>\n<meta property=\"og:type\" content=\"article\" \/>\n<meta property=\"og:title\" content=\"A propos - Atelier Ypsilon\" \/>\n<meta property=\"og:description\" content=\"Atelier Ypsilon, qu&rsquo;est-ce que c&rsquo;est ? C&rsquo;est le d\u00e9sir de progresser apr\u00e8s une profonde introspection, un d\u00e9fi personnel et professionnel visant \u00e0 trouver son chemin vers l&rsquo;\u00e9l\u00e9gance et l&rsquo;art de vivre. Je me nomme Yolaine, la cr\u00e9atrice derri\u00e8re la marque Atelier Ypsilon. Styliste-mod\u00e9liste de formation, j&rsquo;ai toujours aspir\u00e9 \u00e0 cr\u00e9er de mes propres mains et [&hellip;]\" \/>\n<meta property=\"og:url\" content=\"https:\/\/atelierypsilon.com\/en\/a-propos\/\" \/>\n<meta property=\"og:site_name\" content=\"Atelier Ypsilon\" \/>\n<meta property=\"article:modified_time\" content=\"2023-09-19T21:09:08+00:00\" \/>\n<meta property=\"og:image\" content=\"https:\/\/atelierypsilon.com\/wp-content\/uploads\/2023\/09\/IMG_20230918_182122.jpg\" \/>\n<meta name=\"twitter:card\" content=\"summary_large_image\" \/>\n<meta name=\"twitter:label1\" content=\"Estimated reading time\" \/>\n\t<meta name=\"twitter:data1\" content=\"1 minute\" \/>\n<script type=\"application\/ld+json\" class=\"yoast-schema-graph\">{\"@context\":\"https:\\\/\\\/schema.org\",\"@graph\":[{\"@type\":\"WebPage\",\"@id\":\"https:\\\/\\\/atelierypsilon.com\\\/en\\\/a-propos\\\/\",\"url\":\"https:\\\/\\\/atelierypsilon.com\\\/en\\\/a-propos\\\/\",\"name\":\"A propos - Atelier Ypsilon\",\"isPartOf\":{\"@id\":\"https:\\\/\\\/atelierypsilon.com\\\/en\\\/#website\"},\"primaryImageOfPage\":{\"@id\":\"https:\\\/\\\/atelierypsilon.com\\\/en\\\/a-propos\\\/#primaryimage\"},\"image\":{\"@id\":\"https:\\\/\\\/atelierypsilon.com\\\/en\\\/a-propos\\\/#primaryimage\"},\"thumbnailUrl\":\"https:\\\/\\\/atelierypsilon.com\\\/wp-content\\\/uploads\\\/2023\\\/09\\\/IMG_20230918_182122.jpg\",\"datePublished\":\"2023-08-10T15:40:46+00:00\",\"dateModified\":\"2023-09-19T21:09:08+00:00\",\"breadcrumb\":{\"@id\":\"https:\\\/\\\/atelierypsilon.com\\\/en\\\/a-propos\\\/#breadcrumb\"},\"inLanguage\":\"en-GB\",\"potentialAction\":[{\"@type\":\"ReadAction\",\"target\":[\"https:\\\/\\\/atelierypsilon.com\\\/en\\\/a-propos\\\/\"]}]},{\"@type\":\"ImageObject\",\"inLanguage\":\"en-GB\",\"@id\":\"https:\\\/\\\/atelierypsilon.com\\\/en\\\/a-propos\\\/#primaryimage\",\"url\":\"https:\\\/\\\/atelierypsilon.com\\\/wp-content\\\/uploads\\\/2023\\\/09\\\/IMG_20230918_182122.jpg\",\"contentUrl\":\"https:\\\/\\\/atelierypsilon.com\\\/wp-content\\\/uploads\\\/2023\\\/09\\\/IMG_20230918_182122.jpg\"},{\"@type\":\"BreadcrumbList\",\"@id\":\"https:\\\/\\\/atelierypsilon.com\\\/en\\\/a-propos\\\/#breadcrumb\",\"itemListElement\":[{\"@type\":\"ListItem\",\"position\":1,\"name\":\"Accueil\",\"item\":\"https:\\\/\\\/atelierypsilon.com\\\/\"},{\"@type\":\"ListItem\",\"position\":2,\"name\":\"A propos\"}]},{\"@type\":\"WebSite\",\"@id\":\"https:\\\/\\\/atelierypsilon.com\\\/en\\\/#website\",\"url\":\"https:\\\/\\\/atelierypsilon.com\\\/en\\\/\",\"name\":\"Atelier Ypsilon\",\"description\":\"\",\"publisher\":{\"@id\":\"https:\\\/\\\/atelierypsilon.com\\\/en\\\/#organization\"},\"potentialAction\":[{\"@type\":\"SearchAction\",\"target\":{\"@type\":\"EntryPoint\",\"urlTemplate\":\"https:\\\/\\\/atelierypsilon.com\\\/en\\\/?s={search_term_string}\"},\"query-input\":{\"@type\":\"PropertyValueSpecification\",\"valueRequired\":true,\"valueName\":\"search_term_string\"}}],\"inLanguage\":\"en-GB\"},{\"@type\":\"Organization\",\"@id\":\"https:\\\/\\\/atelierypsilon.com\\\/en\\\/#organization\",\"name\":\"Atelier Ypsilon\",\"url\":\"https:\\\/\\\/atelierypsilon.com\\\/en\\\/\",\"logo\":{\"@type\":\"ImageObject\",\"inLanguage\":\"en-GB\",\"@id\":\"https:\\\/\\\/atelierypsilon.com\\\/en\\\/#\\\/schema\\\/logo\\\/image\\\/\",\"url\":\"https:\\\/\\\/atelierypsilon.com\\\/wp-content\\\/uploads\\\/2023\\\/08\\\/AY-Logo2022_ay2-1.png\",\"contentUrl\":\"https:\\\/\\\/atelierypsilon.com\\\/wp-content\\\/uploads\\\/2023\\\/08\\\/AY-Logo2022_ay2-1.png\",\"width\":1000,\"height\":250,\"caption\":\"Atelier Ypsilon\"},\"image\":{\"@id\":\"https:\\\/\\\/atelierypsilon.com\\\/en\\\/#\\\/schema\\\/logo\\\/image\\\/\"},\"sameAs\":[\"https:\\\/\\\/www.instagram.com\\\/atelier.ypsilon_patterns\\\/\"]}]}<\/script>\n<!-- \/ Yoast SEO plugin. -->","yoast_head_json":{"title":"A propos - Atelier Ypsilon","robots":{"index":"index","follow":"follow","max-snippet":"max-snippet:-1","max-image-preview":"max-image-preview:large","max-video-preview":"max-video-preview:-1"},"canonical":"https:\/\/atelierypsilon.com\/en\/a-propos\/","og_locale":"en_GB","og_type":"article","og_title":"A propos - Atelier Ypsilon","og_description":"Atelier Ypsilon, qu&rsquo;est-ce que c&rsquo;est ? C&rsquo;est le d\u00e9sir de progresser apr\u00e8s une profonde introspection, un d\u00e9fi personnel et professionnel visant \u00e0 trouver son chemin vers l&rsquo;\u00e9l\u00e9gance et l&rsquo;art de vivre. Je me nomme Yolaine, la cr\u00e9atrice derri\u00e8re la marque Atelier Ypsilon. Styliste-mod\u00e9liste de formation, j&rsquo;ai toujours aspir\u00e9 \u00e0 cr\u00e9er de mes propres mains et [&hellip;]","og_url":"https:\/\/atelierypsilon.com\/en\/a-propos\/","og_site_name":"Atelier Ypsilon","article_modified_time":"2023-09-19T21:09:08+00:00","og_image":[{"url":"https:\/\/atelierypsilon.com\/wp-content\/uploads\/2023\/09\/IMG_20230918_182122.jpg","type":"","width":"","height":""}],"twitter_card":"summary_large_image","twitter_misc":{"Estimated reading time":"1 minute"},"schema":{"@context":"https:\/\/schema.org","@graph":[{"@type":"WebPage","@id":"https:\/\/atelierypsilon.com\/en\/a-propos\/","url":"https:\/\/atelierypsilon.com\/en\/a-propos\/","name":"A propos - Atelier Ypsilon","isPartOf":{"@id":"https:\/\/atelierypsilon.com\/en\/#website"},"primaryImageOfPage":{"@id":"https:\/\/atelierypsilon.com\/en\/a-propos\/#primaryimage"},"image":{"@id":"https:\/\/atelierypsilon.com\/en\/a-propos\/#primaryimage"},"thumbnailUrl":"https:\/\/atelierypsilon.com\/wp-content\/uploads\/2023\/09\/IMG_20230918_182122.jpg","datePublished":"2023-08-10T15:40:46+00:00","dateModified":"2023-09-19T21:09:08+00:00","breadcrumb":{"@id":"https:\/\/atelierypsilon.com\/en\/a-propos\/#breadcrumb"},"inLanguage":"en-GB","potentialAction":[{"@type":"ReadAction","target":["https:\/\/atelierypsilon.com\/en\/a-propos\/"]}]},{"@type":"ImageObject","inLanguage":"en-GB","@id":"https:\/\/atelierypsilon.com\/en\/a-propos\/#primaryimage","url":"https:\/\/atelierypsilon.com\/wp-content\/uploads\/2023\/09\/IMG_20230918_182122.jpg","contentUrl":"https:\/\/atelierypsilon.com\/wp-content\/uploads\/2023\/09\/IMG_20230918_182122.jpg"},{"@type":"BreadcrumbList","@id":"https:\/\/atelierypsilon.com\/en\/a-propos\/#breadcrumb","itemListElement":[{"@type":"ListItem","position":1,"name":"Accueil","item":"https:\/\/atelierypsilon.com\/"},{"@type":"ListItem","position":2,"name":"A propos"}]},{"@type":"WebSite","@id":"https:\/\/atelierypsilon.com\/en\/#website","url":"https:\/\/atelierypsilon.com\/en\/","name":"Atelier Ypsilon","description":"","publisher":{"@id":"https:\/\/atelierypsilon.com\/en\/#organization"},"potentialAction":[{"@type":"SearchAction","target":{"@type":"EntryPoint","urlTemplate":"https:\/\/atelierypsilon.com\/en\/?s={search_term_string}"},"query-input":{"@type":"PropertyValueSpecification","valueRequired":true,"valueName":"search_term_string"}}],"inLanguage":"en-GB"},{"@type":"Organization","@id":"https:\/\/atelierypsilon.com\/en\/#organization","name":"Atelier Ypsilon","url":"https:\/\/atelierypsilon.com\/en\/","logo":{"@type":"ImageObject","inLanguage":"en-GB","@id":"https:\/\/atelierypsilon.com\/en\/#\/schema\/logo\/image\/","url":"https:\/\/atelierypsilon.com\/wp-content\/uploads\/2023\/08\/AY-Logo2022_ay2-1.png","contentUrl":"https:\/\/atelierypsilon.com\/wp-content\/uploads\/2023\/08\/AY-Logo2022_ay2-1.png","width":1000,"height":250,"caption":"Atelier Ypsilon"},"image":{"@id":"https:\/\/atelierypsilon.com\/en\/#\/schema\/logo\/image\/"},"sameAs":["https:\/\/www.instagram.com\/atelier.ypsilon_patterns\/"]}]}},"jetpack_sharing_enabled":true,"_links":{"self":[{"href":"https:\/\/atelierypsilon.com\/en\/wp-json\/wp\/v2\/pages\/18","targetHints":{"allow":["GET"]}}],"collection":[{"href":"https:\/\/atelierypsilon.com\/en\/wp-json\/wp\/v2\/pages"}],"about":[{"href":"https:\/\/atelierypsilon.com\/en\/wp-json\/wp\/v2\/types\/page"}],"author":[{"embeddable":true,"href":"https:\/\/atelierypsilon.com\/en\/wp-json\/wp\/v2\/users\/1"}],"replies":[{"embeddable":true,"href":"https:\/\/atelierypsilon.com\/en\/wp-json\/wp\/v2\/comments?post=18"}],"version-history":[{"count":81,"href":"https:\/\/atelierypsilon.com\/en\/wp-json\/wp\/v2\/pages\/18\/revisions"}],"predecessor-version":[{"id":1561,"href":"https:\/\/atelierypsilon.com\/en\/wp-json\/wp\/v2\/pages\/18\/revisions\/1561"}],"wp:attachment":[{"href":"https:\/\/atelierypsilon.com\/en\/wp-json\/wp\/v2\/media?parent=18"}],"curies":[{"name":"wp","href":"https:\/\/api.w.org\/{rel}","templated":true}]}}